{"id":1048,"date":"2022-05-07T17:22:57","date_gmt":"2022-05-07T15:22:57","guid":{"rendered":"https:\/\/majolietruffe.fr\/?post_type=product&#038;p=1048"},"modified":"2022-10-29T16:53:39","modified_gmt":"2022-10-29T14:53:39","slug":"totebag-mom","status":"publish","type":"product","link":"https:\/\/majolietruffe.fr\/index.php\/produit\/totebag-mom\/","title":{"rendered":"Totebag Mom"},"content":{"rendered":"<p>Le <strong>totebag Mom<\/strong> vous accompagnera dans tous vos d\u00e9placements ! L\u00e9ger, il sera tr\u00e8s pratique pour votre shopping ou pour transporter les affaires de votre animal.<\/p>\n<p>Nos sacs sont <strong>100% coton et imprim\u00e9s en France<\/strong>. Le type d&rsquo;impression est num\u00e9rique, ce qui permet un <strong>rendu de haute qualit\u00e9.<\/strong><\/p>\n<p>Le d\u00e9lai de livraison est de <strong>10 \u00e0 15 jours environ,<\/strong> selon le stock disponible.<\/p>\n<p>Le lavage est possible \u00e0 la main uniquement, le repassage se fait sur l&rsquo;envers. Ma Jolie Truffe ne pourrait \u00eatre tenue responsable en cas de d\u00e9gradation suite \u00e0 un lavage.<\/p>\n<p>Envie d&rsquo;un sac<strong> plus grand et plus r\u00e9sistant<\/strong> ? Retrouvez \u00e9galement le <strong><a href=\"https:\/\/majolietruffe.fr\/index.php\/produit\/cabas-mom\/\">cabas Mom<\/a>.<\/strong><\/p>\n<p>Des questions ? Contactez-moi via le formulaire <a href=\"https:\/\/majolietruffe.fr\/index.php\/contact\/\">Contact<\/a> ou par mail : <a href=\"mailto:contact@majolietruffe.fr\">contact@majolietruffe.fr<\/a><\/p>\n<p>&nbsp;<\/p>\n","protected":false},"excerpt":{"rendered":"<ul>\n<li>Plusieurs versions : Dog Mom, Cat Mom, Bunny Mom, Horse Mom<\/li>\n<li>100% coton 340 g\/m\u00b2<\/li>\n<li>Peut \u00eatre port\u00e9 \u00e0 la main ou sur l&rsquo;\u00e9paule<\/li>\n<li>Longueur de l&rsquo;anse : 67 cm<\/li>\n<li>Contenance : 10L<\/li>\n<li>Dimensions : 42 x 38 cm<\/li>\n<\/ul>\n","protected":false},"featured_media":1049,"comment_status":"open","ping_status":"closed","template":"","meta":{"site-sidebar-layout":"default","site-content-layout":"boxed-container","ast-site-content-layout":"default","site-content-style":"default","site-sidebar-style":"default","ast-global-header-display":"","ast-banner-title-visibility":"","ast-main-header-display":"","ast-hfb-above-header-display":"","ast-hfb-below-header-display":"","ast-hfb-mobile-header-display":"","site-post-title":"","ast-breadcrumbs-content":"","ast-featured-img":"","footer-sml-layout":"","ast-disable-related-posts":"","theme-transparent-header-meta":"default","adv-header-id-meta":"","stick-header-meta":"","header-above-stick-meta":"","header-main-stick-meta":"","header-below-stick-meta":"","astra-migrate-meta-layouts":"default","ast-page-background-enabled":"default","ast-page-background-meta":{"desktop":{"background-color":"var(--ast-global-color-4)","background-image":"","background-repeat":"repeat","background-position":"center center","background-size":"auto","background-attachment":"scroll","background-type":"","background-media":"","overlay-type":"","overlay-color":"","overlay-opacity":"","overlay-gradient":""},"tablet":{"background-color":"","background-image":"","background-repeat":"repeat","background-position":"center center","background-size":"auto","background-attachment":"scroll","background-type":"","background-media":"","overlay-type":"","overlay-color":"","overlay-opacity":"","overlay-gradient":""},"mobile":{"background-color":"","background-image":"","background-repeat":"repeat","background-position":"center center","background-size":"auto","background-attachment":"scroll","background-type":"","background-media":"","overlay-type":"","overlay-color":"","overlay-opacity":"","overlay-gradient":""}},"ast-content-background-meta":{"desktop":{"background-color":"var(--ast-global-color-5)","background-image":"","background-repeat":"repeat","background-position":"center center","background-size":"auto","background-attachment":"scroll","background-type":"","background-media":"","overlay-type":"","overlay-color":"","overlay-opacity":"","overlay-gradient":""},"tablet":{"background-color":"var(--ast-global-color-5)","background-image":"","background-repeat":"repeat","background-position":"center center","background-size":"auto","background-attachment":"scroll","background-type":"","background-media":"","overlay-type":"","overlay-color":"","overlay-opacity":"","overlay-gradient":""},"mobile":{"background-color":"var(--ast-global-color-5)","background-image":"","background-repeat":"repeat","background-position":"center center","background-size":"auto","background-attachment":"scroll","background-type":"","background-media":"","overlay-type":"","overlay-color":"","overlay-opacity":"","overlay-gradient":""}},"ngg_post_thumbnail":0},"product_cat":[35],"product_tag":[42],"yoast_head":"<!-- This site is optimized with the Yoast SEO plugin v24.4 - https:\/\/yoast.com\/wordpress\/plugins\/seo\/ -->\n<title>Totebag Mom - Ma Jolie Truffe<\/title>\n<meta name=\"description\" content=\"Le totebag Mom vous accompagnera dans tous vos d\u00e9placements ! D\u2019une grande contenance, il sera tr\u00e8s pratique pour votre shopping.\" \/>\n<meta name=\"robots\" content=\"index, follow, max-snippet:-1, max-image-preview:large, max-video-preview:-1\" \/>\n<link rel=\"canonical\" href=\"https:\/\/majolietruffe.fr\/index.php\/produit\/totebag-mom\/\" \/>\n<meta property=\"og:locale\" content=\"fr_FR\" \/>\n<meta property=\"og:type\" content=\"article\" \/>\n<meta property=\"og:title\" content=\"Totebag Mom - Ma Jolie Truffe\" \/>\n<meta property=\"og:description\" content=\"Le totebag Mom vous accompagnera dans tous vos d\u00e9placements ! D\u2019une grande contenance, il sera tr\u00e8s pratique pour votre shopping.\" \/>\n<meta property=\"og:url\" content=\"https:\/\/majolietruffe.fr\/index.php\/produit\/totebag-mom\/\" \/>\n<meta property=\"og:site_name\" content=\"Ma Jolie Truffe\" \/>\n<meta property=\"article:modified_time\" content=\"2022-10-29T14:53:39+00:00\" \/>\n<meta property=\"og:image\" content=\"https:\/\/majolietruffe.fr\/wp-content\/uploads\/2022\/05\/mode\u0300le_totebag_v4.jpg\" \/>\n\t<meta property=\"og:image:width\" content=\"693\" \/>\n\t<meta property=\"og:image:height\" content=\"693\" \/>\n\t<meta property=\"og:image:type\" content=\"image\/jpeg\" \/>\n<meta name=\"twitter:card\" content=\"summary_large_image\" \/>\n<meta name=\"twitter:label1\" content=\"Dur\u00e9e de lecture estim\u00e9e\" \/>\n\t<meta name=\"twitter:data1\" content=\"1 minute\" \/>\n<script type=\"application\/ld+json\" class=\"yoast-schema-graph\">{\"@context\":\"https:\/\/schema.org\",\"@graph\":[{\"@type\":\"WebPage\",\"@id\":\"https:\/\/majolietruffe.fr\/index.php\/produit\/totebag-mom\/\",\"url\":\"https:\/\/majolietruffe.fr\/index.php\/produit\/totebag-mom\/\",\"name\":\"Totebag Mom - Ma Jolie Truffe\",\"isPartOf\":{\"@id\":\"https:\/\/majolietruffe.fr\/#website\"},\"primaryImageOfPage\":{\"@id\":\"https:\/\/majolietruffe.fr\/index.php\/produit\/totebag-mom\/#primaryimage\"},\"image\":{\"@id\":\"https:\/\/majolietruffe.fr\/index.php\/produit\/totebag-mom\/#primaryimage\"},\"thumbnailUrl\":\"https:\/\/majolietruffe.fr\/wp-content\/uploads\/2022\/05\/mode\u0300le_totebag_v4.jpg\",\"datePublished\":\"2022-05-07T15:22:57+00:00\",\"dateModified\":\"2022-10-29T14:53:39+00:00\",\"description\":\"Le totebag Mom vous accompagnera dans tous vos d\u00e9placements ! D\u2019une grande contenance, il sera tr\u00e8s pratique pour votre shopping.\",\"breadcrumb\":{\"@id\":\"https:\/\/majolietruffe.fr\/index.php\/produit\/totebag-mom\/#breadcrumb\"},\"inLanguage\":\"fr-FR\",\"potentialAction\":[{\"@type\":\"ReadAction\",\"target\":[\"https:\/\/majolietruffe.fr\/index.php\/produit\/totebag-mom\/\"]}]},{\"@type\":\"ImageObject\",\"inLanguage\":\"fr-FR\",\"@id\":\"https:\/\/majolietruffe.fr\/index.php\/produit\/totebag-mom\/#primaryimage\",\"url\":\"https:\/\/majolietruffe.fr\/wp-content\/uploads\/2022\/05\/mode\u0300le_totebag_v4.jpg\",\"contentUrl\":\"https:\/\/majolietruffe.fr\/wp-content\/uploads\/2022\/05\/mode\u0300le_totebag_v4.jpg\",\"width\":693,\"height\":693},{\"@type\":\"BreadcrumbList\",\"@id\":\"https:\/\/majolietruffe.fr\/index.php\/produit\/totebag-mom\/#breadcrumb\",\"itemListElement\":[{\"@type\":\"ListItem\",\"position\":1,\"name\":\"Accueil\",\"item\":\"https:\/\/majolietruffe.fr\/\"},{\"@type\":\"ListItem\",\"position\":2,\"name\":\"Boutique\",\"item\":\"https:\/\/majolietruffe.fr\/index.php\/boutique-dillustrations-et-objets-personnalises\/\"},{\"@type\":\"ListItem\",\"position\":3,\"name\":\"Totebag Mom\"}]},{\"@type\":\"WebSite\",\"@id\":\"https:\/\/majolietruffe.fr\/#website\",\"url\":\"https:\/\/majolietruffe.fr\/\",\"name\":\"Ma Jolie Truffe\",\"description\":\"Portraits &amp; objets personnalis\u00e9s\",\"publisher\":{\"@id\":\"https:\/\/majolietruffe.fr\/#organization\"},\"potentialAction\":[{\"@type\":\"SearchAction\",\"target\":{\"@type\":\"EntryPoint\",\"urlTemplate\":\"https:\/\/majolietruffe.fr\/?s={search_term_string}\"},\"query-input\":{\"@type\":\"PropertyValueSpecification\",\"valueRequired\":true,\"valueName\":\"search_term_string\"}}],\"inLanguage\":\"fr-FR\"},{\"@type\":\"Organization\",\"@id\":\"https:\/\/majolietruffe.fr\/#organization\",\"name\":\"Ma Jolie Truffe\",\"url\":\"https:\/\/majolietruffe.fr\/\",\"logo\":{\"@type\":\"ImageObject\",\"inLanguage\":\"fr-FR\",\"@id\":\"https:\/\/majolietruffe.fr\/#\/schema\/logo\/image\/\",\"url\":\"https:\/\/majolietruffe.fr\/wp-content\/uploads\/2022\/01\/cropped-logo-04.png\",\"contentUrl\":\"https:\/\/majolietruffe.fr\/wp-content\/uploads\/2022\/01\/cropped-logo-04.png\",\"width\":620,\"height\":620,\"caption\":\"Ma Jolie Truffe\"},\"image\":{\"@id\":\"https:\/\/majolietruffe.fr\/#\/schema\/logo\/image\/\"}}]}<\/script>\n<!-- \/ Yoast SEO plugin. -->","yoast_head_json":{"title":"Totebag Mom - Ma Jolie Truffe","description":"Le totebag Mom vous accompagnera dans tous vos d\u00e9placements ! D\u2019une grande contenance, il sera tr\u00e8s pratique pour votre shopping.","robots":{"index":"index","follow":"follow","max-snippet":"max-snippet:-1","max-image-preview":"max-image-preview:large","max-video-preview":"max-video-preview:-1"},"canonical":"https:\/\/majolietruffe.fr\/index.php\/produit\/totebag-mom\/","og_locale":"fr_FR","og_type":"article","og_title":"Totebag Mom - Ma Jolie Truffe","og_description":"Le totebag Mom vous accompagnera dans tous vos d\u00e9placements ! D\u2019une grande contenance, il sera tr\u00e8s pratique pour votre shopping.","og_url":"https:\/\/majolietruffe.fr\/index.php\/produit\/totebag-mom\/","og_site_name":"Ma Jolie Truffe","article_modified_time":"2022-10-29T14:53:39+00:00","og_image":[{"width":693,"height":693,"url":"https:\/\/majolietruffe.fr\/wp-content\/uploads\/2022\/05\/mode\u0300le_totebag_v4.jpg","type":"image\/jpeg"}],"twitter_card":"summary_large_image","twitter_misc":{"Dur\u00e9e de lecture estim\u00e9e":"1 minute"},"schema":{"@context":"https:\/\/schema.org","@graph":[{"@type":"WebPage","@id":"https:\/\/majolietruffe.fr\/index.php\/produit\/totebag-mom\/","url":"https:\/\/majolietruffe.fr\/index.php\/produit\/totebag-mom\/","name":"Totebag Mom - Ma Jolie Truffe","isPartOf":{"@id":"https:\/\/majolietruffe.fr\/#website"},"primaryImageOfPage":{"@id":"https:\/\/majolietruffe.fr\/index.php\/produit\/totebag-mom\/#primaryimage"},"image":{"@id":"https:\/\/majolietruffe.fr\/index.php\/produit\/totebag-mom\/#primaryimage"},"thumbnailUrl":"https:\/\/majolietruffe.fr\/wp-content\/uploads\/2022\/05\/mode\u0300le_totebag_v4.jpg","datePublished":"2022-05-07T15:22:57+00:00","dateModified":"2022-10-29T14:53:39+00:00","description":"Le totebag Mom vous accompagnera dans tous vos d\u00e9placements ! D\u2019une grande contenance, il sera tr\u00e8s pratique pour votre shopping.","breadcrumb":{"@id":"https:\/\/majolietruffe.fr\/index.php\/produit\/totebag-mom\/#breadcrumb"},"inLanguage":"fr-FR","potentialAction":[{"@type":"ReadAction","target":["https:\/\/majolietruffe.fr\/index.php\/produit\/totebag-mom\/"]}]},{"@type":"ImageObject","inLanguage":"fr-FR","@id":"https:\/\/majolietruffe.fr\/index.php\/produit\/totebag-mom\/#primaryimage","url":"https:\/\/majolietruffe.fr\/wp-content\/uploads\/2022\/05\/mode\u0300le_totebag_v4.jpg","contentUrl":"https:\/\/majolietruffe.fr\/wp-content\/uploads\/2022\/05\/mode\u0300le_totebag_v4.jpg","width":693,"height":693},{"@type":"BreadcrumbList","@id":"https:\/\/majolietruffe.fr\/index.php\/produit\/totebag-mom\/#breadcrumb","itemListElement":[{"@type":"ListItem","position":1,"name":"Accueil","item":"https:\/\/majolietruffe.fr\/"},{"@type":"ListItem","position":2,"name":"Boutique","item":"https:\/\/majolietruffe.fr\/index.php\/boutique-dillustrations-et-objets-personnalises\/"},{"@type":"ListItem","position":3,"name":"Totebag Mom"}]},{"@type":"WebSite","@id":"https:\/\/majolietruffe.fr\/#website","url":"https:\/\/majolietruffe.fr\/","name":"Ma Jolie Truffe","description":"Portraits &amp; objets personnalis\u00e9s","publisher":{"@id":"https:\/\/majolietruffe.fr\/#organization"},"potentialAction":[{"@type":"SearchAction","target":{"@type":"EntryPoint","urlTemplate":"https:\/\/majolietruffe.fr\/?s={search_term_string}"},"query-input":{"@type":"PropertyValueSpecification","valueRequired":true,"valueName":"search_term_string"}}],"inLanguage":"fr-FR"},{"@type":"Organization","@id":"https:\/\/majolietruffe.fr\/#organization","name":"Ma Jolie Truffe","url":"https:\/\/majolietruffe.fr\/","logo":{"@type":"ImageObject","inLanguage":"fr-FR","@id":"https:\/\/majolietruffe.fr\/#\/schema\/logo\/image\/","url":"https:\/\/majolietruffe.fr\/wp-content\/uploads\/2022\/01\/cropped-logo-04.png","contentUrl":"https:\/\/majolietruffe.fr\/wp-content\/uploads\/2022\/01\/cropped-logo-04.png","width":620,"height":620,"caption":"Ma Jolie Truffe"},"image":{"@id":"https:\/\/majolietruffe.fr\/#\/schema\/logo\/image\/"}}]}},"jetpack_sharing_enabled":true,"_links":{"self":[{"href":"https:\/\/majolietruffe.fr\/index.php\/wp-json\/wp\/v2\/product\/1048"}],"collection":[{"href":"https:\/\/majolietruffe.fr\/index.php\/wp-json\/wp\/v2\/product"}],"about":[{"href":"https:\/\/majolietruffe.fr\/index.php\/wp-json\/wp\/v2\/types\/product"}],"replies":[{"embeddable":true,"href":"https:\/\/majolietruffe.fr\/index.php\/wp-json\/wp\/v2\/comments?post=1048"}],"wp:featuredmedia":[{"embeddable":true,"href":"https:\/\/majolietruffe.fr\/index.php\/wp-json\/wp\/v2\/media\/1049"}],"wp:attachment":[{"href":"https:\/\/majolietruffe.fr\/index.php\/wp-json\/wp\/v2\/media?parent=1048"}],"wp:term":[{"taxonomy":"product_cat","embeddable":true,"href":"https:\/\/majolietruffe.fr\/index.php\/wp-json\/wp\/v2\/product_cat?post=1048"},{"taxonomy":"product_tag","embeddable":true,"href":"https:\/\/majolietruffe.fr\/index.php\/wp-json\/wp\/v2\/product_tag?post=1048"}],"curies":[{"name":"wp","href":"https:\/\/api.w.org\/{rel}","templated":true}]}}