{"id":1109,"date":"2022-05-05T16:47:22","date_gmt":"2022-05-05T14:47:22","guid":{"rendered":"https:\/\/majolietruffe.fr\/?post_type=product&#038;p=1109"},"modified":"2023-01-07T17:02:03","modified_gmt":"2023-01-07T16:02:03","slug":"t-shirt-femme-mom","status":"publish","type":"product","link":"https:\/\/majolietruffe.fr\/index.php\/produit\/t-shirt-femme-mom\/","title":{"rendered":"T-shirt femme Mom"},"content":{"rendered":"<p>D\u00e9couvrez le <strong>t-shirt femme Mom,<\/strong> avec une coupe tendance et ajust\u00e9e. Avec son toucher tout doux il est extr\u00eamement <strong>confortable<\/strong>. <strong>\u00c9pais et r\u00e9sistant,<\/strong> il poss\u00e8de des finitions de qualit\u00e9.<\/p>\n<p>Nos t-shirts sont <strong>100% coton <\/strong>et <strong>imprim\u00e9s en France.<\/strong> Le type d\u2019impression est <strong>num\u00e9rique<\/strong>, ce qui permet un&nbsp;<strong>rendu de haute qualit\u00e9.<\/strong><\/p>\n<p>Le d\u00e9lai de livraison est de <strong>10 \u00e0 15 jours environ,<\/strong> selon le stock disponible.<\/p>\n<p>Lavez le t-shirt \u00e0 l&rsquo;envers \u00e0 <strong>30\u00b0C maximum<\/strong>. Pas de s\u00e8che-linge. un s\u00e9chage sur fil est pr\u00e9f\u00e9rable. Si besoin, <strong>repassez&nbsp;\u00e0 l&rsquo;envers<\/strong> et \u00e0 temp\u00e9rature moyenne, sans vapeur. Ma Jolie Truffe ne pourrait \u00eatre tenue responsable en cas de d\u00e9gradation suite \u00e0 un lavage.<\/p>\n<p>Envie d&rsquo;un t-shirt avec une <strong>coupe plus ample<\/strong> ? Choisissez le <strong><a href=\"https:\/\/majolietruffe.fr\/index.php\/produit\/tshirt-mixte-mom-dad\/\">t-shirt mixte Mom\/Dad<\/a>.<\/strong><\/p>\n<p>Des questions ? Contactez-moi via le formulaire <a href=\"https:\/\/majolietruffe.fr\/index.php\/contact\/\">Contact<\/a> ou par mail : <a href=\"mailto:contact@majolietruffe.fr\">contact@majolietruffe.fr<\/a><\/p>\n<p>&nbsp;<\/p>\n","protected":false},"excerpt":{"rendered":"<ul>\n<li>100% coton<\/li>\n<li>Grammage de 160g\/m2, l\u00e9ger et r\u00e9sistant<\/li>\n<li>Manches courtes<\/li>\n<li>Col rond<\/li>\n<li>Coupe ajust\u00e9e<\/li>\n<\/ul>\n","protected":false},"featured_media":1118,"comment_status":"open","ping_status":"closed","template":"","meta":{"site-sidebar-layout":"default","site-content-layout":"boxed-container","ast-site-content-layout":"default","site-content-style":"default","site-sidebar-style":"default","ast-global-header-display":"","ast-banner-title-visibility":"","ast-main-header-display":"","ast-hfb-above-header-display":"","ast-hfb-below-header-display":"","ast-hfb-mobile-header-display":"","site-post-title":"","ast-breadcrumbs-content":"","ast-featured-img":"","footer-sml-layout":"","ast-disable-related-posts":"","theme-transparent-header-meta":"default","adv-header-id-meta":"","stick-header-meta":"","header-above-stick-meta":"","header-main-stick-meta":"","header-below-stick-meta":"","astra-migrate-meta-layouts":"default","ast-page-background-enabled":"default","ast-page-background-meta":{"desktop":{"background-color":"var(--ast-global-color-4)","background-image":"","background-repeat":"repeat","background-position":"center center","background-size":"auto","background-attachment":"scroll","background-type":"","background-media":"","overlay-type":"","overlay-color":"","overlay-opacity":"","overlay-gradient":""},"tablet":{"background-color":"","background-image":"","background-repeat":"repeat","background-position":"center center","background-size":"auto","background-attachment":"scroll","background-type":"","background-media":"","overlay-type":"","overlay-color":"","overlay-opacity":"","overlay-gradient":""},"mobile":{"background-color":"","background-image":"","background-repeat":"repeat","background-position":"center center","background-size":"auto","background-attachment":"scroll","background-type":"","background-media":"","overlay-type":"","overlay-color":"","overlay-opacity":"","overlay-gradient":""}},"ast-content-background-meta":{"desktop":{"background-color":"var(--ast-global-color-5)","background-image":"","background-repeat":"repeat","background-position":"center center","background-size":"auto","background-attachment":"scroll","background-type":"","background-media":"","overlay-type":"","overlay-color":"","overlay-opacity":"","overlay-gradient":""},"tablet":{"background-color":"var(--ast-global-color-5)","background-image":"","background-repeat":"repeat","background-position":"center center","background-size":"auto","background-attachment":"scroll","background-type":"","background-media":"","overlay-type":"","overlay-color":"","overlay-opacity":"","overlay-gradient":""},"mobile":{"background-color":"var(--ast-global-color-5)","background-image":"","background-repeat":"repeat","background-position":"center center","background-size":"auto","background-attachment":"scroll","background-type":"","background-media":"","overlay-type":"","overlay-color":"","overlay-opacity":"","overlay-gradient":""}},"ngg_post_thumbnail":0},"product_cat":[35],"product_tag":[41],"yoast_head":"<!-- This site is optimized with the Yoast SEO plugin v24.4 - https:\/\/yoast.com\/wordpress\/plugins\/seo\/ -->\n<title>T-shirt femme Mom - Ma Jolie Truffe<\/title>\n<meta name=\"description\" content=\"D\u00e9couvrez le t-shirt femme Mom, avec une coupe tendance et un toucher tout doux. \u00c9pais et r\u00e9sistant, il poss\u00e8de des finitions de qualit\u00e9.\" \/>\n<meta name=\"robots\" content=\"index, follow, max-snippet:-1, max-image-preview:large, max-video-preview:-1\" \/>\n<link rel=\"canonical\" href=\"https:\/\/majolietruffe.fr\/index.php\/produit\/t-shirt-femme-mom\/\" \/>\n<meta property=\"og:locale\" content=\"fr_FR\" \/>\n<meta property=\"og:type\" content=\"article\" \/>\n<meta property=\"og:title\" content=\"T-shirt femme Mom - Ma Jolie Truffe\" \/>\n<meta property=\"og:description\" content=\"D\u00e9couvrez le t-shirt femme Mom, avec une coupe tendance et un toucher tout doux. \u00c9pais et r\u00e9sistant, il poss\u00e8de des finitions de qualit\u00e9.\" \/>\n<meta property=\"og:url\" content=\"https:\/\/majolietruffe.fr\/index.php\/produit\/t-shirt-femme-mom\/\" \/>\n<meta property=\"og:site_name\" content=\"Ma Jolie Truffe\" \/>\n<meta property=\"article:modified_time\" content=\"2023-01-07T16:02:03+00:00\" \/>\n<meta property=\"og:image\" content=\"https:\/\/majolietruffe.fr\/wp-content\/uploads\/2022\/05\/mode\u0300le_tshirt_femme_v2.jpg\" \/>\n\t<meta property=\"og:image:width\" content=\"634\" \/>\n\t<meta property=\"og:image:height\" content=\"634\" \/>\n\t<meta property=\"og:image:type\" content=\"image\/jpeg\" \/>\n<meta name=\"twitter:card\" content=\"summary_large_image\" \/>\n<meta name=\"twitter:label1\" content=\"Dur\u00e9e de lecture estim\u00e9e\" \/>\n\t<meta name=\"twitter:data1\" content=\"1 minute\" \/>\n<script type=\"application\/ld+json\" class=\"yoast-schema-graph\">{\"@context\":\"https:\/\/schema.org\",\"@graph\":[{\"@type\":\"WebPage\",\"@id\":\"https:\/\/majolietruffe.fr\/index.php\/produit\/t-shirt-femme-mom\/\",\"url\":\"https:\/\/majolietruffe.fr\/index.php\/produit\/t-shirt-femme-mom\/\",\"name\":\"T-shirt femme Mom - Ma Jolie Truffe\",\"isPartOf\":{\"@id\":\"https:\/\/majolietruffe.fr\/#website\"},\"primaryImageOfPage\":{\"@id\":\"https:\/\/majolietruffe.fr\/index.php\/produit\/t-shirt-femme-mom\/#primaryimage\"},\"image\":{\"@id\":\"https:\/\/majolietruffe.fr\/index.php\/produit\/t-shirt-femme-mom\/#primaryimage\"},\"thumbnailUrl\":\"https:\/\/majolietruffe.fr\/wp-content\/uploads\/2022\/05\/mode\u0300le_tshirt_femme_v2.jpg\",\"datePublished\":\"2022-05-05T14:47:22+00:00\",\"dateModified\":\"2023-01-07T16:02:03+00:00\",\"description\":\"D\u00e9couvrez le t-shirt femme Mom, avec une coupe tendance et un toucher tout doux. \u00c9pais et r\u00e9sistant, il poss\u00e8de des finitions de qualit\u00e9.\",\"breadcrumb\":{\"@id\":\"https:\/\/majolietruffe.fr\/index.php\/produit\/t-shirt-femme-mom\/#breadcrumb\"},\"inLanguage\":\"fr-FR\",\"potentialAction\":[{\"@type\":\"ReadAction\",\"target\":[\"https:\/\/majolietruffe.fr\/index.php\/produit\/t-shirt-femme-mom\/\"]}]},{\"@type\":\"ImageObject\",\"inLanguage\":\"fr-FR\",\"@id\":\"https:\/\/majolietruffe.fr\/index.php\/produit\/t-shirt-femme-mom\/#primaryimage\",\"url\":\"https:\/\/majolietruffe.fr\/wp-content\/uploads\/2022\/05\/mode\u0300le_tshirt_femme_v2.jpg\",\"contentUrl\":\"https:\/\/majolietruffe.fr\/wp-content\/uploads\/2022\/05\/mode\u0300le_tshirt_femme_v2.jpg\",\"width\":634,\"height\":634},{\"@type\":\"BreadcrumbList\",\"@id\":\"https:\/\/majolietruffe.fr\/index.php\/produit\/t-shirt-femme-mom\/#breadcrumb\",\"itemListElement\":[{\"@type\":\"ListItem\",\"position\":1,\"name\":\"Accueil\",\"item\":\"https:\/\/majolietruffe.fr\/\"},{\"@type\":\"ListItem\",\"position\":2,\"name\":\"Boutique\",\"item\":\"https:\/\/majolietruffe.fr\/index.php\/boutique-dillustrations-et-objets-personnalises\/\"},{\"@type\":\"ListItem\",\"position\":3,\"name\":\"T-shirt femme Mom\"}]},{\"@type\":\"WebSite\",\"@id\":\"https:\/\/majolietruffe.fr\/#website\",\"url\":\"https:\/\/majolietruffe.fr\/\",\"name\":\"Ma Jolie Truffe\",\"description\":\"Portraits &amp; objets personnalis\u00e9s\",\"publisher\":{\"@id\":\"https:\/\/majolietruffe.fr\/#organization\"},\"potentialAction\":[{\"@type\":\"SearchAction\",\"target\":{\"@type\":\"EntryPoint\",\"urlTemplate\":\"https:\/\/majolietruffe.fr\/?s={search_term_string}\"},\"query-input\":{\"@type\":\"PropertyValueSpecification\",\"valueRequired\":true,\"valueName\":\"search_term_string\"}}],\"inLanguage\":\"fr-FR\"},{\"@type\":\"Organization\",\"@id\":\"https:\/\/majolietruffe.fr\/#organization\",\"name\":\"Ma Jolie Truffe\",\"url\":\"https:\/\/majolietruffe.fr\/\",\"logo\":{\"@type\":\"ImageObject\",\"inLanguage\":\"fr-FR\",\"@id\":\"https:\/\/majolietruffe.fr\/#\/schema\/logo\/image\/\",\"url\":\"https:\/\/majolietruffe.fr\/wp-content\/uploads\/2022\/01\/cropped-logo-04.png\",\"contentUrl\":\"https:\/\/majolietruffe.fr\/wp-content\/uploads\/2022\/01\/cropped-logo-04.png\",\"width\":620,\"height\":620,\"caption\":\"Ma Jolie Truffe\"},\"image\":{\"@id\":\"https:\/\/majolietruffe.fr\/#\/schema\/logo\/image\/\"}}]}<\/script>\n<!-- \/ Yoast SEO plugin. -->","yoast_head_json":{"title":"T-shirt femme Mom - Ma Jolie Truffe","description":"D\u00e9couvrez le t-shirt femme Mom, avec une coupe tendance et un toucher tout doux. \u00c9pais et r\u00e9sistant, il poss\u00e8de des finitions de qualit\u00e9.","robots":{"index":"index","follow":"follow","max-snippet":"max-snippet:-1","max-image-preview":"max-image-preview:large","max-video-preview":"max-video-preview:-1"},"canonical":"https:\/\/majolietruffe.fr\/index.php\/produit\/t-shirt-femme-mom\/","og_locale":"fr_FR","og_type":"article","og_title":"T-shirt femme Mom - Ma Jolie Truffe","og_description":"D\u00e9couvrez le t-shirt femme Mom, avec une coupe tendance et un toucher tout doux. \u00c9pais et r\u00e9sistant, il poss\u00e8de des finitions de qualit\u00e9.","og_url":"https:\/\/majolietruffe.fr\/index.php\/produit\/t-shirt-femme-mom\/","og_site_name":"Ma Jolie Truffe","article_modified_time":"2023-01-07T16:02:03+00:00","og_image":[{"width":634,"height":634,"url":"https:\/\/majolietruffe.fr\/wp-content\/uploads\/2022\/05\/mode\u0300le_tshirt_femme_v2.jpg","type":"image\/jpeg"}],"twitter_card":"summary_large_image","twitter_misc":{"Dur\u00e9e de lecture estim\u00e9e":"1 minute"},"schema":{"@context":"https:\/\/schema.org","@graph":[{"@type":"WebPage","@id":"https:\/\/majolietruffe.fr\/index.php\/produit\/t-shirt-femme-mom\/","url":"https:\/\/majolietruffe.fr\/index.php\/produit\/t-shirt-femme-mom\/","name":"T-shirt femme Mom - Ma Jolie Truffe","isPartOf":{"@id":"https:\/\/majolietruffe.fr\/#website"},"primaryImageOfPage":{"@id":"https:\/\/majolietruffe.fr\/index.php\/produit\/t-shirt-femme-mom\/#primaryimage"},"image":{"@id":"https:\/\/majolietruffe.fr\/index.php\/produit\/t-shirt-femme-mom\/#primaryimage"},"thumbnailUrl":"https:\/\/majolietruffe.fr\/wp-content\/uploads\/2022\/05\/mode\u0300le_tshirt_femme_v2.jpg","datePublished":"2022-05-05T14:47:22+00:00","dateModified":"2023-01-07T16:02:03+00:00","description":"D\u00e9couvrez le t-shirt femme Mom, avec une coupe tendance et un toucher tout doux. \u00c9pais et r\u00e9sistant, il poss\u00e8de des finitions de qualit\u00e9.","breadcrumb":{"@id":"https:\/\/majolietruffe.fr\/index.php\/produit\/t-shirt-femme-mom\/#breadcrumb"},"inLanguage":"fr-FR","potentialAction":[{"@type":"ReadAction","target":["https:\/\/majolietruffe.fr\/index.php\/produit\/t-shirt-femme-mom\/"]}]},{"@type":"ImageObject","inLanguage":"fr-FR","@id":"https:\/\/majolietruffe.fr\/index.php\/produit\/t-shirt-femme-mom\/#primaryimage","url":"https:\/\/majolietruffe.fr\/wp-content\/uploads\/2022\/05\/mode\u0300le_tshirt_femme_v2.jpg","contentUrl":"https:\/\/majolietruffe.fr\/wp-content\/uploads\/2022\/05\/mode\u0300le_tshirt_femme_v2.jpg","width":634,"height":634},{"@type":"BreadcrumbList","@id":"https:\/\/majolietruffe.fr\/index.php\/produit\/t-shirt-femme-mom\/#breadcrumb","itemListElement":[{"@type":"ListItem","position":1,"name":"Accueil","item":"https:\/\/majolietruffe.fr\/"},{"@type":"ListItem","position":2,"name":"Boutique","item":"https:\/\/majolietruffe.fr\/index.php\/boutique-dillustrations-et-objets-personnalises\/"},{"@type":"ListItem","position":3,"name":"T-shirt femme Mom"}]},{"@type":"WebSite","@id":"https:\/\/majolietruffe.fr\/#website","url":"https:\/\/majolietruffe.fr\/","name":"Ma Jolie Truffe","description":"Portraits &amp; objets personnalis\u00e9s","publisher":{"@id":"https:\/\/majolietruffe.fr\/#organization"},"potentialAction":[{"@type":"SearchAction","target":{"@type":"EntryPoint","urlTemplate":"https:\/\/majolietruffe.fr\/?s={search_term_string}"},"query-input":{"@type":"PropertyValueSpecification","valueRequired":true,"valueName":"search_term_string"}}],"inLanguage":"fr-FR"},{"@type":"Organization","@id":"https:\/\/majolietruffe.fr\/#organization","name":"Ma Jolie Truffe","url":"https:\/\/majolietruffe.fr\/","logo":{"@type":"ImageObject","inLanguage":"fr-FR","@id":"https:\/\/majolietruffe.fr\/#\/schema\/logo\/image\/","url":"https:\/\/majolietruffe.fr\/wp-content\/uploads\/2022\/01\/cropped-logo-04.png","contentUrl":"https:\/\/majolietruffe.fr\/wp-content\/uploads\/2022\/01\/cropped-logo-04.png","width":620,"height":620,"caption":"Ma Jolie Truffe"},"image":{"@id":"https:\/\/majolietruffe.fr\/#\/schema\/logo\/image\/"}}]}},"jetpack_sharing_enabled":true,"_links":{"self":[{"href":"https:\/\/majolietruffe.fr\/index.php\/wp-json\/wp\/v2\/product\/1109"}],"collection":[{"href":"https:\/\/majolietruffe.fr\/index.php\/wp-json\/wp\/v2\/product"}],"about":[{"href":"https:\/\/majolietruffe.fr\/index.php\/wp-json\/wp\/v2\/types\/product"}],"replies":[{"embeddable":true,"href":"https:\/\/majolietruffe.fr\/index.php\/wp-json\/wp\/v2\/comments?post=1109"}],"wp:featuredmedia":[{"embeddable":true,"href":"https:\/\/majolietruffe.fr\/index.php\/wp-json\/wp\/v2\/media\/1118"}],"wp:attachment":[{"href":"https:\/\/majolietruffe.fr\/index.php\/wp-json\/wp\/v2\/media?parent=1109"}],"wp:term":[{"taxonomy":"product_cat","embeddable":true,"href":"https:\/\/majolietruffe.fr\/index.php\/wp-json\/wp\/v2\/product_cat?post=1109"},{"taxonomy":"product_tag","embeddable":true,"href":"https:\/\/majolietruffe.fr\/index.php\/wp-json\/wp\/v2\/product_tag?post=1109"}],"curies":[{"name":"wp","href":"https:\/\/api.w.org\/{rel}","templated":true}]}}