{"id":1520,"date":"2022-06-16T17:31:23","date_gmt":"2022-06-16T15:31:23","guid":{"rendered":"https:\/\/majolietruffe.fr\/?post_type=product&#038;p=1520"},"modified":"2024-12-28T11:12:37","modified_gmt":"2024-12-28T10:12:37","slug":"gamelle-personnalisee","status":"publish","type":"product","link":"https:\/\/majolietruffe.fr\/index.php\/produit\/gamelle-personnalisee\/","title":{"rendered":"Gamelle personnalis\u00e9e"},"content":{"rendered":"<p>Envie d&rsquo;une <strong>gamelle<\/strong>&nbsp;pour votre chat, votre chien ou encore votre lapin ? La<strong> gamelle personnalis\u00e9e <\/strong>est faite pour vous !<\/p>\n<h4>Un grand diam\u00e8tre<\/h4>\n<p>Disponible dans <strong>deux tailles diff\u00e9rentes,<\/strong> elle conviendra parfaitement \u00e0 votre chat ou \u00e0 votre chien. Celle du <strong>diam\u00e8tre de 15 cm<\/strong> conviendra plut\u00f4t \u00e0 un chat. D&rsquo;une grande largeur, elle \u00e9vite ainsi la <a href=\"https:\/\/maviedechat.net\/et-si-votre-chat-etait-victime-de-la-fatigue-des-moustaches\/#:~:text=Lorsque%20nos%20boules%20de%20poils,la%20%C2%AB%20fatigue%20des%20moustaches%20%C2%BB.\">fatigue des moustache.<\/a> Elle est aussi adapt\u00e9e \u00e0 un lapin ou \u00e0 un chien de petite taille. La gamelle de <strong>18 cm de diam\u00e8tre<\/strong> sera parfaite pour un chien de plus grande taille. Elle peut servir \u00e0 la fois pour <strong>l&rsquo;eau<\/strong> ou bien pour la <strong>nourriture<\/strong> (croquettes, p\u00e2t\u00e9es, etc.).<\/p>\n<h4>Design \u00e9l\u00e9gant<\/h4>\n<p>Les <strong>options<\/strong> pour cette gamelle personnalis\u00e9e sont multiples : <strong>4 polices<\/strong> propos\u00e9es et <strong>9 couleurs d&rsquo;\u00e9critures<\/strong> diff\u00e9rentes <strong>(m\u00e9talliques ou color\u00e9es)<\/strong>. Bien plus qu&rsquo;une simple gamelle, c&rsquo;est aussi un <strong>objet design<\/strong> qui aura toute sa place dans votre d\u00e9coration. Son <strong>originalit\u00e9<\/strong> la diff\u00e9rencie des autres gamelles vendues dans le commerce. Finie la gamelle classique, que tous les propri\u00e9taires d&rsquo;animaux ont dans leur cuisine. Votre animal aura le droit \u00e0 une <strong>gamelle \u00e9l\u00e9gante<\/strong> et personnalis\u00e9e \u00e0 son nom. <strong>R\u00e9sistante<\/strong> et de haute qualit\u00e9, la c\u00e9ramique permet notamment de lutter contre <a href=\"https:\/\/www.vetostore.com\/nos-conseils\/comment-soigner-l-acne-du-chat.html\">l&rsquo;acn\u00e9 du chat<\/a>, contrairement \u00e0 des mati\u00e8res moins nobles comme le plastique.&nbsp;<\/p>\n<h4>Lavage facile<\/h4>\n<p><strong>R\u00e9sistante \u00e0 l&rsquo;eau<\/strong><strong>,<\/strong> elle se lave facilement \u00e0 la main gr\u00e2ce \u00e0 sa surface lisse. Ainsi, les restes de nourritures ne restent pas coll\u00e9s et les bact\u00e9ries ne se d\u00e9veloppent pas.<\/p>\n<h4>Livraison<\/h4>\n<p>Je propose la livraison via La Poste ou Mondial Relay. Le d\u00e9lai de livraison est de <strong>2 semaines maximum,<\/strong> selon le stock disponible.<\/p>\n<h4>Suggestions<\/h4>\n<p>Besoin d&rsquo;un <strong>tapis<\/strong> pour poser votre gamelle ? D\u00e9couvrez le <a href=\"https:\/\/majolietruffe.fr\/index.php\/produit\/tapis-gamelle-personnalise\/\"><strong>tapis de gamelle personnalis\u00e9.<\/strong><\/a> Id\u00e9al pour tous les animaux gloutons, il peut recevoir la ou les gamelles de votre animal. Sa surface en PVC se nettoie facilement avec un coup d&rsquo;\u00e9ponge. Compl\u00e9tez votre commande avec la<a href=\"https:\/\/majolietruffe.fr\/index.php\/produit\/boite-croquettes-personnalisee\/\"><strong> bo\u00eete en c\u00e9ramique personnalis\u00e9e <\/strong><\/a>qui peut contenir des croquettes ou bien les friandises de votre animal.<\/p>\n<p>&nbsp;<\/p>\n","protected":false},"excerpt":{"rendered":"<ul>\n<li>Gamelle blanche avec vinyle adh\u00e9sif<\/li>\n<li>Choix d&rsquo;ic\u00f4ne, de la police et de la couleur (vinyle m\u00e9tallique ou color\u00e9)<\/li>\n<li>Moyen mod\u00e8le : 15 cm de diam\u00e8tre, 6 cm de hauteur (650 ml)<\/li>\n<li>Grand mod\u00e8le : 18 cm de diam\u00e8tre, 8 cm de hauteur (1100 ml)<\/li>\n<li>100% c\u00e9ramique<\/li>\n<li>Nettoyage facile<\/li>\n<\/ul>\n","protected":false},"featured_media":1528,"comment_status":"open","ping_status":"closed","template":"","meta":{"site-sidebar-layout":"no-sidebar","site-content-layout":"boxed-container","ast-site-content-layout":"normal-width-container","site-content-style":"boxed","site-sidebar-style":"boxed","ast-global-header-display":"","ast-banner-title-visibility":"","ast-main-header-display":"","ast-hfb-above-header-display":"","ast-hfb-below-header-display":"","ast-hfb-mobile-header-display":"","site-post-title":"","ast-breadcrumbs-content":"","ast-featured-img":"","footer-sml-layout":"","ast-disable-related-posts":"","theme-transparent-header-meta":"default","adv-header-id-meta":"","stick-header-meta":"","header-above-stick-meta":"","header-main-stick-meta":"","header-below-stick-meta":"","astra-migrate-meta-layouts":"set","ast-page-background-enabled":"default","ast-page-background-meta":{"desktop":{"background-color":"var(--ast-global-color-4)","background-image":"","background-repeat":"repeat","background-position":"center center","background-size":"auto","background-attachment":"scroll","background-type":"","background-media":"","overlay-type":"","overlay-color":"","overlay-opacity":"","overlay-gradient":""},"tablet":{"background-color":"","background-image":"","background-repeat":"repeat","background-position":"center center","background-size":"auto","background-attachment":"scroll","background-type":"","background-media":"","overlay-type":"","overlay-color":"","overlay-opacity":"","overlay-gradient":""},"mobile":{"background-color":"","background-image":"","background-repeat":"repeat","background-position":"center center","background-size":"auto","background-attachment":"scroll","background-type":"","background-media":"","overlay-type":"","overlay-color":"","overlay-opacity":"","overlay-gradient":""}},"ast-content-background-meta":{"desktop":{"background-color":"var(--ast-global-color-5)","background-image":"","background-repeat":"repeat","background-position":"center center","background-size":"auto","background-attachment":"scroll","background-type":"","background-media":"","overlay-type":"","overlay-color":"","overlay-opacity":"","overlay-gradient":""},"tablet":{"background-color":"var(--ast-global-color-5)","background-image":"","background-repeat":"repeat","background-position":"center center","background-size":"auto","background-attachment":"scroll","background-type":"","background-media":"","overlay-type":"","overlay-color":"","overlay-opacity":"","overlay-gradient":""},"mobile":{"background-color":"var(--ast-global-color-5)","background-image":"","background-repeat":"repeat","background-position":"center center","background-size":"auto","background-attachment":"scroll","background-type":"","background-media":"","overlay-type":"","overlay-color":"","overlay-opacity":"","overlay-gradient":""}},"ngg_post_thumbnail":0},"product_cat":[24,59],"product_tag":[51],"yoast_head":"<!-- This site is optimized with the Yoast SEO plugin v24.4 - https:\/\/yoast.com\/wordpress\/plugins\/seo\/ -->\n<title>Gamelle personnalis\u00e9e animal - Ma Jolie Truffe<\/title>\n<meta name=\"description\" content=\"Envie d&#039;un gamelle\u00a0pour votre chat, votre chien ou encore votre lapin ? La gamelle personnalis\u00e9e est faite pour vous ! Deux tailles disponibles.\" \/>\n<meta name=\"robots\" content=\"index, follow, max-snippet:-1, max-image-preview:large, max-video-preview:-1\" \/>\n<link rel=\"canonical\" href=\"https:\/\/majolietruffe.fr\/index.php\/produit\/gamelle-personnalisee\/\" \/>\n<meta property=\"og:locale\" content=\"fr_FR\" \/>\n<meta property=\"og:type\" content=\"article\" \/>\n<meta property=\"og:title\" content=\"Gamelle personnalis\u00e9e animal - Ma Jolie Truffe\" \/>\n<meta property=\"og:description\" content=\"Envie d&#039;un gamelle\u00a0pour votre chat, votre chien ou encore votre lapin ? La gamelle personnalis\u00e9e est faite pour vous ! Deux tailles disponibles.\" \/>\n<meta property=\"og:url\" content=\"https:\/\/majolietruffe.fr\/index.php\/produit\/gamelle-personnalisee\/\" \/>\n<meta property=\"og:site_name\" content=\"Ma Jolie Truffe\" \/>\n<meta property=\"article:modified_time\" content=\"2024-12-28T10:12:37+00:00\" \/>\n<meta property=\"og:image\" content=\"https:\/\/majolietruffe.fr\/wp-content\/uploads\/2022\/06\/gamelle_rouky.jpg\" \/>\n\t<meta property=\"og:image:width\" content=\"500\" \/>\n\t<meta property=\"og:image:height\" content=\"500\" \/>\n\t<meta property=\"og:image:type\" content=\"image\/jpeg\" \/>\n<meta name=\"twitter:card\" content=\"summary_large_image\" \/>\n<meta name=\"twitter:label1\" content=\"Dur\u00e9e de lecture estim\u00e9e\" \/>\n\t<meta name=\"twitter:data1\" content=\"2 minutes\" \/>\n<script type=\"application\/ld+json\" class=\"yoast-schema-graph\">{\"@context\":\"https:\/\/schema.org\",\"@graph\":[{\"@type\":\"WebPage\",\"@id\":\"https:\/\/majolietruffe.fr\/index.php\/produit\/gamelle-personnalisee\/\",\"url\":\"https:\/\/majolietruffe.fr\/index.php\/produit\/gamelle-personnalisee\/\",\"name\":\"Gamelle personnalis\u00e9e animal - Ma Jolie Truffe\",\"isPartOf\":{\"@id\":\"https:\/\/majolietruffe.fr\/#website\"},\"primaryImageOfPage\":{\"@id\":\"https:\/\/majolietruffe.fr\/index.php\/produit\/gamelle-personnalisee\/#primaryimage\"},\"image\":{\"@id\":\"https:\/\/majolietruffe.fr\/index.php\/produit\/gamelle-personnalisee\/#primaryimage\"},\"thumbnailUrl\":\"https:\/\/majolietruffe.fr\/wp-content\/uploads\/2022\/06\/gamelle_rouky.jpg\",\"datePublished\":\"2022-06-16T15:31:23+00:00\",\"dateModified\":\"2024-12-28T10:12:37+00:00\",\"description\":\"Envie d'un gamelle\u00a0pour votre chat, votre chien ou encore votre lapin ? La gamelle personnalis\u00e9e est faite pour vous ! Deux tailles disponibles.\",\"breadcrumb\":{\"@id\":\"https:\/\/majolietruffe.fr\/index.php\/produit\/gamelle-personnalisee\/#breadcrumb\"},\"inLanguage\":\"fr-FR\",\"potentialAction\":[{\"@type\":\"ReadAction\",\"target\":[\"https:\/\/majolietruffe.fr\/index.php\/produit\/gamelle-personnalisee\/\"]}]},{\"@type\":\"ImageObject\",\"inLanguage\":\"fr-FR\",\"@id\":\"https:\/\/majolietruffe.fr\/index.php\/produit\/gamelle-personnalisee\/#primaryimage\",\"url\":\"https:\/\/majolietruffe.fr\/wp-content\/uploads\/2022\/06\/gamelle_rouky.jpg\",\"contentUrl\":\"https:\/\/majolietruffe.fr\/wp-content\/uploads\/2022\/06\/gamelle_rouky.jpg\",\"width\":500,\"height\":500,\"caption\":\"gamelle personnalis\u00e9e\"},{\"@type\":\"BreadcrumbList\",\"@id\":\"https:\/\/majolietruffe.fr\/index.php\/produit\/gamelle-personnalisee\/#breadcrumb\",\"itemListElement\":[{\"@type\":\"ListItem\",\"position\":1,\"name\":\"Accueil\",\"item\":\"https:\/\/majolietruffe.fr\/\"},{\"@type\":\"ListItem\",\"position\":2,\"name\":\"Boutique\",\"item\":\"https:\/\/majolietruffe.fr\/index.php\/boutique-dillustrations-et-objets-personnalises\/\"},{\"@type\":\"ListItem\",\"position\":3,\"name\":\"Gamelle personnalis\u00e9e\"}]},{\"@type\":\"WebSite\",\"@id\":\"https:\/\/majolietruffe.fr\/#website\",\"url\":\"https:\/\/majolietruffe.fr\/\",\"name\":\"Ma Jolie Truffe\",\"description\":\"Portraits &amp; objets personnalis\u00e9s\",\"publisher\":{\"@id\":\"https:\/\/majolietruffe.fr\/#organization\"},\"potentialAction\":[{\"@type\":\"SearchAction\",\"target\":{\"@type\":\"EntryPoint\",\"urlTemplate\":\"https:\/\/majolietruffe.fr\/?s={search_term_string}\"},\"query-input\":{\"@type\":\"PropertyValueSpecification\",\"valueRequired\":true,\"valueName\":\"search_term_string\"}}],\"inLanguage\":\"fr-FR\"},{\"@type\":\"Organization\",\"@id\":\"https:\/\/majolietruffe.fr\/#organization\",\"name\":\"Ma Jolie Truffe\",\"url\":\"https:\/\/majolietruffe.fr\/\",\"logo\":{\"@type\":\"ImageObject\",\"inLanguage\":\"fr-FR\",\"@id\":\"https:\/\/majolietruffe.fr\/#\/schema\/logo\/image\/\",\"url\":\"https:\/\/majolietruffe.fr\/wp-content\/uploads\/2022\/01\/cropped-logo-04.png\",\"contentUrl\":\"https:\/\/majolietruffe.fr\/wp-content\/uploads\/2022\/01\/cropped-logo-04.png\",\"width\":620,\"height\":620,\"caption\":\"Ma Jolie Truffe\"},\"image\":{\"@id\":\"https:\/\/majolietruffe.fr\/#\/schema\/logo\/image\/\"}}]}<\/script>\n<!-- \/ Yoast SEO plugin. -->","yoast_head_json":{"title":"Gamelle personnalis\u00e9e animal - Ma Jolie Truffe","description":"Envie d'un gamelle\u00a0pour votre chat, votre chien ou encore votre lapin ? La gamelle personnalis\u00e9e est faite pour vous ! Deux tailles disponibles.","robots":{"index":"index","follow":"follow","max-snippet":"max-snippet:-1","max-image-preview":"max-image-preview:large","max-video-preview":"max-video-preview:-1"},"canonical":"https:\/\/majolietruffe.fr\/index.php\/produit\/gamelle-personnalisee\/","og_locale":"fr_FR","og_type":"article","og_title":"Gamelle personnalis\u00e9e animal - Ma Jolie Truffe","og_description":"Envie d'un gamelle\u00a0pour votre chat, votre chien ou encore votre lapin ? La gamelle personnalis\u00e9e est faite pour vous ! Deux tailles disponibles.","og_url":"https:\/\/majolietruffe.fr\/index.php\/produit\/gamelle-personnalisee\/","og_site_name":"Ma Jolie Truffe","article_modified_time":"2024-12-28T10:12:37+00:00","og_image":[{"width":500,"height":500,"url":"https:\/\/majolietruffe.fr\/wp-content\/uploads\/2022\/06\/gamelle_rouky.jpg","type":"image\/jpeg"}],"twitter_card":"summary_large_image","twitter_misc":{"Dur\u00e9e de lecture estim\u00e9e":"2 minutes"},"schema":{"@context":"https:\/\/schema.org","@graph":[{"@type":"WebPage","@id":"https:\/\/majolietruffe.fr\/index.php\/produit\/gamelle-personnalisee\/","url":"https:\/\/majolietruffe.fr\/index.php\/produit\/gamelle-personnalisee\/","name":"Gamelle personnalis\u00e9e animal - Ma Jolie Truffe","isPartOf":{"@id":"https:\/\/majolietruffe.fr\/#website"},"primaryImageOfPage":{"@id":"https:\/\/majolietruffe.fr\/index.php\/produit\/gamelle-personnalisee\/#primaryimage"},"image":{"@id":"https:\/\/majolietruffe.fr\/index.php\/produit\/gamelle-personnalisee\/#primaryimage"},"thumbnailUrl":"https:\/\/majolietruffe.fr\/wp-content\/uploads\/2022\/06\/gamelle_rouky.jpg","datePublished":"2022-06-16T15:31:23+00:00","dateModified":"2024-12-28T10:12:37+00:00","description":"Envie d'un gamelle\u00a0pour votre chat, votre chien ou encore votre lapin ? La gamelle personnalis\u00e9e est faite pour vous ! Deux tailles disponibles.","breadcrumb":{"@id":"https:\/\/majolietruffe.fr\/index.php\/produit\/gamelle-personnalisee\/#breadcrumb"},"inLanguage":"fr-FR","potentialAction":[{"@type":"ReadAction","target":["https:\/\/majolietruffe.fr\/index.php\/produit\/gamelle-personnalisee\/"]}]},{"@type":"ImageObject","inLanguage":"fr-FR","@id":"https:\/\/majolietruffe.fr\/index.php\/produit\/gamelle-personnalisee\/#primaryimage","url":"https:\/\/majolietruffe.fr\/wp-content\/uploads\/2022\/06\/gamelle_rouky.jpg","contentUrl":"https:\/\/majolietruffe.fr\/wp-content\/uploads\/2022\/06\/gamelle_rouky.jpg","width":500,"height":500,"caption":"gamelle personnalis\u00e9e"},{"@type":"BreadcrumbList","@id":"https:\/\/majolietruffe.fr\/index.php\/produit\/gamelle-personnalisee\/#breadcrumb","itemListElement":[{"@type":"ListItem","position":1,"name":"Accueil","item":"https:\/\/majolietruffe.fr\/"},{"@type":"ListItem","position":2,"name":"Boutique","item":"https:\/\/majolietruffe.fr\/index.php\/boutique-dillustrations-et-objets-personnalises\/"},{"@type":"ListItem","position":3,"name":"Gamelle personnalis\u00e9e"}]},{"@type":"WebSite","@id":"https:\/\/majolietruffe.fr\/#website","url":"https:\/\/majolietruffe.fr\/","name":"Ma Jolie Truffe","description":"Portraits &amp; objets personnalis\u00e9s","publisher":{"@id":"https:\/\/majolietruffe.fr\/#organization"},"potentialAction":[{"@type":"SearchAction","target":{"@type":"EntryPoint","urlTemplate":"https:\/\/majolietruffe.fr\/?s={search_term_string}"},"query-input":{"@type":"PropertyValueSpecification","valueRequired":true,"valueName":"search_term_string"}}],"inLanguage":"fr-FR"},{"@type":"Organization","@id":"https:\/\/majolietruffe.fr\/#organization","name":"Ma Jolie Truffe","url":"https:\/\/majolietruffe.fr\/","logo":{"@type":"ImageObject","inLanguage":"fr-FR","@id":"https:\/\/majolietruffe.fr\/#\/schema\/logo\/image\/","url":"https:\/\/majolietruffe.fr\/wp-content\/uploads\/2022\/01\/cropped-logo-04.png","contentUrl":"https:\/\/majolietruffe.fr\/wp-content\/uploads\/2022\/01\/cropped-logo-04.png","width":620,"height":620,"caption":"Ma Jolie Truffe"},"image":{"@id":"https:\/\/majolietruffe.fr\/#\/schema\/logo\/image\/"}}]}},"jetpack_sharing_enabled":true,"_links":{"self":[{"href":"https:\/\/majolietruffe.fr\/index.php\/wp-json\/wp\/v2\/product\/1520"}],"collection":[{"href":"https:\/\/majolietruffe.fr\/index.php\/wp-json\/wp\/v2\/product"}],"about":[{"href":"https:\/\/majolietruffe.fr\/index.php\/wp-json\/wp\/v2\/types\/product"}],"replies":[{"embeddable":true,"href":"https:\/\/majolietruffe.fr\/index.php\/wp-json\/wp\/v2\/comments?post=1520"}],"wp:featuredmedia":[{"embeddable":true,"href":"https:\/\/majolietruffe.fr\/index.php\/wp-json\/wp\/v2\/media\/1528"}],"wp:attachment":[{"href":"https:\/\/majolietruffe.fr\/index.php\/wp-json\/wp\/v2\/media?parent=1520"}],"wp:term":[{"taxonomy":"product_cat","embeddable":true,"href":"https:\/\/majolietruffe.fr\/index.php\/wp-json\/wp\/v2\/product_cat?post=1520"},{"taxonomy":"product_tag","embeddable":true,"href":"https:\/\/majolietruffe.fr\/index.php\/wp-json\/wp\/v2\/product_tag?post=1520"}],"curies":[{"name":"wp","href":"https:\/\/api.w.org\/{rel}","templated":true}]}}