{"id":1790,"date":"2022-07-10T16:05:47","date_gmt":"2022-07-10T14:05:47","guid":{"rendered":"https:\/\/majolietruffe.fr\/?post_type=product&#038;p=1790"},"modified":"2023-09-11T19:43:31","modified_gmt":"2023-09-11T17:43:31","slug":"trousse-vanity-personnalise-les-affaires","status":"publish","type":"product","link":"https:\/\/majolietruffe.fr\/index.php\/produit\/trousse-vanity-personnalise-les-affaires\/","title":{"rendered":"Trousse vanity \u00ab\u00a0Les affaires\u00a0\u00bb"},"content":{"rendered":"<p>Envie d&rsquo;un vanity unique ? La <strong>trousse<\/strong> <strong>vanity personnalis\u00e9e<\/strong> avec le <strong>nom de votre animal<\/strong> est fait pour vous ! Elle conviendra parfaitement \u00e0 un <strong>chat<\/strong>, un <strong>chien<\/strong> ou encore un <strong>lapin<\/strong>.<\/p>\n<h4>Jolie et pratique<\/h4>\n<p>D&rsquo;une grande contenance, elle est id\u00e9ale pour <strong>ranger<\/strong> ou <strong>transporter<\/strong> les diff\u00e9rentes affaires de votre animal. Sa capacit\u00e9 est de 5 litres et ses dimensions sont de 23x16x14cm. La trousse vanity personnalis\u00e9e peut par exemple servir pour ranger les <strong>affaires d&rsquo;hygi\u00e8ne<\/strong> telles que les brosses, shampoings, coupe-griffes, etc. Les vanity sont <strong>100% coton<\/strong> et <strong>imprim\u00e9s en France. <\/strong>Avec son <strong>\u00e9paisseur<\/strong> de 407 grammes, ce vanity r\u00e9sistera \u00e0 vos <strong>multiples voyages.<\/strong><\/p>\n<h4>Design<\/h4>\n<p>\u00c0 la fois&nbsp;<strong>pratique et design,<\/strong> vous aurez un joli objet de rangement pour votre animal. Sa couleur beige est neutre et plaira au plus grand nombre. Le papier <strong>flex thermocollant<\/strong> utilis\u00e9 pour le marquage de la trousse est de <strong>haute qualit\u00e9<\/strong>. La trousse vanity passe \u00e0 la machine \u00e0 basse temp\u00e9rature. De plus, elle peut se repasser sur l&rsquo;envers uniquement. D\u2019un<strong>&nbsp;esth\u00e9tique chic,<\/strong> cette trousse vanity personnalis\u00e9e plaira \u00e0 toutes les personnes organis\u00e9es \u00e9tant propri\u00e9taires d&rsquo;un animal.<\/p>\n<h4>Personnalisation<\/h4>\n<p>La personnalisation avec les mod\u00e8les propos\u00e9s est <strong>comprise<\/strong>&nbsp;dans le prix.&nbsp;<strong>Trois versions<\/strong>&nbsp;sont disponibles : version chien\/chat (patte), version lapin et version cheval (fer \u00e0 cheval). Vous pouvez choisir le&nbsp;<strong>coloris des ic\u00f4nes<\/strong> (noir, or ou argent) et mettre plusieurs noms sur la trousse. Les vari\u00e9t\u00e9s de combinaisons sont alors multiples.<\/p>\n<h4>Livraison<\/h4>\n<p>Le d\u00e9lai de livraison est de&nbsp;<strong>2 semaines maximum,<\/strong>&nbsp;selon le stock disponible. Je propose la livraison par&nbsp;<a href=\"https:\/\/www.laposte.fr\/\">La Poste<\/a>&nbsp;ou par <a href=\"https:\/\/www.mondialrelay.fr\/\">Mondial Relay.<\/a><\/p>\n<p>Envie d\u2019une trousse <strong>plus petite et plus fine<\/strong> ? D\u00e9couvrez la <a href=\"https:\/\/majolietruffe.fr\/index.php\/produit\/petite-trousse-les-affaires\/\"><strong>petite trousse \u00ab\u00a0les affaires\u00a0\u00bb. <\/strong><\/a>D&rsquo;une plus petite contenance, elle trouvera plus facilement sa place dans votre sac \u00e0 main. Elle est id\u00e9ale pour ranger des petits objets ou encore des friandises.<\/p>\n<p>&nbsp;<\/p>\n","protected":false},"excerpt":{"rendered":"<ul>\n<li>Personnalisation avec texte incluse (version 1 : patte, version 2 : lapin, version 3 : cheval)<\/li>\n<li>Couleur des ic\u00f4nes au choix (patte, lapin, fer \u00e0 cheval) : or, argent ou noir<\/li>\n<li>23x16x14cm<\/li>\n<li>100% coton 407g\/m2<\/li>\n<li>Capacit\u00e9 5L<\/li>\n<\/ul>\n","protected":false},"featured_media":1481,"comment_status":"open","ping_status":"closed","template":"","meta":{"site-sidebar-layout":"no-sidebar","site-content-layout":"boxed-container","ast-site-content-layout":"default","site-content-style":"default","site-sidebar-style":"default","ast-global-header-display":"","ast-banner-title-visibility":"","ast-main-header-display":"","ast-hfb-above-header-display":"","ast-hfb-below-header-display":"","ast-hfb-mobile-header-display":"","site-post-title":"","ast-breadcrumbs-content":"","ast-featured-img":"","footer-sml-layout":"","ast-disable-related-posts":"","theme-transparent-header-meta":"default","adv-header-id-meta":"","stick-header-meta":"","header-above-stick-meta":"","header-main-stick-meta":"","header-below-stick-meta":"","astra-migrate-meta-layouts":"default","ast-page-background-enabled":"default","ast-page-background-meta":{"desktop":{"background-color":"var(--ast-global-color-4)","background-image":"","background-repeat":"repeat","background-position":"center center","background-size":"auto","background-attachment":"scroll","background-type":"","background-media":"","overlay-type":"","overlay-color":"","overlay-opacity":"","overlay-gradient":""},"tablet":{"background-color":"","background-image":"","background-repeat":"repeat","background-position":"center center","background-size":"auto","background-attachment":"scroll","background-type":"","background-media":"","overlay-type":"","overlay-color":"","overlay-opacity":"","overlay-gradient":""},"mobile":{"background-color":"","background-image":"","background-repeat":"repeat","background-position":"center center","background-size":"auto","background-attachment":"scroll","background-type":"","background-media":"","overlay-type":"","overlay-color":"","overlay-opacity":"","overlay-gradient":""}},"ast-content-background-meta":{"desktop":{"background-color":"var(--ast-global-color-5)","background-image":"","background-repeat":"repeat","background-position":"center center","background-size":"auto","background-attachment":"scroll","background-type":"","background-media":"","overlay-type":"","overlay-color":"","overlay-opacity":"","overlay-gradient":""},"tablet":{"background-color":"var(--ast-global-color-5)","background-image":"","background-repeat":"repeat","background-position":"center center","background-size":"auto","background-attachment":"scroll","background-type":"","background-media":"","overlay-type":"","overlay-color":"","overlay-opacity":"","overlay-gradient":""},"mobile":{"background-color":"var(--ast-global-color-5)","background-image":"","background-repeat":"repeat","background-position":"center center","background-size":"auto","background-attachment":"scroll","background-type":"","background-media":"","overlay-type":"","overlay-color":"","overlay-opacity":"","overlay-gradient":""}},"ngg_post_thumbnail":0},"product_cat":[50,59],"product_tag":[61],"yoast_head":"<!-- This site is optimized with the Yoast SEO plugin v24.4 - https:\/\/yoast.com\/wordpress\/plugins\/seo\/ -->\n<title>Trousse vanity personnalis\u00e9e - Ma Jolie Truffe<\/title>\n<meta name=\"description\" content=\"Envie d&#039;un objet personnalis\u00e9 ? D&#039;une grande contenance, la trousse vanity personnalis\u00e9e est id\u00e9ale pour ranger les affaires de votre animal.\" \/>\n<meta name=\"robots\" content=\"index, follow, max-snippet:-1, max-image-preview:large, max-video-preview:-1\" \/>\n<link rel=\"canonical\" href=\"https:\/\/majolietruffe.fr\/index.php\/produit\/trousse-vanity-personnalise-les-affaires\/\" \/>\n<meta property=\"og:locale\" content=\"fr_FR\" \/>\n<meta property=\"og:type\" content=\"article\" \/>\n<meta property=\"og:title\" content=\"Trousse vanity personnalis\u00e9e - Ma Jolie Truffe\" \/>\n<meta property=\"og:description\" content=\"Envie d&#039;un objet personnalis\u00e9 ? D&#039;une grande contenance, la trousse vanity personnalis\u00e9e est id\u00e9ale pour ranger les affaires de votre animal.\" \/>\n<meta property=\"og:url\" content=\"https:\/\/majolietruffe.fr\/index.php\/produit\/trousse-vanity-personnalise-les-affaires\/\" \/>\n<meta property=\"og:site_name\" content=\"Ma Jolie Truffe\" \/>\n<meta property=\"article:modified_time\" content=\"2023-09-11T17:43:31+00:00\" \/>\n<meta property=\"og:image\" content=\"https:\/\/majolietruffe.fr\/wp-content\/uploads\/2022\/01\/vanity_rouky-1.jpg\" \/>\n\t<meta property=\"og:image:width\" content=\"851\" \/>\n\t<meta property=\"og:image:height\" content=\"851\" \/>\n\t<meta property=\"og:image:type\" content=\"image\/jpeg\" \/>\n<meta name=\"twitter:card\" content=\"summary_large_image\" \/>\n<meta name=\"twitter:label1\" content=\"Dur\u00e9e de lecture estim\u00e9e\" \/>\n\t<meta name=\"twitter:data1\" content=\"2 minutes\" \/>\n<script type=\"application\/ld+json\" class=\"yoast-schema-graph\">{\"@context\":\"https:\/\/schema.org\",\"@graph\":[{\"@type\":\"WebPage\",\"@id\":\"https:\/\/majolietruffe.fr\/index.php\/produit\/trousse-vanity-personnalise-les-affaires\/\",\"url\":\"https:\/\/majolietruffe.fr\/index.php\/produit\/trousse-vanity-personnalise-les-affaires\/\",\"name\":\"Trousse vanity personnalis\u00e9e - Ma Jolie Truffe\",\"isPartOf\":{\"@id\":\"https:\/\/majolietruffe.fr\/#website\"},\"primaryImageOfPage\":{\"@id\":\"https:\/\/majolietruffe.fr\/index.php\/produit\/trousse-vanity-personnalise-les-affaires\/#primaryimage\"},\"image\":{\"@id\":\"https:\/\/majolietruffe.fr\/index.php\/produit\/trousse-vanity-personnalise-les-affaires\/#primaryimage\"},\"thumbnailUrl\":\"https:\/\/majolietruffe.fr\/wp-content\/uploads\/2022\/01\/vanity_rouky-1.jpg\",\"datePublished\":\"2022-07-10T14:05:47+00:00\",\"dateModified\":\"2023-09-11T17:43:31+00:00\",\"description\":\"Envie d'un objet personnalis\u00e9 ? D'une grande contenance, la trousse vanity personnalis\u00e9e est id\u00e9ale pour ranger les affaires de votre animal.\",\"breadcrumb\":{\"@id\":\"https:\/\/majolietruffe.fr\/index.php\/produit\/trousse-vanity-personnalise-les-affaires\/#breadcrumb\"},\"inLanguage\":\"fr-FR\",\"potentialAction\":[{\"@type\":\"ReadAction\",\"target\":[\"https:\/\/majolietruffe.fr\/index.php\/produit\/trousse-vanity-personnalise-les-affaires\/\"]}]},{\"@type\":\"ImageObject\",\"inLanguage\":\"fr-FR\",\"@id\":\"https:\/\/majolietruffe.fr\/index.php\/produit\/trousse-vanity-personnalise-les-affaires\/#primaryimage\",\"url\":\"https:\/\/majolietruffe.fr\/wp-content\/uploads\/2022\/01\/vanity_rouky-1.jpg\",\"contentUrl\":\"https:\/\/majolietruffe.fr\/wp-content\/uploads\/2022\/01\/vanity_rouky-1.jpg\",\"width\":851,\"height\":851,\"caption\":\"trousse vanity personnalis\u00e9e\"},{\"@type\":\"BreadcrumbList\",\"@id\":\"https:\/\/majolietruffe.fr\/index.php\/produit\/trousse-vanity-personnalise-les-affaires\/#breadcrumb\",\"itemListElement\":[{\"@type\":\"ListItem\",\"position\":1,\"name\":\"Accueil\",\"item\":\"https:\/\/majolietruffe.fr\/\"},{\"@type\":\"ListItem\",\"position\":2,\"name\":\"Boutique\",\"item\":\"https:\/\/majolietruffe.fr\/index.php\/boutique-dillustrations-et-objets-personnalises\/\"},{\"@type\":\"ListItem\",\"position\":3,\"name\":\"Trousse vanity &#8220;Les affaires&#8221;\"}]},{\"@type\":\"WebSite\",\"@id\":\"https:\/\/majolietruffe.fr\/#website\",\"url\":\"https:\/\/majolietruffe.fr\/\",\"name\":\"Ma Jolie Truffe\",\"description\":\"Portraits &amp; objets personnalis\u00e9s\",\"publisher\":{\"@id\":\"https:\/\/majolietruffe.fr\/#organization\"},\"potentialAction\":[{\"@type\":\"SearchAction\",\"target\":{\"@type\":\"EntryPoint\",\"urlTemplate\":\"https:\/\/majolietruffe.fr\/?s={search_term_string}\"},\"query-input\":{\"@type\":\"PropertyValueSpecification\",\"valueRequired\":true,\"valueName\":\"search_term_string\"}}],\"inLanguage\":\"fr-FR\"},{\"@type\":\"Organization\",\"@id\":\"https:\/\/majolietruffe.fr\/#organization\",\"name\":\"Ma Jolie Truffe\",\"url\":\"https:\/\/majolietruffe.fr\/\",\"logo\":{\"@type\":\"ImageObject\",\"inLanguage\":\"fr-FR\",\"@id\":\"https:\/\/majolietruffe.fr\/#\/schema\/logo\/image\/\",\"url\":\"https:\/\/majolietruffe.fr\/wp-content\/uploads\/2022\/01\/cropped-logo-04.png\",\"contentUrl\":\"https:\/\/majolietruffe.fr\/wp-content\/uploads\/2022\/01\/cropped-logo-04.png\",\"width\":620,\"height\":620,\"caption\":\"Ma Jolie Truffe\"},\"image\":{\"@id\":\"https:\/\/majolietruffe.fr\/#\/schema\/logo\/image\/\"}}]}<\/script>\n<!-- \/ Yoast SEO plugin. -->","yoast_head_json":{"title":"Trousse vanity personnalis\u00e9e - Ma Jolie Truffe","description":"Envie d'un objet personnalis\u00e9 ? D'une grande contenance, la trousse vanity personnalis\u00e9e est id\u00e9ale pour ranger les affaires de votre animal.","robots":{"index":"index","follow":"follow","max-snippet":"max-snippet:-1","max-image-preview":"max-image-preview:large","max-video-preview":"max-video-preview:-1"},"canonical":"https:\/\/majolietruffe.fr\/index.php\/produit\/trousse-vanity-personnalise-les-affaires\/","og_locale":"fr_FR","og_type":"article","og_title":"Trousse vanity personnalis\u00e9e - Ma Jolie Truffe","og_description":"Envie d'un objet personnalis\u00e9 ? D'une grande contenance, la trousse vanity personnalis\u00e9e est id\u00e9ale pour ranger les affaires de votre animal.","og_url":"https:\/\/majolietruffe.fr\/index.php\/produit\/trousse-vanity-personnalise-les-affaires\/","og_site_name":"Ma Jolie Truffe","article_modified_time":"2023-09-11T17:43:31+00:00","og_image":[{"width":851,"height":851,"url":"https:\/\/majolietruffe.fr\/wp-content\/uploads\/2022\/01\/vanity_rouky-1.jpg","type":"image\/jpeg"}],"twitter_card":"summary_large_image","twitter_misc":{"Dur\u00e9e de lecture estim\u00e9e":"2 minutes"},"schema":{"@context":"https:\/\/schema.org","@graph":[{"@type":"WebPage","@id":"https:\/\/majolietruffe.fr\/index.php\/produit\/trousse-vanity-personnalise-les-affaires\/","url":"https:\/\/majolietruffe.fr\/index.php\/produit\/trousse-vanity-personnalise-les-affaires\/","name":"Trousse vanity personnalis\u00e9e - Ma Jolie Truffe","isPartOf":{"@id":"https:\/\/majolietruffe.fr\/#website"},"primaryImageOfPage":{"@id":"https:\/\/majolietruffe.fr\/index.php\/produit\/trousse-vanity-personnalise-les-affaires\/#primaryimage"},"image":{"@id":"https:\/\/majolietruffe.fr\/index.php\/produit\/trousse-vanity-personnalise-les-affaires\/#primaryimage"},"thumbnailUrl":"https:\/\/majolietruffe.fr\/wp-content\/uploads\/2022\/01\/vanity_rouky-1.jpg","datePublished":"2022-07-10T14:05:47+00:00","dateModified":"2023-09-11T17:43:31+00:00","description":"Envie d'un objet personnalis\u00e9 ? D'une grande contenance, la trousse vanity personnalis\u00e9e est id\u00e9ale pour ranger les affaires de votre animal.","breadcrumb":{"@id":"https:\/\/majolietruffe.fr\/index.php\/produit\/trousse-vanity-personnalise-les-affaires\/#breadcrumb"},"inLanguage":"fr-FR","potentialAction":[{"@type":"ReadAction","target":["https:\/\/majolietruffe.fr\/index.php\/produit\/trousse-vanity-personnalise-les-affaires\/"]}]},{"@type":"ImageObject","inLanguage":"fr-FR","@id":"https:\/\/majolietruffe.fr\/index.php\/produit\/trousse-vanity-personnalise-les-affaires\/#primaryimage","url":"https:\/\/majolietruffe.fr\/wp-content\/uploads\/2022\/01\/vanity_rouky-1.jpg","contentUrl":"https:\/\/majolietruffe.fr\/wp-content\/uploads\/2022\/01\/vanity_rouky-1.jpg","width":851,"height":851,"caption":"trousse vanity personnalis\u00e9e"},{"@type":"BreadcrumbList","@id":"https:\/\/majolietruffe.fr\/index.php\/produit\/trousse-vanity-personnalise-les-affaires\/#breadcrumb","itemListElement":[{"@type":"ListItem","position":1,"name":"Accueil","item":"https:\/\/majolietruffe.fr\/"},{"@type":"ListItem","position":2,"name":"Boutique","item":"https:\/\/majolietruffe.fr\/index.php\/boutique-dillustrations-et-objets-personnalises\/"},{"@type":"ListItem","position":3,"name":"Trousse vanity &#8220;Les affaires&#8221;"}]},{"@type":"WebSite","@id":"https:\/\/majolietruffe.fr\/#website","url":"https:\/\/majolietruffe.fr\/","name":"Ma Jolie Truffe","description":"Portraits &amp; objets personnalis\u00e9s","publisher":{"@id":"https:\/\/majolietruffe.fr\/#organization"},"potentialAction":[{"@type":"SearchAction","target":{"@type":"EntryPoint","urlTemplate":"https:\/\/majolietruffe.fr\/?s={search_term_string}"},"query-input":{"@type":"PropertyValueSpecification","valueRequired":true,"valueName":"search_term_string"}}],"inLanguage":"fr-FR"},{"@type":"Organization","@id":"https:\/\/majolietruffe.fr\/#organization","name":"Ma Jolie Truffe","url":"https:\/\/majolietruffe.fr\/","logo":{"@type":"ImageObject","inLanguage":"fr-FR","@id":"https:\/\/majolietruffe.fr\/#\/schema\/logo\/image\/","url":"https:\/\/majolietruffe.fr\/wp-content\/uploads\/2022\/01\/cropped-logo-04.png","contentUrl":"https:\/\/majolietruffe.fr\/wp-content\/uploads\/2022\/01\/cropped-logo-04.png","width":620,"height":620,"caption":"Ma Jolie Truffe"},"image":{"@id":"https:\/\/majolietruffe.fr\/#\/schema\/logo\/image\/"}}]}},"jetpack_sharing_enabled":true,"_links":{"self":[{"href":"https:\/\/majolietruffe.fr\/index.php\/wp-json\/wp\/v2\/product\/1790"}],"collection":[{"href":"https:\/\/majolietruffe.fr\/index.php\/wp-json\/wp\/v2\/product"}],"about":[{"href":"https:\/\/majolietruffe.fr\/index.php\/wp-json\/wp\/v2\/types\/product"}],"replies":[{"embeddable":true,"href":"https:\/\/majolietruffe.fr\/index.php\/wp-json\/wp\/v2\/comments?post=1790"}],"wp:featuredmedia":[{"embeddable":true,"href":"https:\/\/majolietruffe.fr\/index.php\/wp-json\/wp\/v2\/media\/1481"}],"wp:attachment":[{"href":"https:\/\/majolietruffe.fr\/index.php\/wp-json\/wp\/v2\/media?parent=1790"}],"wp:term":[{"taxonomy":"product_cat","embeddable":true,"href":"https:\/\/majolietruffe.fr\/index.php\/wp-json\/wp\/v2\/product_cat?post=1790"},{"taxonomy":"product_tag","embeddable":true,"href":"https:\/\/majolietruffe.fr\/index.php\/wp-json\/wp\/v2\/product_tag?post=1790"}],"curies":[{"name":"wp","href":"https:\/\/api.w.org\/{rel}","templated":true}]}}