{"id":1876,"date":"2022-08-06T16:13:56","date_gmt":"2022-08-06T14:13:56","guid":{"rendered":"https:\/\/majolietruffe.fr\/?post_type=product&#038;p=1876"},"modified":"2023-10-31T07:36:14","modified_gmt":"2023-10-31T06:36:14","slug":"porte-cles-personnalise","status":"publish","type":"product","link":"https:\/\/majolietruffe.fr\/index.php\/produit\/porte-cles-personnalise\/","title":{"rendered":"Porte-cl\u00e9s personnalis\u00e9"},"content":{"rendered":"<p>Envie d\u2019un mignon <strong>porte-cl\u00e9s personnalis\u00e9 \u00e0 l\u2019effigie de votre animal ?<\/strong> Cet article est fait pour vous ! <strong>Id\u00e9al pour offrir<\/strong> ou pour se faire plaisir, vous pourrez ainsi transporter le<strong> dessin <\/strong>de votre <strong>compagnon<\/strong> <strong>partout avec vous.<\/strong><\/p>\n<h4>Personnalisation<\/h4>\n<p>Il est possible d\u2019avoir jusqu\u2019\u00e0 5 animaux diff\u00e9rents sur le <strong>porte-cl\u00e9s personnalis\u00e9.<\/strong>&nbsp;Les animaux peuvent tout \u00e0 fait \u00eatre sur des photos s\u00e9par\u00e9es. Attention \u00e0 choisir des photos de&nbsp;<strong>bonne qualit\u00e9<\/strong>&nbsp;et avec un&nbsp;<strong>\u00e9clairage suffisant.<\/strong><\/p>\n<p>Pour les clients ayant d\u00e9j\u00e0 command\u00e9 un portrait ant\u00e9rieurement, s\u00e9lectionnez l\u2019option \u201cmon portrait a d\u00e9j\u00e0 \u00e9t\u00e9 dessin\u00e9\u201d et indiquez-moi le portrait que vous souhaitez dans les commentaires.<\/p>\n<h4>Fichiers portrait inclus<\/h4>\n<p>Les fichiers du portrait sont&nbsp;<strong>envoy\u00e9s par mail<\/strong>&nbsp;sous plusieurs formats (A4, fonds d\u2019\u00e9cran, etc). Si vous souhaitez commander plusieurs objets avec le m\u00eame portrait, il n\u2019est pas n\u00e9cessaire d\u2019ajouter \u00e0 chaque fois la cr\u00e9ation du portrait. Je stocke tous les portraits, ainsi vous pourrez toujours commander ult\u00e9rieurement un autre support.<\/p>\n<h4>Livraison<\/h4>\n<p>Le d\u00e9lai de livraison est de&nbsp;<strong>2 semaines environ,<\/strong>&nbsp;selon le stock disponible. Je propose la livraison par La Poste ou&nbsp;<a href=\"https:\/\/www.mondialrelay.fr\/\">Mondial Relay.<\/a><\/p>\n<h4>Suggestions<\/h4>\n<p>Vous pr\u00e9f\u00e9rez un <strong>magnet personnalis\u00e9<\/strong> avec le portrait de votre animal ? Choisissez le <a href=\"https:\/\/majolietruffe.fr\/index.php\/produit\/grand-magnet-personnalise-animal\/\"><strong>magnet personnalis\u00e9<\/strong><strong>.<\/strong><\/a><br \/>\nVous pr\u00e9f\u00e9rez un <strong>porte-cl\u00e9s scintillant<\/strong> personnalis\u00e9 avec le nom de votre animal ? Choisissez le <strong><a href=\"https:\/\/majolietruffe.fr\/index.php\/produit\/porte-cles-paillete-a-personnaliser\/\">porte-cl\u00e9s paillet\u00e9<\/a>.<\/strong><\/p>\n","protected":false},"excerpt":{"rendered":"<ul>\n<li>Porte-cl\u00e9s en m\u00e9tal<\/li>\n<li>Vinyle adh\u00e9sif imprim\u00e9<\/li>\n<li>Dimensions : 4 x 7,5 cm<\/li>\n<li>Imprim\u00e9 en France<\/li>\n<\/ul>\n","protected":false},"featured_media":1884,"comment_status":"open","ping_status":"closed","template":"","meta":{"site-sidebar-layout":"default","site-content-layout":"boxed-container","ast-site-content-layout":"default","site-content-style":"default","site-sidebar-style":"default","ast-global-header-display":"","ast-banner-title-visibility":"","ast-main-header-display":"","ast-hfb-above-header-display":"","ast-hfb-below-header-display":"","ast-hfb-mobile-header-display":"","site-post-title":"","ast-breadcrumbs-content":"","ast-featured-img":"","footer-sml-layout":"","ast-disable-related-posts":"","theme-transparent-header-meta":"default","adv-header-id-meta":"","stick-header-meta":"","header-above-stick-meta":"","header-main-stick-meta":"","header-below-stick-meta":"","astra-migrate-meta-layouts":"default","ast-page-background-enabled":"default","ast-page-background-meta":{"desktop":{"background-color":"var(--ast-global-color-4)","background-image":"","background-repeat":"repeat","background-position":"center center","background-size":"auto","background-attachment":"scroll","background-type":"","background-media":"","overlay-type":"","overlay-color":"","overlay-opacity":"","overlay-gradient":""},"tablet":{"background-color":"","background-image":"","background-repeat":"repeat","background-position":"center center","background-size":"auto","background-attachment":"scroll","background-type":"","background-media":"","overlay-type":"","overlay-color":"","overlay-opacity":"","overlay-gradient":""},"mobile":{"background-color":"","background-image":"","background-repeat":"repeat","background-position":"center center","background-size":"auto","background-attachment":"scroll","background-type":"","background-media":"","overlay-type":"","overlay-color":"","overlay-opacity":"","overlay-gradient":""}},"ast-content-background-meta":{"desktop":{"background-color":"var(--ast-global-color-5)","background-image":"","background-repeat":"repeat","background-position":"center center","background-size":"auto","background-attachment":"scroll","background-type":"","background-media":"","overlay-type":"","overlay-color":"","overlay-opacity":"","overlay-gradient":""},"tablet":{"background-color":"var(--ast-global-color-5)","background-image":"","background-repeat":"repeat","background-position":"center center","background-size":"auto","background-attachment":"scroll","background-type":"","background-media":"","overlay-type":"","overlay-color":"","overlay-opacity":"","overlay-gradient":""},"mobile":{"background-color":"var(--ast-global-color-5)","background-image":"","background-repeat":"repeat","background-position":"center center","background-size":"auto","background-attachment":"scroll","background-type":"","background-media":"","overlay-type":"","overlay-color":"","overlay-opacity":"","overlay-gradient":""}},"ngg_post_thumbnail":0},"product_cat":[24,58],"product_tag":[39],"yoast_head":"<!-- This site is optimized with the Yoast SEO plugin v24.4 - https:\/\/yoast.com\/wordpress\/plugins\/seo\/ -->\n<title>Porte-cl\u00e9s personnalis\u00e9 animal - Ma Jolie Truffe<\/title>\n<meta name=\"description\" content=\"Envie d\u2019un mignon porte-cl\u00e9s\u00a0personnalis\u00e9 \u00e0 l\u2019effigie de votre animal ? Vous pourrez ainsi transporter le dessin de votre compagnon partout avec vous.\" \/>\n<meta name=\"robots\" content=\"index, follow, max-snippet:-1, max-image-preview:large, max-video-preview:-1\" \/>\n<link rel=\"canonical\" href=\"https:\/\/majolietruffe.fr\/index.php\/produit\/porte-cles-personnalise\/\" \/>\n<meta property=\"og:locale\" content=\"fr_FR\" \/>\n<meta property=\"og:type\" content=\"article\" \/>\n<meta property=\"og:title\" content=\"Porte-cl\u00e9s personnalis\u00e9 animal - Ma Jolie Truffe\" \/>\n<meta property=\"og:description\" content=\"Envie d\u2019un mignon porte-cl\u00e9s\u00a0personnalis\u00e9 \u00e0 l\u2019effigie de votre animal ? Vous pourrez ainsi transporter le dessin de votre compagnon partout avec vous.\" \/>\n<meta property=\"og:url\" content=\"https:\/\/majolietruffe.fr\/index.php\/produit\/porte-cles-personnalise\/\" \/>\n<meta property=\"og:site_name\" content=\"Ma Jolie Truffe\" \/>\n<meta property=\"article:modified_time\" content=\"2023-10-31T06:36:14+00:00\" \/>\n<meta property=\"og:image\" content=\"https:\/\/majolietruffe.fr\/wp-content\/uploads\/2022\/07\/face_porte-cle\u0301-rouky.jpg\" \/>\n\t<meta property=\"og:image:width\" content=\"500\" \/>\n\t<meta property=\"og:image:height\" content=\"500\" \/>\n\t<meta property=\"og:image:type\" content=\"image\/jpeg\" \/>\n<meta name=\"twitter:card\" content=\"summary_large_image\" \/>\n<meta name=\"twitter:label1\" content=\"Dur\u00e9e de lecture estim\u00e9e\" \/>\n\t<meta name=\"twitter:data1\" content=\"2 minutes\" \/>\n<script type=\"application\/ld+json\" class=\"yoast-schema-graph\">{\"@context\":\"https:\/\/schema.org\",\"@graph\":[{\"@type\":\"WebPage\",\"@id\":\"https:\/\/majolietruffe.fr\/index.php\/produit\/porte-cles-personnalise\/\",\"url\":\"https:\/\/majolietruffe.fr\/index.php\/produit\/porte-cles-personnalise\/\",\"name\":\"Porte-cl\u00e9s personnalis\u00e9 animal - Ma Jolie Truffe\",\"isPartOf\":{\"@id\":\"https:\/\/majolietruffe.fr\/#website\"},\"primaryImageOfPage\":{\"@id\":\"https:\/\/majolietruffe.fr\/index.php\/produit\/porte-cles-personnalise\/#primaryimage\"},\"image\":{\"@id\":\"https:\/\/majolietruffe.fr\/index.php\/produit\/porte-cles-personnalise\/#primaryimage\"},\"thumbnailUrl\":\"https:\/\/majolietruffe.fr\/wp-content\/uploads\/2022\/07\/face_porte-cle\u0301-rouky.jpg\",\"datePublished\":\"2022-08-06T14:13:56+00:00\",\"dateModified\":\"2023-10-31T06:36:14+00:00\",\"description\":\"Envie d\u2019un mignon porte-cl\u00e9s\u00a0personnalis\u00e9 \u00e0 l\u2019effigie de votre animal ? Vous pourrez ainsi transporter le dessin de votre compagnon partout avec vous.\",\"breadcrumb\":{\"@id\":\"https:\/\/majolietruffe.fr\/index.php\/produit\/porte-cles-personnalise\/#breadcrumb\"},\"inLanguage\":\"fr-FR\",\"potentialAction\":[{\"@type\":\"ReadAction\",\"target\":[\"https:\/\/majolietruffe.fr\/index.php\/produit\/porte-cles-personnalise\/\"]}]},{\"@type\":\"ImageObject\",\"inLanguage\":\"fr-FR\",\"@id\":\"https:\/\/majolietruffe.fr\/index.php\/produit\/porte-cles-personnalise\/#primaryimage\",\"url\":\"https:\/\/majolietruffe.fr\/wp-content\/uploads\/2022\/07\/face_porte-cle\u0301-rouky.jpg\",\"contentUrl\":\"https:\/\/majolietruffe.fr\/wp-content\/uploads\/2022\/07\/face_porte-cle\u0301-rouky.jpg\",\"width\":500,\"height\":500},{\"@type\":\"BreadcrumbList\",\"@id\":\"https:\/\/majolietruffe.fr\/index.php\/produit\/porte-cles-personnalise\/#breadcrumb\",\"itemListElement\":[{\"@type\":\"ListItem\",\"position\":1,\"name\":\"Accueil\",\"item\":\"https:\/\/majolietruffe.fr\/\"},{\"@type\":\"ListItem\",\"position\":2,\"name\":\"Boutique\",\"item\":\"https:\/\/majolietruffe.fr\/index.php\/boutique-dillustrations-et-objets-personnalises\/\"},{\"@type\":\"ListItem\",\"position\":3,\"name\":\"Porte-cl\u00e9s personnalis\u00e9\"}]},{\"@type\":\"WebSite\",\"@id\":\"https:\/\/majolietruffe.fr\/#website\",\"url\":\"https:\/\/majolietruffe.fr\/\",\"name\":\"Ma Jolie Truffe\",\"description\":\"Portraits &amp; objets personnalis\u00e9s\",\"publisher\":{\"@id\":\"https:\/\/majolietruffe.fr\/#organization\"},\"potentialAction\":[{\"@type\":\"SearchAction\",\"target\":{\"@type\":\"EntryPoint\",\"urlTemplate\":\"https:\/\/majolietruffe.fr\/?s={search_term_string}\"},\"query-input\":{\"@type\":\"PropertyValueSpecification\",\"valueRequired\":true,\"valueName\":\"search_term_string\"}}],\"inLanguage\":\"fr-FR\"},{\"@type\":\"Organization\",\"@id\":\"https:\/\/majolietruffe.fr\/#organization\",\"name\":\"Ma Jolie Truffe\",\"url\":\"https:\/\/majolietruffe.fr\/\",\"logo\":{\"@type\":\"ImageObject\",\"inLanguage\":\"fr-FR\",\"@id\":\"https:\/\/majolietruffe.fr\/#\/schema\/logo\/image\/\",\"url\":\"https:\/\/majolietruffe.fr\/wp-content\/uploads\/2022\/01\/cropped-logo-04.png\",\"contentUrl\":\"https:\/\/majolietruffe.fr\/wp-content\/uploads\/2022\/01\/cropped-logo-04.png\",\"width\":620,\"height\":620,\"caption\":\"Ma Jolie Truffe\"},\"image\":{\"@id\":\"https:\/\/majolietruffe.fr\/#\/schema\/logo\/image\/\"}}]}<\/script>\n<!-- \/ Yoast SEO plugin. -->","yoast_head_json":{"title":"Porte-cl\u00e9s personnalis\u00e9 animal - Ma Jolie Truffe","description":"Envie d\u2019un mignon porte-cl\u00e9s\u00a0personnalis\u00e9 \u00e0 l\u2019effigie de votre animal ? Vous pourrez ainsi transporter le dessin de votre compagnon partout avec vous.","robots":{"index":"index","follow":"follow","max-snippet":"max-snippet:-1","max-image-preview":"max-image-preview:large","max-video-preview":"max-video-preview:-1"},"canonical":"https:\/\/majolietruffe.fr\/index.php\/produit\/porte-cles-personnalise\/","og_locale":"fr_FR","og_type":"article","og_title":"Porte-cl\u00e9s personnalis\u00e9 animal - Ma Jolie Truffe","og_description":"Envie d\u2019un mignon porte-cl\u00e9s\u00a0personnalis\u00e9 \u00e0 l\u2019effigie de votre animal ? Vous pourrez ainsi transporter le dessin de votre compagnon partout avec vous.","og_url":"https:\/\/majolietruffe.fr\/index.php\/produit\/porte-cles-personnalise\/","og_site_name":"Ma Jolie Truffe","article_modified_time":"2023-10-31T06:36:14+00:00","og_image":[{"width":500,"height":500,"url":"https:\/\/majolietruffe.fr\/wp-content\/uploads\/2022\/07\/face_porte-cle\u0301-rouky.jpg","type":"image\/jpeg"}],"twitter_card":"summary_large_image","twitter_misc":{"Dur\u00e9e de lecture estim\u00e9e":"2 minutes"},"schema":{"@context":"https:\/\/schema.org","@graph":[{"@type":"WebPage","@id":"https:\/\/majolietruffe.fr\/index.php\/produit\/porte-cles-personnalise\/","url":"https:\/\/majolietruffe.fr\/index.php\/produit\/porte-cles-personnalise\/","name":"Porte-cl\u00e9s personnalis\u00e9 animal - Ma Jolie Truffe","isPartOf":{"@id":"https:\/\/majolietruffe.fr\/#website"},"primaryImageOfPage":{"@id":"https:\/\/majolietruffe.fr\/index.php\/produit\/porte-cles-personnalise\/#primaryimage"},"image":{"@id":"https:\/\/majolietruffe.fr\/index.php\/produit\/porte-cles-personnalise\/#primaryimage"},"thumbnailUrl":"https:\/\/majolietruffe.fr\/wp-content\/uploads\/2022\/07\/face_porte-cle\u0301-rouky.jpg","datePublished":"2022-08-06T14:13:56+00:00","dateModified":"2023-10-31T06:36:14+00:00","description":"Envie d\u2019un mignon porte-cl\u00e9s\u00a0personnalis\u00e9 \u00e0 l\u2019effigie de votre animal ? Vous pourrez ainsi transporter le dessin de votre compagnon partout avec vous.","breadcrumb":{"@id":"https:\/\/majolietruffe.fr\/index.php\/produit\/porte-cles-personnalise\/#breadcrumb"},"inLanguage":"fr-FR","potentialAction":[{"@type":"ReadAction","target":["https:\/\/majolietruffe.fr\/index.php\/produit\/porte-cles-personnalise\/"]}]},{"@type":"ImageObject","inLanguage":"fr-FR","@id":"https:\/\/majolietruffe.fr\/index.php\/produit\/porte-cles-personnalise\/#primaryimage","url":"https:\/\/majolietruffe.fr\/wp-content\/uploads\/2022\/07\/face_porte-cle\u0301-rouky.jpg","contentUrl":"https:\/\/majolietruffe.fr\/wp-content\/uploads\/2022\/07\/face_porte-cle\u0301-rouky.jpg","width":500,"height":500},{"@type":"BreadcrumbList","@id":"https:\/\/majolietruffe.fr\/index.php\/produit\/porte-cles-personnalise\/#breadcrumb","itemListElement":[{"@type":"ListItem","position":1,"name":"Accueil","item":"https:\/\/majolietruffe.fr\/"},{"@type":"ListItem","position":2,"name":"Boutique","item":"https:\/\/majolietruffe.fr\/index.php\/boutique-dillustrations-et-objets-personnalises\/"},{"@type":"ListItem","position":3,"name":"Porte-cl\u00e9s personnalis\u00e9"}]},{"@type":"WebSite","@id":"https:\/\/majolietruffe.fr\/#website","url":"https:\/\/majolietruffe.fr\/","name":"Ma Jolie Truffe","description":"Portraits &amp; objets personnalis\u00e9s","publisher":{"@id":"https:\/\/majolietruffe.fr\/#organization"},"potentialAction":[{"@type":"SearchAction","target":{"@type":"EntryPoint","urlTemplate":"https:\/\/majolietruffe.fr\/?s={search_term_string}"},"query-input":{"@type":"PropertyValueSpecification","valueRequired":true,"valueName":"search_term_string"}}],"inLanguage":"fr-FR"},{"@type":"Organization","@id":"https:\/\/majolietruffe.fr\/#organization","name":"Ma Jolie Truffe","url":"https:\/\/majolietruffe.fr\/","logo":{"@type":"ImageObject","inLanguage":"fr-FR","@id":"https:\/\/majolietruffe.fr\/#\/schema\/logo\/image\/","url":"https:\/\/majolietruffe.fr\/wp-content\/uploads\/2022\/01\/cropped-logo-04.png","contentUrl":"https:\/\/majolietruffe.fr\/wp-content\/uploads\/2022\/01\/cropped-logo-04.png","width":620,"height":620,"caption":"Ma Jolie Truffe"},"image":{"@id":"https:\/\/majolietruffe.fr\/#\/schema\/logo\/image\/"}}]}},"jetpack_sharing_enabled":true,"_links":{"self":[{"href":"https:\/\/majolietruffe.fr\/index.php\/wp-json\/wp\/v2\/product\/1876"}],"collection":[{"href":"https:\/\/majolietruffe.fr\/index.php\/wp-json\/wp\/v2\/product"}],"about":[{"href":"https:\/\/majolietruffe.fr\/index.php\/wp-json\/wp\/v2\/types\/product"}],"replies":[{"embeddable":true,"href":"https:\/\/majolietruffe.fr\/index.php\/wp-json\/wp\/v2\/comments?post=1876"}],"wp:featuredmedia":[{"embeddable":true,"href":"https:\/\/majolietruffe.fr\/index.php\/wp-json\/wp\/v2\/media\/1884"}],"wp:attachment":[{"href":"https:\/\/majolietruffe.fr\/index.php\/wp-json\/wp\/v2\/media?parent=1876"}],"wp:term":[{"taxonomy":"product_cat","embeddable":true,"href":"https:\/\/majolietruffe.fr\/index.php\/wp-json\/wp\/v2\/product_cat?post=1876"},{"taxonomy":"product_tag","embeddable":true,"href":"https:\/\/majolietruffe.fr\/index.php\/wp-json\/wp\/v2\/product_tag?post=1876"}],"curies":[{"name":"wp","href":"https:\/\/api.w.org\/{rel}","templated":true}]}}