{"id":1896,"date":"2022-07-30T17:43:10","date_gmt":"2022-07-30T15:43:10","guid":{"rendered":"https:\/\/majolietruffe.fr\/?post_type=product&#038;p=1896"},"modified":"2024-12-28T11:12:37","modified_gmt":"2024-12-28T10:12:37","slug":"boite-friandises-croquettes-personnalisee","status":"publish","type":"product","link":"https:\/\/majolietruffe.fr\/index.php\/produit\/boite-friandises-croquettes-personnalisee\/","title":{"rendered":"Bo\u00eete \u00e0 croquettes personnalis\u00e9e"},"content":{"rendered":"<p>Envie d&rsquo;une <strong>bo\u00eete en c\u00e9ramique unique<\/strong> pour votre chat, votre chien ou encore votre lapin ? La<strong> bo\u00eete \u00e0 friandises personnalis\u00e9e<\/strong> au nom de votre animal est faite pour vous ! Disponible dans <strong>trois tailles diff\u00e9rentes :<\/strong>&nbsp;<strong>750 ml, 900 ml ou 1,5 L, <\/strong>elle conviendra parfaitement pour stocker les <strong>croquettes<\/strong> ou les <strong>friandises<\/strong> de votre animal, notamment celles achet\u00e9es en vrac en magasin.<\/p>\n<h4>Pratique<\/h4>\n<p>Moins <strong>encombrant<\/strong> qu&rsquo;un grand sac de croquettes, ce bocal en c\u00e9ramique permet de stocker une petite quantit\u00e9 de croquettes. Elle peut aussi contenir des friandises et ainsi les prot\u00e9ger de l&rsquo;humidit\u00e9. <strong>R\u00e9sistante \u00e0 l&rsquo;eau<\/strong> et <strong>aux UV,<\/strong> elle se lave facilement \u00e0 la main. Le bocal est totalement <strong>herm\u00e9tique<\/strong> gr\u00e2ce au plastique pr\u00e9sent dans son couvercle en <strong>bois<\/strong>.<\/p>\n<h4>Esth\u00e9tique<\/h4>\n<p>En plus d&rsquo;\u00eatre utile, la bo\u00eete \u00e0 friandises personnalis\u00e9e est un v\u00e9ritable <strong>objet de d\u00e9coration<\/strong> qui trouvera toute sa place dans votre cuisine. Ornement\u00e9e de ses petites pattes, ce bocal est tr\u00e8s <strong>esth\u00e9tique<\/strong> et plaira \u00e0 tous les fan de design <strong>chic<\/strong> et <strong>minimaliste<\/strong>. Le vinyle adh\u00e9sif utilis\u00e9 pour le marquage des bocaux est de haute qualit\u00e9 et r\u00e9siste \u00e0 plusieurs lavages. Son fini brillant et paillet\u00e9 en mettra plein la vue \u00e0 vos amis. La c\u00e9ramique est plus <strong>r\u00e9sistante<\/strong> et plus noble que le plastique. C&rsquo;est \u00e9galement un cadeau id\u00e9al pour tous les propri\u00e9taires d&rsquo;animaux. Fini la simple bo\u00eete distributrice en plastique, banale et fragile, que l&rsquo;on retrouve dans tous les foyers.<\/p>\n<h4>Personnalisable<\/h4>\n<p>Les&nbsp;<strong>options<\/strong> pour cette bo\u00eete \u00e0 croquettes personnalis\u00e9e sont vari\u00e9es : <strong>4 polices<\/strong> propos\u00e9es et <strong>9&nbsp;couleurs d\u2019\u00e9critures<\/strong> diff\u00e9rentes : <strong>m\u00e9talliques paillet\u00e9es<\/strong> ou <strong>color\u00e9es brillantes<\/strong>. Il est tout \u00e0 fait possible de mettre plusieurs noms. Votre animal aura ainsi sa propre bo\u00eete personnalis\u00e9e, le nombre de combinaisons possibles \u00e9tant multiples.<\/p>\n<h4>Livraison<\/h4>\n<p>Le d\u00e9lai de livraison est de <strong>2 semaines environ,<\/strong> selon le stock disponible. Il est possible de choisir entre <a href=\"https:\/\/www.laposte.fr\/\">La Poste<\/a> ou <a href=\"https:\/\/www.mondialrelay.fr\/\">Mondial Relay.<\/a><\/p>\n<p>Besoin d&rsquo;une gamelle pour assortir \u00e0 votre bo\u00eete \u00e0 croquettes ? D\u00e9couvrez la <a href=\"https:\/\/majolietruffe.fr\/index.php\/produit\/gamelle-personnalisee\/\"><strong>gamelle personnalis\u00e9e.<\/strong><\/a><\/p>\n<p>&nbsp;<\/p>\n","protected":false},"excerpt":{"rendered":"<ul>\n<li>Bo\u00eete \u00e0 croquettes blanche herm\u00e9tique<\/li>\n<li>Choix de la police et de la couleur<\/li>\n<li>Versions chiens\/chats \ud83d\udc3e ou lapins \ud83d\udc07<\/li>\n<li>Dimensions : <b style=\"font-style: inherit; font-family: -apple-system, BlinkMacSystemFont, 'Segoe UI', Roboto, Oxygen-Sans, Ubuntu, Cantarell, 'Helvetica Neue', sans-serif;\">\u00d8 10 x 14,2 cm (750 ml), \u00d8 10 x 18,5 cm (900 ml) ou \u00d8 10,5 x 15 x H. 20 cm (1,5 L)<\/b><\/li>\n<li>Mat\u00e9riau :&nbsp;<strong>c\u00e9ramique \/ bois<\/strong><\/li>\n<li>Nettoyage \u00e0 la main recommand\u00e9<\/li>\n<\/ul>\n","protected":false},"featured_media":1901,"comment_status":"open","ping_status":"closed","template":"","meta":{"site-sidebar-layout":"no-sidebar","site-content-layout":"boxed-container","ast-site-content-layout":"normal-width-container","site-content-style":"boxed","site-sidebar-style":"boxed","ast-global-header-display":"","ast-banner-title-visibility":"","ast-main-header-display":"","ast-hfb-above-header-display":"","ast-hfb-below-header-display":"","ast-hfb-mobile-header-display":"","site-post-title":"","ast-breadcrumbs-content":"","ast-featured-img":"","footer-sml-layout":"","ast-disable-related-posts":"","theme-transparent-header-meta":"default","adv-header-id-meta":"","stick-header-meta":"","header-above-stick-meta":"","header-main-stick-meta":"","header-below-stick-meta":"","astra-migrate-meta-layouts":"set","ast-page-background-enabled":"default","ast-page-background-meta":{"desktop":{"background-color":"var(--ast-global-color-4)","background-image":"","background-repeat":"repeat","background-position":"center center","background-size":"auto","background-attachment":"scroll","background-type":"","background-media":"","overlay-type":"","overlay-color":"","overlay-opacity":"","overlay-gradient":""},"tablet":{"background-color":"","background-image":"","background-repeat":"repeat","background-position":"center center","background-size":"auto","background-attachment":"scroll","background-type":"","background-media":"","overlay-type":"","overlay-color":"","overlay-opacity":"","overlay-gradient":""},"mobile":{"background-color":"","background-image":"","background-repeat":"repeat","background-position":"center center","background-size":"auto","background-attachment":"scroll","background-type":"","background-media":"","overlay-type":"","overlay-color":"","overlay-opacity":"","overlay-gradient":""}},"ast-content-background-meta":{"desktop":{"background-color":"var(--ast-global-color-5)","background-image":"","background-repeat":"repeat","background-position":"center center","background-size":"auto","background-attachment":"scroll","background-type":"","background-media":"","overlay-type":"","overlay-color":"","overlay-opacity":"","overlay-gradient":""},"tablet":{"background-color":"var(--ast-global-color-5)","background-image":"","background-repeat":"repeat","background-position":"center center","background-size":"auto","background-attachment":"scroll","background-type":"","background-media":"","overlay-type":"","overlay-color":"","overlay-opacity":"","overlay-gradient":""},"mobile":{"background-color":"var(--ast-global-color-5)","background-image":"","background-repeat":"repeat","background-position":"center center","background-size":"auto","background-attachment":"scroll","background-type":"","background-media":"","overlay-type":"","overlay-color":"","overlay-opacity":"","overlay-gradient":""}},"ngg_post_thumbnail":0},"product_cat":[24,59],"product_tag":[51],"yoast_head":"<!-- This site is optimized with the Yoast SEO plugin v24.4 - https:\/\/yoast.com\/wordpress\/plugins\/seo\/ -->\n<title>Bo\u00eete \u00e0 friandises ou croquettes personnalis\u00e9e - Ma Jolie Truffe<\/title>\n<meta name=\"description\" content=\"La bo\u00eete \u00e0 friandises personnalis\u00e9e au nom de votre animal conviendra parfaitement pour stocker les croquettes ou les friandises. Trois tailles disponibles.\" \/>\n<meta name=\"robots\" content=\"index, follow, max-snippet:-1, max-image-preview:large, max-video-preview:-1\" \/>\n<link rel=\"canonical\" href=\"https:\/\/majolietruffe.fr\/index.php\/produit\/boite-friandises-croquettes-personnalisee\/\" \/>\n<meta property=\"og:locale\" content=\"fr_FR\" \/>\n<meta property=\"og:type\" content=\"article\" \/>\n<meta property=\"og:title\" content=\"Bo\u00eete \u00e0 friandises ou croquettes personnalis\u00e9e - Ma Jolie Truffe\" \/>\n<meta property=\"og:description\" content=\"La bo\u00eete \u00e0 friandises personnalis\u00e9e au nom de votre animal conviendra parfaitement pour stocker les croquettes ou les friandises. Trois tailles disponibles.\" \/>\n<meta property=\"og:url\" content=\"https:\/\/majolietruffe.fr\/index.php\/produit\/boite-friandises-croquettes-personnalisee\/\" \/>\n<meta property=\"og:site_name\" content=\"Ma Jolie Truffe\" \/>\n<meta property=\"article:modified_time\" content=\"2024-12-28T10:12:37+00:00\" \/>\n<meta property=\"og:image\" content=\"https:\/\/majolietruffe.fr\/wp-content\/uploads\/2022\/07\/boite_croquettes-scaled.jpg\" \/>\n\t<meta property=\"og:image:width\" content=\"2560\" \/>\n\t<meta property=\"og:image:height\" content=\"2560\" \/>\n\t<meta property=\"og:image:type\" content=\"image\/jpeg\" \/>\n<meta name=\"twitter:card\" content=\"summary_large_image\" \/>\n<meta name=\"twitter:label1\" content=\"Dur\u00e9e de lecture estim\u00e9e\" \/>\n\t<meta name=\"twitter:data1\" content=\"2 minutes\" \/>\n<script type=\"application\/ld+json\" class=\"yoast-schema-graph\">{\"@context\":\"https:\/\/schema.org\",\"@graph\":[{\"@type\":\"WebPage\",\"@id\":\"https:\/\/majolietruffe.fr\/index.php\/produit\/boite-friandises-croquettes-personnalisee\/\",\"url\":\"https:\/\/majolietruffe.fr\/index.php\/produit\/boite-friandises-croquettes-personnalisee\/\",\"name\":\"Bo\u00eete \u00e0 friandises ou croquettes personnalis\u00e9e - Ma Jolie Truffe\",\"isPartOf\":{\"@id\":\"https:\/\/majolietruffe.fr\/#website\"},\"primaryImageOfPage\":{\"@id\":\"https:\/\/majolietruffe.fr\/index.php\/produit\/boite-friandises-croquettes-personnalisee\/#primaryimage\"},\"image\":{\"@id\":\"https:\/\/majolietruffe.fr\/index.php\/produit\/boite-friandises-croquettes-personnalisee\/#primaryimage\"},\"thumbnailUrl\":\"https:\/\/majolietruffe.fr\/wp-content\/uploads\/2022\/07\/boite_croquettes-scaled.jpg\",\"datePublished\":\"2022-07-30T15:43:10+00:00\",\"dateModified\":\"2024-12-28T10:12:37+00:00\",\"description\":\"La bo\u00eete \u00e0 friandises personnalis\u00e9e au nom de votre animal conviendra parfaitement pour stocker les croquettes ou les friandises. Trois tailles disponibles.\",\"breadcrumb\":{\"@id\":\"https:\/\/majolietruffe.fr\/index.php\/produit\/boite-friandises-croquettes-personnalisee\/#breadcrumb\"},\"inLanguage\":\"fr-FR\",\"potentialAction\":[{\"@type\":\"ReadAction\",\"target\":[\"https:\/\/majolietruffe.fr\/index.php\/produit\/boite-friandises-croquettes-personnalisee\/\"]}]},{\"@type\":\"ImageObject\",\"inLanguage\":\"fr-FR\",\"@id\":\"https:\/\/majolietruffe.fr\/index.php\/produit\/boite-friandises-croquettes-personnalisee\/#primaryimage\",\"url\":\"https:\/\/majolietruffe.fr\/wp-content\/uploads\/2022\/07\/boite_croquettes-scaled.jpg\",\"contentUrl\":\"https:\/\/majolietruffe.fr\/wp-content\/uploads\/2022\/07\/boite_croquettes-scaled.jpg\",\"width\":2560,\"height\":2560,\"caption\":\"bo\u00eete croquettes personnalis\u00e9e\"},{\"@type\":\"BreadcrumbList\",\"@id\":\"https:\/\/majolietruffe.fr\/index.php\/produit\/boite-friandises-croquettes-personnalisee\/#breadcrumb\",\"itemListElement\":[{\"@type\":\"ListItem\",\"position\":1,\"name\":\"Accueil\",\"item\":\"https:\/\/majolietruffe.fr\/\"},{\"@type\":\"ListItem\",\"position\":2,\"name\":\"Boutique\",\"item\":\"https:\/\/majolietruffe.fr\/index.php\/boutique-dillustrations-et-objets-personnalises\/\"},{\"@type\":\"ListItem\",\"position\":3,\"name\":\"Bo\u00eete \u00e0 croquettes personnalis\u00e9e\"}]},{\"@type\":\"WebSite\",\"@id\":\"https:\/\/majolietruffe.fr\/#website\",\"url\":\"https:\/\/majolietruffe.fr\/\",\"name\":\"Ma Jolie Truffe\",\"description\":\"Portraits &amp; objets personnalis\u00e9s\",\"publisher\":{\"@id\":\"https:\/\/majolietruffe.fr\/#organization\"},\"potentialAction\":[{\"@type\":\"SearchAction\",\"target\":{\"@type\":\"EntryPoint\",\"urlTemplate\":\"https:\/\/majolietruffe.fr\/?s={search_term_string}\"},\"query-input\":{\"@type\":\"PropertyValueSpecification\",\"valueRequired\":true,\"valueName\":\"search_term_string\"}}],\"inLanguage\":\"fr-FR\"},{\"@type\":\"Organization\",\"@id\":\"https:\/\/majolietruffe.fr\/#organization\",\"name\":\"Ma Jolie Truffe\",\"url\":\"https:\/\/majolietruffe.fr\/\",\"logo\":{\"@type\":\"ImageObject\",\"inLanguage\":\"fr-FR\",\"@id\":\"https:\/\/majolietruffe.fr\/#\/schema\/logo\/image\/\",\"url\":\"https:\/\/majolietruffe.fr\/wp-content\/uploads\/2022\/01\/cropped-logo-04.png\",\"contentUrl\":\"https:\/\/majolietruffe.fr\/wp-content\/uploads\/2022\/01\/cropped-logo-04.png\",\"width\":620,\"height\":620,\"caption\":\"Ma Jolie Truffe\"},\"image\":{\"@id\":\"https:\/\/majolietruffe.fr\/#\/schema\/logo\/image\/\"}}]}<\/script>\n<!-- \/ Yoast SEO plugin. -->","yoast_head_json":{"title":"Bo\u00eete \u00e0 friandises ou croquettes personnalis\u00e9e - Ma Jolie Truffe","description":"La bo\u00eete \u00e0 friandises personnalis\u00e9e au nom de votre animal conviendra parfaitement pour stocker les croquettes ou les friandises. Trois tailles disponibles.","robots":{"index":"index","follow":"follow","max-snippet":"max-snippet:-1","max-image-preview":"max-image-preview:large","max-video-preview":"max-video-preview:-1"},"canonical":"https:\/\/majolietruffe.fr\/index.php\/produit\/boite-friandises-croquettes-personnalisee\/","og_locale":"fr_FR","og_type":"article","og_title":"Bo\u00eete \u00e0 friandises ou croquettes personnalis\u00e9e - Ma Jolie Truffe","og_description":"La bo\u00eete \u00e0 friandises personnalis\u00e9e au nom de votre animal conviendra parfaitement pour stocker les croquettes ou les friandises. Trois tailles disponibles.","og_url":"https:\/\/majolietruffe.fr\/index.php\/produit\/boite-friandises-croquettes-personnalisee\/","og_site_name":"Ma Jolie Truffe","article_modified_time":"2024-12-28T10:12:37+00:00","og_image":[{"width":2560,"height":2560,"url":"https:\/\/majolietruffe.fr\/wp-content\/uploads\/2022\/07\/boite_croquettes-scaled.jpg","type":"image\/jpeg"}],"twitter_card":"summary_large_image","twitter_misc":{"Dur\u00e9e de lecture estim\u00e9e":"2 minutes"},"schema":{"@context":"https:\/\/schema.org","@graph":[{"@type":"WebPage","@id":"https:\/\/majolietruffe.fr\/index.php\/produit\/boite-friandises-croquettes-personnalisee\/","url":"https:\/\/majolietruffe.fr\/index.php\/produit\/boite-friandises-croquettes-personnalisee\/","name":"Bo\u00eete \u00e0 friandises ou croquettes personnalis\u00e9e - Ma Jolie Truffe","isPartOf":{"@id":"https:\/\/majolietruffe.fr\/#website"},"primaryImageOfPage":{"@id":"https:\/\/majolietruffe.fr\/index.php\/produit\/boite-friandises-croquettes-personnalisee\/#primaryimage"},"image":{"@id":"https:\/\/majolietruffe.fr\/index.php\/produit\/boite-friandises-croquettes-personnalisee\/#primaryimage"},"thumbnailUrl":"https:\/\/majolietruffe.fr\/wp-content\/uploads\/2022\/07\/boite_croquettes-scaled.jpg","datePublished":"2022-07-30T15:43:10+00:00","dateModified":"2024-12-28T10:12:37+00:00","description":"La bo\u00eete \u00e0 friandises personnalis\u00e9e au nom de votre animal conviendra parfaitement pour stocker les croquettes ou les friandises. Trois tailles disponibles.","breadcrumb":{"@id":"https:\/\/majolietruffe.fr\/index.php\/produit\/boite-friandises-croquettes-personnalisee\/#breadcrumb"},"inLanguage":"fr-FR","potentialAction":[{"@type":"ReadAction","target":["https:\/\/majolietruffe.fr\/index.php\/produit\/boite-friandises-croquettes-personnalisee\/"]}]},{"@type":"ImageObject","inLanguage":"fr-FR","@id":"https:\/\/majolietruffe.fr\/index.php\/produit\/boite-friandises-croquettes-personnalisee\/#primaryimage","url":"https:\/\/majolietruffe.fr\/wp-content\/uploads\/2022\/07\/boite_croquettes-scaled.jpg","contentUrl":"https:\/\/majolietruffe.fr\/wp-content\/uploads\/2022\/07\/boite_croquettes-scaled.jpg","width":2560,"height":2560,"caption":"bo\u00eete croquettes personnalis\u00e9e"},{"@type":"BreadcrumbList","@id":"https:\/\/majolietruffe.fr\/index.php\/produit\/boite-friandises-croquettes-personnalisee\/#breadcrumb","itemListElement":[{"@type":"ListItem","position":1,"name":"Accueil","item":"https:\/\/majolietruffe.fr\/"},{"@type":"ListItem","position":2,"name":"Boutique","item":"https:\/\/majolietruffe.fr\/index.php\/boutique-dillustrations-et-objets-personnalises\/"},{"@type":"ListItem","position":3,"name":"Bo\u00eete \u00e0 croquettes personnalis\u00e9e"}]},{"@type":"WebSite","@id":"https:\/\/majolietruffe.fr\/#website","url":"https:\/\/majolietruffe.fr\/","name":"Ma Jolie Truffe","description":"Portraits &amp; objets personnalis\u00e9s","publisher":{"@id":"https:\/\/majolietruffe.fr\/#organization"},"potentialAction":[{"@type":"SearchAction","target":{"@type":"EntryPoint","urlTemplate":"https:\/\/majolietruffe.fr\/?s={search_term_string}"},"query-input":{"@type":"PropertyValueSpecification","valueRequired":true,"valueName":"search_term_string"}}],"inLanguage":"fr-FR"},{"@type":"Organization","@id":"https:\/\/majolietruffe.fr\/#organization","name":"Ma Jolie Truffe","url":"https:\/\/majolietruffe.fr\/","logo":{"@type":"ImageObject","inLanguage":"fr-FR","@id":"https:\/\/majolietruffe.fr\/#\/schema\/logo\/image\/","url":"https:\/\/majolietruffe.fr\/wp-content\/uploads\/2022\/01\/cropped-logo-04.png","contentUrl":"https:\/\/majolietruffe.fr\/wp-content\/uploads\/2022\/01\/cropped-logo-04.png","width":620,"height":620,"caption":"Ma Jolie Truffe"},"image":{"@id":"https:\/\/majolietruffe.fr\/#\/schema\/logo\/image\/"}}]}},"jetpack_sharing_enabled":true,"_links":{"self":[{"href":"https:\/\/majolietruffe.fr\/index.php\/wp-json\/wp\/v2\/product\/1896"}],"collection":[{"href":"https:\/\/majolietruffe.fr\/index.php\/wp-json\/wp\/v2\/product"}],"about":[{"href":"https:\/\/majolietruffe.fr\/index.php\/wp-json\/wp\/v2\/types\/product"}],"replies":[{"embeddable":true,"href":"https:\/\/majolietruffe.fr\/index.php\/wp-json\/wp\/v2\/comments?post=1896"}],"wp:featuredmedia":[{"embeddable":true,"href":"https:\/\/majolietruffe.fr\/index.php\/wp-json\/wp\/v2\/media\/1901"}],"wp:attachment":[{"href":"https:\/\/majolietruffe.fr\/index.php\/wp-json\/wp\/v2\/media?parent=1896"}],"wp:term":[{"taxonomy":"product_cat","embeddable":true,"href":"https:\/\/majolietruffe.fr\/index.php\/wp-json\/wp\/v2\/product_cat?post=1896"},{"taxonomy":"product_tag","embeddable":true,"href":"https:\/\/majolietruffe.fr\/index.php\/wp-json\/wp\/v2\/product_tag?post=1896"}],"curies":[{"name":"wp","href":"https:\/\/api.w.org\/{rel}","templated":true}]}}