{"id":1966,"date":"2022-09-26T19:30:53","date_gmt":"2022-09-26T17:30:53","guid":{"rendered":"https:\/\/majolietruffe.fr\/?post_type=product&#038;p=1966"},"modified":"2023-09-17T11:40:12","modified_gmt":"2023-09-17T09:40:12","slug":"porte-cles-mom-dad","status":"publish","type":"product","link":"https:\/\/majolietruffe.fr\/index.php\/produit\/porte-cles-mom-dad\/","title":{"rendered":"Porte-cl\u00e9s Mom\/Dad"},"content":{"rendered":"<p>Le <strong>porte-cl\u00e9s \u00ab\u00a0Mom\u00a0\u00bb<\/strong>&nbsp;conviendra \u00e0 toutes les&nbsp;<strong>mamans ou papas d&rsquo;animaux<\/strong>. C&rsquo;est une super id\u00e9e de<strong>&nbsp;cadeau<\/strong> pour les mamans de chiens, de chat, de chevaux ou de lapins ! Avec son fini brillant et son m\u00e9tal de qualit\u00e9, il durera dans le temps.<\/p>\n<p>Vous pr\u00e9f\u00e9rez un <strong>porte-cl\u00e9s scintillant<\/strong> personnalis\u00e9 avec le nom de votre animal ? Choisissez le <strong><a href=\"https:\/\/majolietruffe.fr\/index.php\/produit\/porte-cles-paillete-a-personnaliser\/\">porte-cl\u00e9s paillet\u00e9<\/a>.<\/strong><\/p>\n<p>Le d\u00e9lai de livraison est de <strong>10 jours environ,<\/strong>&nbsp;selon le stock disponible.<\/p>\n<p>Des questions ? Contactez-moi via le formulaire&nbsp;<a href=\"https:\/\/majolietruffe.fr\/index.php\/contact\/\">Contact<\/a>&nbsp;ou par mail :&nbsp;<a href=\"mailto:contact@majolietruffe.fr\">contact@majolietruffe.fr<\/a><\/p>\n","protected":false},"excerpt":{"rendered":"<ul>\n<li>Plusieurs versions : Dog Mom, Cat Mom, Bunny Mom, Horse Mom<\/li>\n<li>Porte-cl\u00e9s en m\u00e9tal<\/li>\n<li>Dimensions : 4 x 7,5 cm<\/li>\n<li>Imprim\u00e9 en France<\/li>\n<\/ul>\n","protected":false},"featured_media":1971,"comment_status":"open","ping_status":"closed","template":"","meta":{"site-sidebar-layout":"default","site-content-layout":"boxed-container","ast-site-content-layout":"default","site-content-style":"default","site-sidebar-style":"default","ast-global-header-display":"","ast-banner-title-visibility":"","ast-main-header-display":"","ast-hfb-above-header-display":"","ast-hfb-below-header-display":"","ast-hfb-mobile-header-display":"","site-post-title":"","ast-breadcrumbs-content":"","ast-featured-img":"","footer-sml-layout":"","ast-disable-related-posts":"","theme-transparent-header-meta":"default","adv-header-id-meta":"","stick-header-meta":"","header-above-stick-meta":"","header-main-stick-meta":"","header-below-stick-meta":"","astra-migrate-meta-layouts":"default","ast-page-background-enabled":"default","ast-page-background-meta":{"desktop":{"background-color":"var(--ast-global-color-4)","background-image":"","background-repeat":"repeat","background-position":"center center","background-size":"auto","background-attachment":"scroll","background-type":"","background-media":"","overlay-type":"","overlay-color":"","overlay-opacity":"","overlay-gradient":""},"tablet":{"background-color":"","background-image":"","background-repeat":"repeat","background-position":"center center","background-size":"auto","background-attachment":"scroll","background-type":"","background-media":"","overlay-type":"","overlay-color":"","overlay-opacity":"","overlay-gradient":""},"mobile":{"background-color":"","background-image":"","background-repeat":"repeat","background-position":"center center","background-size":"auto","background-attachment":"scroll","background-type":"","background-media":"","overlay-type":"","overlay-color":"","overlay-opacity":"","overlay-gradient":""}},"ast-content-background-meta":{"desktop":{"background-color":"var(--ast-global-color-5)","background-image":"","background-repeat":"repeat","background-position":"center center","background-size":"auto","background-attachment":"scroll","background-type":"","background-media":"","overlay-type":"","overlay-color":"","overlay-opacity":"","overlay-gradient":""},"tablet":{"background-color":"var(--ast-global-color-5)","background-image":"","background-repeat":"repeat","background-position":"center center","background-size":"auto","background-attachment":"scroll","background-type":"","background-media":"","overlay-type":"","overlay-color":"","overlay-opacity":"","overlay-gradient":""},"mobile":{"background-color":"var(--ast-global-color-5)","background-image":"","background-repeat":"repeat","background-position":"center center","background-size":"auto","background-attachment":"scroll","background-type":"","background-media":"","overlay-type":"","overlay-color":"","overlay-opacity":"","overlay-gradient":""}},"ngg_post_thumbnail":0},"product_cat":[35],"product_tag":[43],"yoast_head":"<!-- This site is optimized with the Yoast SEO plugin v24.4 - https:\/\/yoast.com\/wordpress\/plugins\/seo\/ -->\n<title>Porte-cl\u00e9s Mom - Ma Jolie Truffe<\/title>\n<meta name=\"description\" content=\"Le porte-cl\u00e9s &quot;Mom&quot;\u00a0conviendra \u00e0 toutes les\u00a0mamans d&#039;animaux. C&#039;est une super\u00a0id\u00e9e de cadeau pour les mamans de chiens, de chat, de chevaux ou de lapins !\" \/>\n<meta name=\"robots\" content=\"index, follow, max-snippet:-1, max-image-preview:large, max-video-preview:-1\" \/>\n<link rel=\"canonical\" href=\"https:\/\/majolietruffe.fr\/index.php\/produit\/porte-cles-mom-dad\/\" \/>\n<meta property=\"og:locale\" content=\"fr_FR\" \/>\n<meta property=\"og:type\" content=\"article\" \/>\n<meta property=\"og:title\" content=\"Porte-cl\u00e9s Mom - Ma Jolie Truffe\" \/>\n<meta property=\"og:description\" content=\"Le porte-cl\u00e9s &quot;Mom&quot;\u00a0conviendra \u00e0 toutes les\u00a0mamans d&#039;animaux. C&#039;est une super\u00a0id\u00e9e de cadeau pour les mamans de chiens, de chat, de chevaux ou de lapins !\" \/>\n<meta property=\"og:url\" content=\"https:\/\/majolietruffe.fr\/index.php\/produit\/porte-cles-mom-dad\/\" \/>\n<meta property=\"og:site_name\" content=\"Ma Jolie Truffe\" \/>\n<meta property=\"article:modified_time\" content=\"2023-09-17T09:40:12+00:00\" \/>\n<meta property=\"og:image\" content=\"https:\/\/majolietruffe.fr\/wp-content\/uploads\/2022\/09\/porte-cle\u0301_cat_mom.jpg\" \/>\n\t<meta property=\"og:image:width\" content=\"500\" \/>\n\t<meta property=\"og:image:height\" content=\"500\" \/>\n\t<meta property=\"og:image:type\" content=\"image\/jpeg\" \/>\n<meta name=\"twitter:card\" content=\"summary_large_image\" \/>\n<meta name=\"twitter:label1\" content=\"Dur\u00e9e de lecture estim\u00e9e\" \/>\n\t<meta name=\"twitter:data1\" content=\"1 minute\" \/>\n<script type=\"application\/ld+json\" class=\"yoast-schema-graph\">{\"@context\":\"https:\/\/schema.org\",\"@graph\":[{\"@type\":\"WebPage\",\"@id\":\"https:\/\/majolietruffe.fr\/index.php\/produit\/porte-cles-mom-dad\/\",\"url\":\"https:\/\/majolietruffe.fr\/index.php\/produit\/porte-cles-mom-dad\/\",\"name\":\"Porte-cl\u00e9s Mom - Ma Jolie Truffe\",\"isPartOf\":{\"@id\":\"https:\/\/majolietruffe.fr\/#website\"},\"primaryImageOfPage\":{\"@id\":\"https:\/\/majolietruffe.fr\/index.php\/produit\/porte-cles-mom-dad\/#primaryimage\"},\"image\":{\"@id\":\"https:\/\/majolietruffe.fr\/index.php\/produit\/porte-cles-mom-dad\/#primaryimage\"},\"thumbnailUrl\":\"https:\/\/majolietruffe.fr\/wp-content\/uploads\/2022\/09\/porte-cle\u0301_cat_mom.jpg\",\"datePublished\":\"2022-09-26T17:30:53+00:00\",\"dateModified\":\"2023-09-17T09:40:12+00:00\",\"description\":\"Le porte-cl\u00e9s \\\"Mom\\\"\u00a0conviendra \u00e0 toutes les\u00a0mamans d'animaux. C'est une super\u00a0id\u00e9e de cadeau pour les mamans de chiens, de chat, de chevaux ou de lapins !\",\"breadcrumb\":{\"@id\":\"https:\/\/majolietruffe.fr\/index.php\/produit\/porte-cles-mom-dad\/#breadcrumb\"},\"inLanguage\":\"fr-FR\",\"potentialAction\":[{\"@type\":\"ReadAction\",\"target\":[\"https:\/\/majolietruffe.fr\/index.php\/produit\/porte-cles-mom-dad\/\"]}]},{\"@type\":\"ImageObject\",\"inLanguage\":\"fr-FR\",\"@id\":\"https:\/\/majolietruffe.fr\/index.php\/produit\/porte-cles-mom-dad\/#primaryimage\",\"url\":\"https:\/\/majolietruffe.fr\/wp-content\/uploads\/2022\/09\/porte-cle\u0301_cat_mom.jpg\",\"contentUrl\":\"https:\/\/majolietruffe.fr\/wp-content\/uploads\/2022\/09\/porte-cle\u0301_cat_mom.jpg\",\"width\":500,\"height\":500},{\"@type\":\"BreadcrumbList\",\"@id\":\"https:\/\/majolietruffe.fr\/index.php\/produit\/porte-cles-mom-dad\/#breadcrumb\",\"itemListElement\":[{\"@type\":\"ListItem\",\"position\":1,\"name\":\"Accueil\",\"item\":\"https:\/\/majolietruffe.fr\/\"},{\"@type\":\"ListItem\",\"position\":2,\"name\":\"Boutique\",\"item\":\"https:\/\/majolietruffe.fr\/index.php\/boutique-dillustrations-et-objets-personnalises\/\"},{\"@type\":\"ListItem\",\"position\":3,\"name\":\"Porte-cl\u00e9s Mom\/Dad\"}]},{\"@type\":\"WebSite\",\"@id\":\"https:\/\/majolietruffe.fr\/#website\",\"url\":\"https:\/\/majolietruffe.fr\/\",\"name\":\"Ma Jolie Truffe\",\"description\":\"Portraits &amp; objets personnalis\u00e9s\",\"publisher\":{\"@id\":\"https:\/\/majolietruffe.fr\/#organization\"},\"potentialAction\":[{\"@type\":\"SearchAction\",\"target\":{\"@type\":\"EntryPoint\",\"urlTemplate\":\"https:\/\/majolietruffe.fr\/?s={search_term_string}\"},\"query-input\":{\"@type\":\"PropertyValueSpecification\",\"valueRequired\":true,\"valueName\":\"search_term_string\"}}],\"inLanguage\":\"fr-FR\"},{\"@type\":\"Organization\",\"@id\":\"https:\/\/majolietruffe.fr\/#organization\",\"name\":\"Ma Jolie Truffe\",\"url\":\"https:\/\/majolietruffe.fr\/\",\"logo\":{\"@type\":\"ImageObject\",\"inLanguage\":\"fr-FR\",\"@id\":\"https:\/\/majolietruffe.fr\/#\/schema\/logo\/image\/\",\"url\":\"https:\/\/majolietruffe.fr\/wp-content\/uploads\/2022\/01\/cropped-logo-04.png\",\"contentUrl\":\"https:\/\/majolietruffe.fr\/wp-content\/uploads\/2022\/01\/cropped-logo-04.png\",\"width\":620,\"height\":620,\"caption\":\"Ma Jolie Truffe\"},\"image\":{\"@id\":\"https:\/\/majolietruffe.fr\/#\/schema\/logo\/image\/\"}}]}<\/script>\n<!-- \/ Yoast SEO plugin. -->","yoast_head_json":{"title":"Porte-cl\u00e9s Mom - Ma Jolie Truffe","description":"Le porte-cl\u00e9s \"Mom\"\u00a0conviendra \u00e0 toutes les\u00a0mamans d'animaux. C'est une super\u00a0id\u00e9e de cadeau pour les mamans de chiens, de chat, de chevaux ou de lapins !","robots":{"index":"index","follow":"follow","max-snippet":"max-snippet:-1","max-image-preview":"max-image-preview:large","max-video-preview":"max-video-preview:-1"},"canonical":"https:\/\/majolietruffe.fr\/index.php\/produit\/porte-cles-mom-dad\/","og_locale":"fr_FR","og_type":"article","og_title":"Porte-cl\u00e9s Mom - Ma Jolie Truffe","og_description":"Le porte-cl\u00e9s \"Mom\"\u00a0conviendra \u00e0 toutes les\u00a0mamans d'animaux. C'est une super\u00a0id\u00e9e de cadeau pour les mamans de chiens, de chat, de chevaux ou de lapins !","og_url":"https:\/\/majolietruffe.fr\/index.php\/produit\/porte-cles-mom-dad\/","og_site_name":"Ma Jolie Truffe","article_modified_time":"2023-09-17T09:40:12+00:00","og_image":[{"width":500,"height":500,"url":"https:\/\/majolietruffe.fr\/wp-content\/uploads\/2022\/09\/porte-cle\u0301_cat_mom.jpg","type":"image\/jpeg"}],"twitter_card":"summary_large_image","twitter_misc":{"Dur\u00e9e de lecture estim\u00e9e":"1 minute"},"schema":{"@context":"https:\/\/schema.org","@graph":[{"@type":"WebPage","@id":"https:\/\/majolietruffe.fr\/index.php\/produit\/porte-cles-mom-dad\/","url":"https:\/\/majolietruffe.fr\/index.php\/produit\/porte-cles-mom-dad\/","name":"Porte-cl\u00e9s Mom - Ma Jolie Truffe","isPartOf":{"@id":"https:\/\/majolietruffe.fr\/#website"},"primaryImageOfPage":{"@id":"https:\/\/majolietruffe.fr\/index.php\/produit\/porte-cles-mom-dad\/#primaryimage"},"image":{"@id":"https:\/\/majolietruffe.fr\/index.php\/produit\/porte-cles-mom-dad\/#primaryimage"},"thumbnailUrl":"https:\/\/majolietruffe.fr\/wp-content\/uploads\/2022\/09\/porte-cle\u0301_cat_mom.jpg","datePublished":"2022-09-26T17:30:53+00:00","dateModified":"2023-09-17T09:40:12+00:00","description":"Le porte-cl\u00e9s \"Mom\"\u00a0conviendra \u00e0 toutes les\u00a0mamans d'animaux. C'est une super\u00a0id\u00e9e de cadeau pour les mamans de chiens, de chat, de chevaux ou de lapins !","breadcrumb":{"@id":"https:\/\/majolietruffe.fr\/index.php\/produit\/porte-cles-mom-dad\/#breadcrumb"},"inLanguage":"fr-FR","potentialAction":[{"@type":"ReadAction","target":["https:\/\/majolietruffe.fr\/index.php\/produit\/porte-cles-mom-dad\/"]}]},{"@type":"ImageObject","inLanguage":"fr-FR","@id":"https:\/\/majolietruffe.fr\/index.php\/produit\/porte-cles-mom-dad\/#primaryimage","url":"https:\/\/majolietruffe.fr\/wp-content\/uploads\/2022\/09\/porte-cle\u0301_cat_mom.jpg","contentUrl":"https:\/\/majolietruffe.fr\/wp-content\/uploads\/2022\/09\/porte-cle\u0301_cat_mom.jpg","width":500,"height":500},{"@type":"BreadcrumbList","@id":"https:\/\/majolietruffe.fr\/index.php\/produit\/porte-cles-mom-dad\/#breadcrumb","itemListElement":[{"@type":"ListItem","position":1,"name":"Accueil","item":"https:\/\/majolietruffe.fr\/"},{"@type":"ListItem","position":2,"name":"Boutique","item":"https:\/\/majolietruffe.fr\/index.php\/boutique-dillustrations-et-objets-personnalises\/"},{"@type":"ListItem","position":3,"name":"Porte-cl\u00e9s Mom\/Dad"}]},{"@type":"WebSite","@id":"https:\/\/majolietruffe.fr\/#website","url":"https:\/\/majolietruffe.fr\/","name":"Ma Jolie Truffe","description":"Portraits &amp; objets personnalis\u00e9s","publisher":{"@id":"https:\/\/majolietruffe.fr\/#organization"},"potentialAction":[{"@type":"SearchAction","target":{"@type":"EntryPoint","urlTemplate":"https:\/\/majolietruffe.fr\/?s={search_term_string}"},"query-input":{"@type":"PropertyValueSpecification","valueRequired":true,"valueName":"search_term_string"}}],"inLanguage":"fr-FR"},{"@type":"Organization","@id":"https:\/\/majolietruffe.fr\/#organization","name":"Ma Jolie Truffe","url":"https:\/\/majolietruffe.fr\/","logo":{"@type":"ImageObject","inLanguage":"fr-FR","@id":"https:\/\/majolietruffe.fr\/#\/schema\/logo\/image\/","url":"https:\/\/majolietruffe.fr\/wp-content\/uploads\/2022\/01\/cropped-logo-04.png","contentUrl":"https:\/\/majolietruffe.fr\/wp-content\/uploads\/2022\/01\/cropped-logo-04.png","width":620,"height":620,"caption":"Ma Jolie Truffe"},"image":{"@id":"https:\/\/majolietruffe.fr\/#\/schema\/logo\/image\/"}}]}},"jetpack_sharing_enabled":true,"_links":{"self":[{"href":"https:\/\/majolietruffe.fr\/index.php\/wp-json\/wp\/v2\/product\/1966"}],"collection":[{"href":"https:\/\/majolietruffe.fr\/index.php\/wp-json\/wp\/v2\/product"}],"about":[{"href":"https:\/\/majolietruffe.fr\/index.php\/wp-json\/wp\/v2\/types\/product"}],"replies":[{"embeddable":true,"href":"https:\/\/majolietruffe.fr\/index.php\/wp-json\/wp\/v2\/comments?post=1966"}],"wp:featuredmedia":[{"embeddable":true,"href":"https:\/\/majolietruffe.fr\/index.php\/wp-json\/wp\/v2\/media\/1971"}],"wp:attachment":[{"href":"https:\/\/majolietruffe.fr\/index.php\/wp-json\/wp\/v2\/media?parent=1966"}],"wp:term":[{"taxonomy":"product_cat","embeddable":true,"href":"https:\/\/majolietruffe.fr\/index.php\/wp-json\/wp\/v2\/product_cat?post=1966"},{"taxonomy":"product_tag","embeddable":true,"href":"https:\/\/majolietruffe.fr\/index.php\/wp-json\/wp\/v2\/product_tag?post=1966"}],"curies":[{"name":"wp","href":"https:\/\/api.w.org\/{rel}","templated":true}]}}