{"id":1993,"date":"2022-10-05T20:13:50","date_gmt":"2022-10-05T18:13:50","guid":{"rendered":"https:\/\/majolietruffe.fr\/?post_type=product&#038;p=1993"},"modified":"2023-01-19T18:11:51","modified_gmt":"2023-01-19T17:11:51","slug":"tablier-adulte-a-personnaliser","status":"publish","type":"product","link":"https:\/\/majolietruffe.fr\/index.php\/produit\/tablier-adulte-a-personnaliser\/","title":{"rendered":"Tablier adulte personnalis\u00e9"},"content":{"rendered":"<p>Le<strong> tablier personnalis\u00e9<\/strong> avec le portrait de votre animal sera l&rsquo;alli\u00e9 parfait pour vos t\u00e2ches cuisini\u00e8res ! Il est \u00e9quip\u00e9 d&rsquo;une poche centrale pour vos ustensiles et s&rsquo;ajuste \u00e0 votre taille gr\u00e2ce \u00e0 ses diff\u00e9rentes lani\u00e8res. Les tabliers sont<strong> 100% coton certifi\u00e9 Fairtrade<\/strong> et imprim\u00e9s en France.<\/p>\n<h4>Personnalisation<\/h4>\n<p>Il est possible d\u2019avoir jusqu\u2019\u00e0 5 animaux diff\u00e9rents sur le <strong>tablier adulte personnalis\u00e9.<\/strong>&nbsp;Les animaux peuvent tout \u00e0 fait \u00eatre sur des photos s\u00e9par\u00e9es. Attention \u00e0 choisir des photos de&nbsp;<strong>bonne qualit\u00e9<\/strong>&nbsp;et avec un&nbsp;<strong>\u00e9clairage suffisant.<\/strong><\/p>\n<p>Pour les clients ayant <strong>d\u00e9j\u00e0 command\u00e9<\/strong> un portrait ant\u00e9rieurement, s\u00e9lectionnez l\u2019option \u201cmon portrait a d\u00e9j\u00e0 \u00e9t\u00e9 dessin\u00e9\u201d et indiquez-moi le portrait que vous souhaitez dans les commentaires.<\/p>\n<h4>Fichiers portrait inclus<\/h4>\n<p>Les fichiers du portrait sont <strong>envoy\u00e9s par mail<\/strong> sous plusieurs formats (A4, fonds d&rsquo;\u00e9cran, etc). Si vous souhaitez commander plusieurs objets avec le m\u00eame portrait, il n&rsquo;est pas n\u00e9cessaire d&rsquo;ajouter \u00e0 chaque fois la cr\u00e9ation du portrait. Je stocke tous les portraits, ainsi vous pourrez toujours commander ult\u00e9rieurement un autre support.<\/p>\n<h4>Livraison<\/h4>\n<p>Le d\u00e9lai de livraison est de&nbsp;<strong>2 semaines environ,<\/strong>&nbsp;selon le stock disponible. Je propose la livraison par La Poste ou&nbsp;<a href=\"https:\/\/www.mondialrelay.fr\/\">Mondial Relay.<\/a><\/p>\n<h4>Suggestions<\/h4>\n<p>Envie d&rsquo;un<strong> t-shirt personnalis\u00e9 avec votre animal ?&nbsp;<\/strong>D\u00e9couvrez le<a href=\"https:\/\/majolietruffe.fr\/index.php\/produit\/t-shirt-adulte-femme-a-personnaliser\/\"> t-shirt femme \u00e0 personnaliser.<\/a><\/p>\n","protected":false},"excerpt":{"rendered":"<ul>\n<li>Couleur naturelle<\/li>\n<li>Impression avec du papier transfert<\/li>\n<li>100% coton<\/li>\n<li>Grammage 290g\/m2<\/li>\n<li>Dimensions : 70 x 93 cm<\/li>\n<\/ul>\n<p>Entretien :<\/p>\n<ul>\n<li>Lavage \u00e0 30\u00b0c maximum<\/li>\n<li>Pas de s\u00e8che-linge<\/li>\n<li>Repasser sur l&rsquo;envers<\/li>\n<\/ul>\n","protected":false},"featured_media":1997,"comment_status":"open","ping_status":"closed","template":"","meta":{"site-sidebar-layout":"no-sidebar","site-content-layout":"boxed-container","ast-site-content-layout":"default","site-content-style":"default","site-sidebar-style":"default","ast-global-header-display":"","ast-banner-title-visibility":"","ast-main-header-display":"","ast-hfb-above-header-display":"","ast-hfb-below-header-display":"","ast-hfb-mobile-header-display":"","site-post-title":"","ast-breadcrumbs-content":"","ast-featured-img":"","footer-sml-layout":"","ast-disable-related-posts":"","theme-transparent-header-meta":"default","adv-header-id-meta":"","stick-header-meta":"","header-above-stick-meta":"","header-main-stick-meta":"","header-below-stick-meta":"","astra-migrate-meta-layouts":"default","ast-page-background-enabled":"default","ast-page-background-meta":{"desktop":{"background-color":"var(--ast-global-color-4)","background-image":"","background-repeat":"repeat","background-position":"center center","background-size":"auto","background-attachment":"scroll","background-type":"","background-media":"","overlay-type":"","overlay-color":"","overlay-opacity":"","overlay-gradient":""},"tablet":{"background-color":"","background-image":"","background-repeat":"repeat","background-position":"center center","background-size":"auto","background-attachment":"scroll","background-type":"","background-media":"","overlay-type":"","overlay-color":"","overlay-opacity":"","overlay-gradient":""},"mobile":{"background-color":"","background-image":"","background-repeat":"repeat","background-position":"center center","background-size":"auto","background-attachment":"scroll","background-type":"","background-media":"","overlay-type":"","overlay-color":"","overlay-opacity":"","overlay-gradient":""}},"ast-content-background-meta":{"desktop":{"background-color":"var(--ast-global-color-5)","background-image":"","background-repeat":"repeat","background-position":"center center","background-size":"auto","background-attachment":"scroll","background-type":"","background-media":"","overlay-type":"","overlay-color":"","overlay-opacity":"","overlay-gradient":""},"tablet":{"background-color":"var(--ast-global-color-5)","background-image":"","background-repeat":"repeat","background-position":"center center","background-size":"auto","background-attachment":"scroll","background-type":"","background-media":"","overlay-type":"","overlay-color":"","overlay-opacity":"","overlay-gradient":""},"mobile":{"background-color":"var(--ast-global-color-5)","background-image":"","background-repeat":"repeat","background-position":"center center","background-size":"auto","background-attachment":"scroll","background-type":"","background-media":"","overlay-type":"","overlay-color":"","overlay-opacity":"","overlay-gradient":""}},"ngg_post_thumbnail":0},"product_cat":[24,58],"product_tag":[38],"yoast_head":"<!-- This site is optimized with the Yoast SEO plugin v24.4 - https:\/\/yoast.com\/wordpress\/plugins\/seo\/ -->\n<title>Tablier adulte personnalis\u00e9 animal - Ma Jolie Truffe<\/title>\n<meta name=\"description\" content=\"Le tablier personnalis\u00e9 avec le portrait de votre animal sera l&#039;alli\u00e9 parfait pour vos t\u00e2ches cuisini\u00e8res ! Il est compos\u00e9 \u00e0 100% de coton.\" \/>\n<meta name=\"robots\" content=\"index, follow, max-snippet:-1, max-image-preview:large, max-video-preview:-1\" \/>\n<link rel=\"canonical\" href=\"https:\/\/majolietruffe.fr\/index.php\/produit\/tablier-adulte-a-personnaliser\/\" \/>\n<meta property=\"og:locale\" content=\"fr_FR\" \/>\n<meta property=\"og:type\" content=\"article\" \/>\n<meta property=\"og:title\" content=\"Tablier adulte personnalis\u00e9 animal - Ma Jolie Truffe\" \/>\n<meta property=\"og:description\" content=\"Le tablier personnalis\u00e9 avec le portrait de votre animal sera l&#039;alli\u00e9 parfait pour vos t\u00e2ches cuisini\u00e8res ! Il est compos\u00e9 \u00e0 100% de coton.\" \/>\n<meta property=\"og:url\" content=\"https:\/\/majolietruffe.fr\/index.php\/produit\/tablier-adulte-a-personnaliser\/\" \/>\n<meta property=\"og:site_name\" content=\"Ma Jolie Truffe\" \/>\n<meta property=\"article:modified_time\" content=\"2023-01-19T17:11:51+00:00\" \/>\n<meta property=\"og:image\" content=\"https:\/\/majolietruffe.fr\/wp-content\/uploads\/2022\/10\/tablier_rouky.jpg\" \/>\n\t<meta property=\"og:image:width\" content=\"600\" \/>\n\t<meta property=\"og:image:height\" content=\"600\" \/>\n\t<meta property=\"og:image:type\" content=\"image\/jpeg\" \/>\n<meta name=\"twitter:card\" content=\"summary_large_image\" \/>\n<meta name=\"twitter:label1\" content=\"Dur\u00e9e de lecture estim\u00e9e\" \/>\n\t<meta name=\"twitter:data1\" content=\"2 minutes\" \/>\n<script type=\"application\/ld+json\" class=\"yoast-schema-graph\">{\"@context\":\"https:\/\/schema.org\",\"@graph\":[{\"@type\":\"WebPage\",\"@id\":\"https:\/\/majolietruffe.fr\/index.php\/produit\/tablier-adulte-a-personnaliser\/\",\"url\":\"https:\/\/majolietruffe.fr\/index.php\/produit\/tablier-adulte-a-personnaliser\/\",\"name\":\"Tablier adulte personnalis\u00e9 animal - Ma Jolie Truffe\",\"isPartOf\":{\"@id\":\"https:\/\/majolietruffe.fr\/#website\"},\"primaryImageOfPage\":{\"@id\":\"https:\/\/majolietruffe.fr\/index.php\/produit\/tablier-adulte-a-personnaliser\/#primaryimage\"},\"image\":{\"@id\":\"https:\/\/majolietruffe.fr\/index.php\/produit\/tablier-adulte-a-personnaliser\/#primaryimage\"},\"thumbnailUrl\":\"https:\/\/majolietruffe.fr\/wp-content\/uploads\/2022\/10\/tablier_rouky.jpg\",\"datePublished\":\"2022-10-05T18:13:50+00:00\",\"dateModified\":\"2023-01-19T17:11:51+00:00\",\"description\":\"Le tablier personnalis\u00e9 avec le portrait de votre animal sera l'alli\u00e9 parfait pour vos t\u00e2ches cuisini\u00e8res ! Il est compos\u00e9 \u00e0 100% de coton.\",\"breadcrumb\":{\"@id\":\"https:\/\/majolietruffe.fr\/index.php\/produit\/tablier-adulte-a-personnaliser\/#breadcrumb\"},\"inLanguage\":\"fr-FR\",\"potentialAction\":[{\"@type\":\"ReadAction\",\"target\":[\"https:\/\/majolietruffe.fr\/index.php\/produit\/tablier-adulte-a-personnaliser\/\"]}]},{\"@type\":\"ImageObject\",\"inLanguage\":\"fr-FR\",\"@id\":\"https:\/\/majolietruffe.fr\/index.php\/produit\/tablier-adulte-a-personnaliser\/#primaryimage\",\"url\":\"https:\/\/majolietruffe.fr\/wp-content\/uploads\/2022\/10\/tablier_rouky.jpg\",\"contentUrl\":\"https:\/\/majolietruffe.fr\/wp-content\/uploads\/2022\/10\/tablier_rouky.jpg\",\"width\":600,\"height\":600},{\"@type\":\"BreadcrumbList\",\"@id\":\"https:\/\/majolietruffe.fr\/index.php\/produit\/tablier-adulte-a-personnaliser\/#breadcrumb\",\"itemListElement\":[{\"@type\":\"ListItem\",\"position\":1,\"name\":\"Accueil\",\"item\":\"https:\/\/majolietruffe.fr\/\"},{\"@type\":\"ListItem\",\"position\":2,\"name\":\"Boutique\",\"item\":\"https:\/\/majolietruffe.fr\/index.php\/boutique-dillustrations-et-objets-personnalises\/\"},{\"@type\":\"ListItem\",\"position\":3,\"name\":\"Tablier adulte personnalis\u00e9\"}]},{\"@type\":\"WebSite\",\"@id\":\"https:\/\/majolietruffe.fr\/#website\",\"url\":\"https:\/\/majolietruffe.fr\/\",\"name\":\"Ma Jolie Truffe\",\"description\":\"Portraits &amp; objets personnalis\u00e9s\",\"publisher\":{\"@id\":\"https:\/\/majolietruffe.fr\/#organization\"},\"potentialAction\":[{\"@type\":\"SearchAction\",\"target\":{\"@type\":\"EntryPoint\",\"urlTemplate\":\"https:\/\/majolietruffe.fr\/?s={search_term_string}\"},\"query-input\":{\"@type\":\"PropertyValueSpecification\",\"valueRequired\":true,\"valueName\":\"search_term_string\"}}],\"inLanguage\":\"fr-FR\"},{\"@type\":\"Organization\",\"@id\":\"https:\/\/majolietruffe.fr\/#organization\",\"name\":\"Ma Jolie Truffe\",\"url\":\"https:\/\/majolietruffe.fr\/\",\"logo\":{\"@type\":\"ImageObject\",\"inLanguage\":\"fr-FR\",\"@id\":\"https:\/\/majolietruffe.fr\/#\/schema\/logo\/image\/\",\"url\":\"https:\/\/majolietruffe.fr\/wp-content\/uploads\/2022\/01\/cropped-logo-04.png\",\"contentUrl\":\"https:\/\/majolietruffe.fr\/wp-content\/uploads\/2022\/01\/cropped-logo-04.png\",\"width\":620,\"height\":620,\"caption\":\"Ma Jolie Truffe\"},\"image\":{\"@id\":\"https:\/\/majolietruffe.fr\/#\/schema\/logo\/image\/\"}}]}<\/script>\n<!-- \/ Yoast SEO plugin. -->","yoast_head_json":{"title":"Tablier adulte personnalis\u00e9 animal - Ma Jolie Truffe","description":"Le tablier personnalis\u00e9 avec le portrait de votre animal sera l'alli\u00e9 parfait pour vos t\u00e2ches cuisini\u00e8res ! Il est compos\u00e9 \u00e0 100% de coton.","robots":{"index":"index","follow":"follow","max-snippet":"max-snippet:-1","max-image-preview":"max-image-preview:large","max-video-preview":"max-video-preview:-1"},"canonical":"https:\/\/majolietruffe.fr\/index.php\/produit\/tablier-adulte-a-personnaliser\/","og_locale":"fr_FR","og_type":"article","og_title":"Tablier adulte personnalis\u00e9 animal - Ma Jolie Truffe","og_description":"Le tablier personnalis\u00e9 avec le portrait de votre animal sera l'alli\u00e9 parfait pour vos t\u00e2ches cuisini\u00e8res ! Il est compos\u00e9 \u00e0 100% de coton.","og_url":"https:\/\/majolietruffe.fr\/index.php\/produit\/tablier-adulte-a-personnaliser\/","og_site_name":"Ma Jolie Truffe","article_modified_time":"2023-01-19T17:11:51+00:00","og_image":[{"width":600,"height":600,"url":"https:\/\/majolietruffe.fr\/wp-content\/uploads\/2022\/10\/tablier_rouky.jpg","type":"image\/jpeg"}],"twitter_card":"summary_large_image","twitter_misc":{"Dur\u00e9e de lecture estim\u00e9e":"2 minutes"},"schema":{"@context":"https:\/\/schema.org","@graph":[{"@type":"WebPage","@id":"https:\/\/majolietruffe.fr\/index.php\/produit\/tablier-adulte-a-personnaliser\/","url":"https:\/\/majolietruffe.fr\/index.php\/produit\/tablier-adulte-a-personnaliser\/","name":"Tablier adulte personnalis\u00e9 animal - Ma Jolie Truffe","isPartOf":{"@id":"https:\/\/majolietruffe.fr\/#website"},"primaryImageOfPage":{"@id":"https:\/\/majolietruffe.fr\/index.php\/produit\/tablier-adulte-a-personnaliser\/#primaryimage"},"image":{"@id":"https:\/\/majolietruffe.fr\/index.php\/produit\/tablier-adulte-a-personnaliser\/#primaryimage"},"thumbnailUrl":"https:\/\/majolietruffe.fr\/wp-content\/uploads\/2022\/10\/tablier_rouky.jpg","datePublished":"2022-10-05T18:13:50+00:00","dateModified":"2023-01-19T17:11:51+00:00","description":"Le tablier personnalis\u00e9 avec le portrait de votre animal sera l'alli\u00e9 parfait pour vos t\u00e2ches cuisini\u00e8res ! Il est compos\u00e9 \u00e0 100% de coton.","breadcrumb":{"@id":"https:\/\/majolietruffe.fr\/index.php\/produit\/tablier-adulte-a-personnaliser\/#breadcrumb"},"inLanguage":"fr-FR","potentialAction":[{"@type":"ReadAction","target":["https:\/\/majolietruffe.fr\/index.php\/produit\/tablier-adulte-a-personnaliser\/"]}]},{"@type":"ImageObject","inLanguage":"fr-FR","@id":"https:\/\/majolietruffe.fr\/index.php\/produit\/tablier-adulte-a-personnaliser\/#primaryimage","url":"https:\/\/majolietruffe.fr\/wp-content\/uploads\/2022\/10\/tablier_rouky.jpg","contentUrl":"https:\/\/majolietruffe.fr\/wp-content\/uploads\/2022\/10\/tablier_rouky.jpg","width":600,"height":600},{"@type":"BreadcrumbList","@id":"https:\/\/majolietruffe.fr\/index.php\/produit\/tablier-adulte-a-personnaliser\/#breadcrumb","itemListElement":[{"@type":"ListItem","position":1,"name":"Accueil","item":"https:\/\/majolietruffe.fr\/"},{"@type":"ListItem","position":2,"name":"Boutique","item":"https:\/\/majolietruffe.fr\/index.php\/boutique-dillustrations-et-objets-personnalises\/"},{"@type":"ListItem","position":3,"name":"Tablier adulte personnalis\u00e9"}]},{"@type":"WebSite","@id":"https:\/\/majolietruffe.fr\/#website","url":"https:\/\/majolietruffe.fr\/","name":"Ma Jolie Truffe","description":"Portraits &amp; objets personnalis\u00e9s","publisher":{"@id":"https:\/\/majolietruffe.fr\/#organization"},"potentialAction":[{"@type":"SearchAction","target":{"@type":"EntryPoint","urlTemplate":"https:\/\/majolietruffe.fr\/?s={search_term_string}"},"query-input":{"@type":"PropertyValueSpecification","valueRequired":true,"valueName":"search_term_string"}}],"inLanguage":"fr-FR"},{"@type":"Organization","@id":"https:\/\/majolietruffe.fr\/#organization","name":"Ma Jolie Truffe","url":"https:\/\/majolietruffe.fr\/","logo":{"@type":"ImageObject","inLanguage":"fr-FR","@id":"https:\/\/majolietruffe.fr\/#\/schema\/logo\/image\/","url":"https:\/\/majolietruffe.fr\/wp-content\/uploads\/2022\/01\/cropped-logo-04.png","contentUrl":"https:\/\/majolietruffe.fr\/wp-content\/uploads\/2022\/01\/cropped-logo-04.png","width":620,"height":620,"caption":"Ma Jolie Truffe"},"image":{"@id":"https:\/\/majolietruffe.fr\/#\/schema\/logo\/image\/"}}]}},"jetpack_sharing_enabled":true,"_links":{"self":[{"href":"https:\/\/majolietruffe.fr\/index.php\/wp-json\/wp\/v2\/product\/1993"}],"collection":[{"href":"https:\/\/majolietruffe.fr\/index.php\/wp-json\/wp\/v2\/product"}],"about":[{"href":"https:\/\/majolietruffe.fr\/index.php\/wp-json\/wp\/v2\/types\/product"}],"replies":[{"embeddable":true,"href":"https:\/\/majolietruffe.fr\/index.php\/wp-json\/wp\/v2\/comments?post=1993"}],"wp:featuredmedia":[{"embeddable":true,"href":"https:\/\/majolietruffe.fr\/index.php\/wp-json\/wp\/v2\/media\/1997"}],"wp:attachment":[{"href":"https:\/\/majolietruffe.fr\/index.php\/wp-json\/wp\/v2\/media?parent=1993"}],"wp:term":[{"taxonomy":"product_cat","embeddable":true,"href":"https:\/\/majolietruffe.fr\/index.php\/wp-json\/wp\/v2\/product_cat?post=1993"},{"taxonomy":"product_tag","embeddable":true,"href":"https:\/\/majolietruffe.fr\/index.php\/wp-json\/wp\/v2\/product_tag?post=1993"}],"curies":[{"name":"wp","href":"https:\/\/api.w.org\/{rel}","templated":true}]}}