{"id":2004,"date":"2022-10-06T17:31:37","date_gmt":"2022-10-06T15:31:37","guid":{"rendered":"https:\/\/majolietruffe.fr\/?post_type=product&#038;p=2004"},"modified":"2022-10-25T10:16:52","modified_gmt":"2022-10-25T08:16:52","slug":"tablier-adulte-mom-dad","status":"publish","type":"product","link":"https:\/\/majolietruffe.fr\/index.php\/produit\/tablier-adulte-mom-dad\/","title":{"rendered":"Tablier adulte Mom\/Dad"},"content":{"rendered":"<p>Le<strong> tablier adulte Mom<\/strong> sera l&rsquo;alli\u00e9 parfait pour vos t\u00e2ches cuisini\u00e8res ! Disponible dans <strong>diff\u00e9rentes versions,<\/strong> il conviendra \u00e0 tous les parents d&rsquo;animaux de compagnie. Il est \u00e9quip\u00e9 d&rsquo;une poche centrale pour vos ustensiles et s&rsquo;ajuste \u00e0 votre taille gr\u00e2ce \u00e0 ses diff\u00e9rentes lani\u00e8res. Les tabliers sont<strong> 100% coton certifi\u00e9 Fairtrade<\/strong> et imprim\u00e9s en France.<\/p>\n<p>Le d\u00e9lai de livraison est de <strong>2 semaines maximum,<\/strong> selon le stock disponible.<\/p>\n<p>Envie d&rsquo;un t-shirt pour mettre en dessous ? Retrouvez le <a href=\"https:\/\/majolietruffe.fr\/index.php\/produit\/tshirt-mixte-mom-dad\/\">t-shirt mixte Mom\/Dad.<\/a><\/p>\n<p>Des questions ? Contactez-moi via le formulaire&nbsp;<a href=\"https:\/\/majolietruffe.fr\/index.php\/contact\/\">Contact<\/a>&nbsp;ou par mail :&nbsp;<a href=\"mailto:contact@majolietruffe.fr\">contact@majolietruffe.fr<\/a><\/p>\n","protected":false},"excerpt":{"rendered":"<ul>\n<li>Plusieurs versions : Dog Mom\/Dad, Cat Mom\/Dad, Bunny Mom, Horse Mom<\/li>\n<li>Couleur naturelle<\/li>\n<li>100% coton<\/li>\n<li>Grammage 290g\/m2<\/li>\n<li>Dimensions : 70 x 93 cm<\/li>\n<\/ul>\n<p>Entretien :<\/p>\n<ul>\n<li>Lavage \u00e0 30\u00b0c maximum<\/li>\n<li>Pas de s\u00e8che-linge<\/li>\n<li>Repasser sur l&rsquo;envers<\/li>\n<\/ul>\n","protected":false},"featured_media":2009,"comment_status":"open","ping_status":"closed","template":"","meta":{"site-sidebar-layout":"no-sidebar","site-content-layout":"boxed-container","ast-site-content-layout":"default","site-content-style":"default","site-sidebar-style":"default","ast-global-header-display":"","ast-banner-title-visibility":"","ast-main-header-display":"","ast-hfb-above-header-display":"","ast-hfb-below-header-display":"","ast-hfb-mobile-header-display":"","site-post-title":"","ast-breadcrumbs-content":"","ast-featured-img":"","footer-sml-layout":"","ast-disable-related-posts":"","theme-transparent-header-meta":"default","adv-header-id-meta":"","stick-header-meta":"","header-above-stick-meta":"","header-main-stick-meta":"","header-below-stick-meta":"","astra-migrate-meta-layouts":"default","ast-page-background-enabled":"default","ast-page-background-meta":{"desktop":{"background-color":"var(--ast-global-color-4)","background-image":"","background-repeat":"repeat","background-position":"center center","background-size":"auto","background-attachment":"scroll","background-type":"","background-media":"","overlay-type":"","overlay-color":"","overlay-opacity":"","overlay-gradient":""},"tablet":{"background-color":"","background-image":"","background-repeat":"repeat","background-position":"center center","background-size":"auto","background-attachment":"scroll","background-type":"","background-media":"","overlay-type":"","overlay-color":"","overlay-opacity":"","overlay-gradient":""},"mobile":{"background-color":"","background-image":"","background-repeat":"repeat","background-position":"center center","background-size":"auto","background-attachment":"scroll","background-type":"","background-media":"","overlay-type":"","overlay-color":"","overlay-opacity":"","overlay-gradient":""}},"ast-content-background-meta":{"desktop":{"background-color":"var(--ast-global-color-5)","background-image":"","background-repeat":"repeat","background-position":"center center","background-size":"auto","background-attachment":"scroll","background-type":"","background-media":"","overlay-type":"","overlay-color":"","overlay-opacity":"","overlay-gradient":""},"tablet":{"background-color":"var(--ast-global-color-5)","background-image":"","background-repeat":"repeat","background-position":"center center","background-size":"auto","background-attachment":"scroll","background-type":"","background-media":"","overlay-type":"","overlay-color":"","overlay-opacity":"","overlay-gradient":""},"mobile":{"background-color":"var(--ast-global-color-5)","background-image":"","background-repeat":"repeat","background-position":"center center","background-size":"auto","background-attachment":"scroll","background-type":"","background-media":"","overlay-type":"","overlay-color":"","overlay-opacity":"","overlay-gradient":""}},"ngg_post_thumbnail":0},"product_cat":[35],"product_tag":[41],"yoast_head":"<!-- This site is optimized with the Yoast SEO plugin v24.4 - https:\/\/yoast.com\/wordpress\/plugins\/seo\/ -->\n<title>Tablier adulte Mom\/Dad - Ma Jolie Truffe<\/title>\n<meta name=\"description\" content=\"Le tablier adulte Mom sera l&#039;alli\u00e9 parfait pour vos t\u00e2ches cuisini\u00e8res ! Disponible dans diff\u00e9rentes versions, il conviendra \u00e0 tous les parents d&#039;animaux.\" \/>\n<meta name=\"robots\" content=\"index, follow, max-snippet:-1, max-image-preview:large, max-video-preview:-1\" \/>\n<link rel=\"canonical\" href=\"https:\/\/majolietruffe.fr\/index.php\/produit\/tablier-adulte-mom-dad\/\" \/>\n<meta property=\"og:locale\" content=\"fr_FR\" \/>\n<meta property=\"og:type\" content=\"article\" \/>\n<meta property=\"og:title\" content=\"Tablier adulte Mom\/Dad - Ma Jolie Truffe\" \/>\n<meta property=\"og:description\" content=\"Le tablier adulte Mom sera l&#039;alli\u00e9 parfait pour vos t\u00e2ches cuisini\u00e8res ! Disponible dans diff\u00e9rentes versions, il conviendra \u00e0 tous les parents d&#039;animaux.\" \/>\n<meta property=\"og:url\" content=\"https:\/\/majolietruffe.fr\/index.php\/produit\/tablier-adulte-mom-dad\/\" \/>\n<meta property=\"og:site_name\" content=\"Ma Jolie Truffe\" \/>\n<meta property=\"article:modified_time\" content=\"2022-10-25T08:16:52+00:00\" \/>\n<meta property=\"og:image\" content=\"https:\/\/majolietruffe.fr\/wp-content\/uploads\/2022\/10\/tablier_cat_mom.jpg\" \/>\n\t<meta property=\"og:image:width\" content=\"600\" \/>\n\t<meta property=\"og:image:height\" content=\"600\" \/>\n\t<meta property=\"og:image:type\" content=\"image\/jpeg\" \/>\n<meta name=\"twitter:card\" content=\"summary_large_image\" \/>\n<meta name=\"twitter:label1\" content=\"Dur\u00e9e de lecture estim\u00e9e\" \/>\n\t<meta name=\"twitter:data1\" content=\"1 minute\" \/>\n<script type=\"application\/ld+json\" class=\"yoast-schema-graph\">{\"@context\":\"https:\/\/schema.org\",\"@graph\":[{\"@type\":\"WebPage\",\"@id\":\"https:\/\/majolietruffe.fr\/index.php\/produit\/tablier-adulte-mom-dad\/\",\"url\":\"https:\/\/majolietruffe.fr\/index.php\/produit\/tablier-adulte-mom-dad\/\",\"name\":\"Tablier adulte Mom\/Dad - Ma Jolie Truffe\",\"isPartOf\":{\"@id\":\"https:\/\/majolietruffe.fr\/#website\"},\"primaryImageOfPage\":{\"@id\":\"https:\/\/majolietruffe.fr\/index.php\/produit\/tablier-adulte-mom-dad\/#primaryimage\"},\"image\":{\"@id\":\"https:\/\/majolietruffe.fr\/index.php\/produit\/tablier-adulte-mom-dad\/#primaryimage\"},\"thumbnailUrl\":\"https:\/\/majolietruffe.fr\/wp-content\/uploads\/2022\/10\/tablier_cat_mom.jpg\",\"datePublished\":\"2022-10-06T15:31:37+00:00\",\"dateModified\":\"2022-10-25T08:16:52+00:00\",\"description\":\"Le tablier adulte Mom sera l'alli\u00e9 parfait pour vos t\u00e2ches cuisini\u00e8res ! Disponible dans diff\u00e9rentes versions, il conviendra \u00e0 tous les parents d'animaux.\",\"breadcrumb\":{\"@id\":\"https:\/\/majolietruffe.fr\/index.php\/produit\/tablier-adulte-mom-dad\/#breadcrumb\"},\"inLanguage\":\"fr-FR\",\"potentialAction\":[{\"@type\":\"ReadAction\",\"target\":[\"https:\/\/majolietruffe.fr\/index.php\/produit\/tablier-adulte-mom-dad\/\"]}]},{\"@type\":\"ImageObject\",\"inLanguage\":\"fr-FR\",\"@id\":\"https:\/\/majolietruffe.fr\/index.php\/produit\/tablier-adulte-mom-dad\/#primaryimage\",\"url\":\"https:\/\/majolietruffe.fr\/wp-content\/uploads\/2022\/10\/tablier_cat_mom.jpg\",\"contentUrl\":\"https:\/\/majolietruffe.fr\/wp-content\/uploads\/2022\/10\/tablier_cat_mom.jpg\",\"width\":600,\"height\":600},{\"@type\":\"BreadcrumbList\",\"@id\":\"https:\/\/majolietruffe.fr\/index.php\/produit\/tablier-adulte-mom-dad\/#breadcrumb\",\"itemListElement\":[{\"@type\":\"ListItem\",\"position\":1,\"name\":\"Accueil\",\"item\":\"https:\/\/majolietruffe.fr\/\"},{\"@type\":\"ListItem\",\"position\":2,\"name\":\"Boutique\",\"item\":\"https:\/\/majolietruffe.fr\/index.php\/boutique-dillustrations-et-objets-personnalises\/\"},{\"@type\":\"ListItem\",\"position\":3,\"name\":\"Tablier adulte Mom\/Dad\"}]},{\"@type\":\"WebSite\",\"@id\":\"https:\/\/majolietruffe.fr\/#website\",\"url\":\"https:\/\/majolietruffe.fr\/\",\"name\":\"Ma Jolie Truffe\",\"description\":\"Portraits &amp; objets personnalis\u00e9s\",\"publisher\":{\"@id\":\"https:\/\/majolietruffe.fr\/#organization\"},\"potentialAction\":[{\"@type\":\"SearchAction\",\"target\":{\"@type\":\"EntryPoint\",\"urlTemplate\":\"https:\/\/majolietruffe.fr\/?s={search_term_string}\"},\"query-input\":{\"@type\":\"PropertyValueSpecification\",\"valueRequired\":true,\"valueName\":\"search_term_string\"}}],\"inLanguage\":\"fr-FR\"},{\"@type\":\"Organization\",\"@id\":\"https:\/\/majolietruffe.fr\/#organization\",\"name\":\"Ma Jolie Truffe\",\"url\":\"https:\/\/majolietruffe.fr\/\",\"logo\":{\"@type\":\"ImageObject\",\"inLanguage\":\"fr-FR\",\"@id\":\"https:\/\/majolietruffe.fr\/#\/schema\/logo\/image\/\",\"url\":\"https:\/\/majolietruffe.fr\/wp-content\/uploads\/2022\/01\/cropped-logo-04.png\",\"contentUrl\":\"https:\/\/majolietruffe.fr\/wp-content\/uploads\/2022\/01\/cropped-logo-04.png\",\"width\":620,\"height\":620,\"caption\":\"Ma Jolie Truffe\"},\"image\":{\"@id\":\"https:\/\/majolietruffe.fr\/#\/schema\/logo\/image\/\"}}]}<\/script>\n<!-- \/ Yoast SEO plugin. -->","yoast_head_json":{"title":"Tablier adulte Mom\/Dad - Ma Jolie Truffe","description":"Le tablier adulte Mom sera l'alli\u00e9 parfait pour vos t\u00e2ches cuisini\u00e8res ! Disponible dans diff\u00e9rentes versions, il conviendra \u00e0 tous les parents d'animaux.","robots":{"index":"index","follow":"follow","max-snippet":"max-snippet:-1","max-image-preview":"max-image-preview:large","max-video-preview":"max-video-preview:-1"},"canonical":"https:\/\/majolietruffe.fr\/index.php\/produit\/tablier-adulte-mom-dad\/","og_locale":"fr_FR","og_type":"article","og_title":"Tablier adulte Mom\/Dad - Ma Jolie Truffe","og_description":"Le tablier adulte Mom sera l'alli\u00e9 parfait pour vos t\u00e2ches cuisini\u00e8res ! Disponible dans diff\u00e9rentes versions, il conviendra \u00e0 tous les parents d'animaux.","og_url":"https:\/\/majolietruffe.fr\/index.php\/produit\/tablier-adulte-mom-dad\/","og_site_name":"Ma Jolie Truffe","article_modified_time":"2022-10-25T08:16:52+00:00","og_image":[{"width":600,"height":600,"url":"https:\/\/majolietruffe.fr\/wp-content\/uploads\/2022\/10\/tablier_cat_mom.jpg","type":"image\/jpeg"}],"twitter_card":"summary_large_image","twitter_misc":{"Dur\u00e9e de lecture estim\u00e9e":"1 minute"},"schema":{"@context":"https:\/\/schema.org","@graph":[{"@type":"WebPage","@id":"https:\/\/majolietruffe.fr\/index.php\/produit\/tablier-adulte-mom-dad\/","url":"https:\/\/majolietruffe.fr\/index.php\/produit\/tablier-adulte-mom-dad\/","name":"Tablier adulte Mom\/Dad - Ma Jolie Truffe","isPartOf":{"@id":"https:\/\/majolietruffe.fr\/#website"},"primaryImageOfPage":{"@id":"https:\/\/majolietruffe.fr\/index.php\/produit\/tablier-adulte-mom-dad\/#primaryimage"},"image":{"@id":"https:\/\/majolietruffe.fr\/index.php\/produit\/tablier-adulte-mom-dad\/#primaryimage"},"thumbnailUrl":"https:\/\/majolietruffe.fr\/wp-content\/uploads\/2022\/10\/tablier_cat_mom.jpg","datePublished":"2022-10-06T15:31:37+00:00","dateModified":"2022-10-25T08:16:52+00:00","description":"Le tablier adulte Mom sera l'alli\u00e9 parfait pour vos t\u00e2ches cuisini\u00e8res ! Disponible dans diff\u00e9rentes versions, il conviendra \u00e0 tous les parents d'animaux.","breadcrumb":{"@id":"https:\/\/majolietruffe.fr\/index.php\/produit\/tablier-adulte-mom-dad\/#breadcrumb"},"inLanguage":"fr-FR","potentialAction":[{"@type":"ReadAction","target":["https:\/\/majolietruffe.fr\/index.php\/produit\/tablier-adulte-mom-dad\/"]}]},{"@type":"ImageObject","inLanguage":"fr-FR","@id":"https:\/\/majolietruffe.fr\/index.php\/produit\/tablier-adulte-mom-dad\/#primaryimage","url":"https:\/\/majolietruffe.fr\/wp-content\/uploads\/2022\/10\/tablier_cat_mom.jpg","contentUrl":"https:\/\/majolietruffe.fr\/wp-content\/uploads\/2022\/10\/tablier_cat_mom.jpg","width":600,"height":600},{"@type":"BreadcrumbList","@id":"https:\/\/majolietruffe.fr\/index.php\/produit\/tablier-adulte-mom-dad\/#breadcrumb","itemListElement":[{"@type":"ListItem","position":1,"name":"Accueil","item":"https:\/\/majolietruffe.fr\/"},{"@type":"ListItem","position":2,"name":"Boutique","item":"https:\/\/majolietruffe.fr\/index.php\/boutique-dillustrations-et-objets-personnalises\/"},{"@type":"ListItem","position":3,"name":"Tablier adulte Mom\/Dad"}]},{"@type":"WebSite","@id":"https:\/\/majolietruffe.fr\/#website","url":"https:\/\/majolietruffe.fr\/","name":"Ma Jolie Truffe","description":"Portraits &amp; objets personnalis\u00e9s","publisher":{"@id":"https:\/\/majolietruffe.fr\/#organization"},"potentialAction":[{"@type":"SearchAction","target":{"@type":"EntryPoint","urlTemplate":"https:\/\/majolietruffe.fr\/?s={search_term_string}"},"query-input":{"@type":"PropertyValueSpecification","valueRequired":true,"valueName":"search_term_string"}}],"inLanguage":"fr-FR"},{"@type":"Organization","@id":"https:\/\/majolietruffe.fr\/#organization","name":"Ma Jolie Truffe","url":"https:\/\/majolietruffe.fr\/","logo":{"@type":"ImageObject","inLanguage":"fr-FR","@id":"https:\/\/majolietruffe.fr\/#\/schema\/logo\/image\/","url":"https:\/\/majolietruffe.fr\/wp-content\/uploads\/2022\/01\/cropped-logo-04.png","contentUrl":"https:\/\/majolietruffe.fr\/wp-content\/uploads\/2022\/01\/cropped-logo-04.png","width":620,"height":620,"caption":"Ma Jolie Truffe"},"image":{"@id":"https:\/\/majolietruffe.fr\/#\/schema\/logo\/image\/"}}]}},"jetpack_sharing_enabled":true,"_links":{"self":[{"href":"https:\/\/majolietruffe.fr\/index.php\/wp-json\/wp\/v2\/product\/2004"}],"collection":[{"href":"https:\/\/majolietruffe.fr\/index.php\/wp-json\/wp\/v2\/product"}],"about":[{"href":"https:\/\/majolietruffe.fr\/index.php\/wp-json\/wp\/v2\/types\/product"}],"replies":[{"embeddable":true,"href":"https:\/\/majolietruffe.fr\/index.php\/wp-json\/wp\/v2\/comments?post=2004"}],"wp:featuredmedia":[{"embeddable":true,"href":"https:\/\/majolietruffe.fr\/index.php\/wp-json\/wp\/v2\/media\/2009"}],"wp:attachment":[{"href":"https:\/\/majolietruffe.fr\/index.php\/wp-json\/wp\/v2\/media?parent=2004"}],"wp:term":[{"taxonomy":"product_cat","embeddable":true,"href":"https:\/\/majolietruffe.fr\/index.php\/wp-json\/wp\/v2\/product_cat?post=2004"},{"taxonomy":"product_tag","embeddable":true,"href":"https:\/\/majolietruffe.fr\/index.php\/wp-json\/wp\/v2\/product_tag?post=2004"}],"curies":[{"name":"wp","href":"https:\/\/api.w.org\/{rel}","templated":true}]}}