{"id":2272,"date":"2022-11-07T11:28:35","date_gmt":"2022-11-07T10:28:35","guid":{"rendered":"https:\/\/majolietruffe.fr\/?post_type=product&#038;p=2272"},"modified":"2025-03-25T21:20:07","modified_gmt":"2025-03-25T20:20:07","slug":"boite-en-bois-les-affaires","status":"publish","type":"product","link":"https:\/\/majolietruffe.fr\/index.php\/produit\/boite-en-bois-les-affaires\/","title":{"rendered":"Bo\u00eete en bois \u00ab\u00a0Les affaires\u00a0\u00bb"},"content":{"rendered":"<p>Envie d&rsquo;une bo\u00eete personnalis\u00e9e ? La <strong>bo\u00eete en bois personnalis\u00e9e<\/strong> avec le <strong>nom de votre animal<\/strong> est faite pour vous ! D&rsquo;une moyenne contenance, elle est id\u00e9ale pour y ranger les <strong>petites affaires<\/strong> de votre animal tels que des <strong>jouets<\/strong> (garnis de cataire ou val\u00e9riane par exemple) ou des <strong>objets d&rsquo;hygi\u00e8ne et de soin (m\u00e9dicaments,etc).<\/strong><\/p>\n<h4>Design<\/h4>\n<p>Cette <strong>bo\u00eete en bois<\/strong> personnalis\u00e9e constitue d&rsquo;abord un v\u00e9ritable <strong>objet de d\u00e9coration<\/strong> qui trouvera facilement sa place dans votre int\u00e9rieur. Le bois \u00e9tant une mati\u00e8re <strong>intemporelle et chic, <\/strong>c&rsquo;est ainsi un objet durable qui plaira au plus grand nombre. Id\u00e9ale pour offrir comme <strong>cadeau <\/strong>puisque&nbsp;l&rsquo;ensemble du <strong>texte<\/strong> est <strong>enti\u00e8rement personnalisable.&nbsp;<\/strong><\/p>\n<h4>Personnalisation<\/h4>\n<p>La personnalisation avec les mod\u00e8les propos\u00e9s est comprise dans le prix.&nbsp;<strong>Deux versions<\/strong> sont disponibles : version chien\/chat (patte) et version lapin. Vous pouvez aussi choisir le <strong>coloris des ic\u00f4nes<\/strong>&nbsp;(or, noir ou argent) et mettre&nbsp;<strong>plusieurs noms<\/strong> sur le panier. Les <strong>combinaisons multiples<\/strong> rendent cet objet unique.<\/p>\n<h4>Livraison<\/h4>\n<p>Le d\u00e9lai de livraison est de&nbsp;<strong>2 semaines environ,<\/strong>&nbsp;selon le stock disponible. Je propose la livraison par La Poste ou&nbsp;<a href=\"https:\/\/www.mondialrelay.fr\/\">Mondial Relay.<\/a><\/p>\n<h4><span style=\"font-size: 16px; font-family: -apple-system, BlinkMacSystemFont, 'Segoe UI', Roboto, Oxygen-Sans, Ubuntu, Cantarell, 'Helvetica Neue', sans-serif;\">Suggestions<\/span><\/h4>\n<p><span style=\"font-size: 16px; font-family: -apple-system, BlinkMacSystemFont, 'Segoe UI', Roboto, Oxygen-Sans, Ubuntu, Cantarell, 'Helvetica Neue', sans-serif;\">Vous pr\u00e9f\u00e9rez une bo\u00eete en bois avec le <strong>portrait de votre animal ?<\/strong> Choisissez la <a href=\"https:\/\/majolietruffe.fr\/index.php\/produit\/boite-en-bois-portrait-animal\/\"><strong>bo\u00eete en bois personnalis\u00e9e.<\/strong><\/a> Envie d\u2019un vanity, plus facile \u00e0 transporter ? D\u00e9couvrez <\/span><a style=\"font-size: 16px; background-color: #ffffff; font-family: -apple-system, BlinkMacSystemFont, 'Segoe UI', Roboto, Oxygen-Sans, Ubuntu, Cantarell, 'Helvetica Neue', sans-serif;\" href=\"https:\/\/majolietruffe.fr\/index.php\/produit\/vanity-les-affaires\/\"><strong>le vanity \u00ab\u00a0Les affaires\u00a0\u00bb.<\/strong><\/a><\/p>\n<p>&nbsp;<\/p>\n<p>&nbsp;<\/p>\n","protected":false},"excerpt":{"rendered":"<ul>\n<li>Personnalisation avec texte (modifiable, plusieurs noms possible)<\/li>\n<li>Deux versions : pattes ou lapin<\/li>\n<li>Couleur des ic\u00f4nes au choix : or, argent ou noir<\/li>\n<li>12,7 x 12,7 x 7 cm<\/li>\n<li>Couvercle coulissant<\/li>\n<li>Bois \/ MDF<\/li>\n<\/ul>\n","protected":false},"featured_media":2284,"comment_status":"open","ping_status":"closed","template":"","meta":{"site-sidebar-layout":"no-sidebar","site-content-layout":"boxed-container","ast-site-content-layout":"default","site-content-style":"default","site-sidebar-style":"default","ast-global-header-display":"","ast-banner-title-visibility":"","ast-main-header-display":"","ast-hfb-above-header-display":"","ast-hfb-below-header-display":"","ast-hfb-mobile-header-display":"","site-post-title":"","ast-breadcrumbs-content":"","ast-featured-img":"","footer-sml-layout":"","ast-disable-related-posts":"","theme-transparent-header-meta":"default","adv-header-id-meta":"","stick-header-meta":"","header-above-stick-meta":"","header-main-stick-meta":"","header-below-stick-meta":"","astra-migrate-meta-layouts":"default","ast-page-background-enabled":"default","ast-page-background-meta":{"desktop":{"background-color":"var(--ast-global-color-4)","background-image":"","background-repeat":"repeat","background-position":"center center","background-size":"auto","background-attachment":"scroll","background-type":"","background-media":"","overlay-type":"","overlay-color":"","overlay-opacity":"","overlay-gradient":""},"tablet":{"background-color":"","background-image":"","background-repeat":"repeat","background-position":"center center","background-size":"auto","background-attachment":"scroll","background-type":"","background-media":"","overlay-type":"","overlay-color":"","overlay-opacity":"","overlay-gradient":""},"mobile":{"background-color":"","background-image":"","background-repeat":"repeat","background-position":"center center","background-size":"auto","background-attachment":"scroll","background-type":"","background-media":"","overlay-type":"","overlay-color":"","overlay-opacity":"","overlay-gradient":""}},"ast-content-background-meta":{"desktop":{"background-color":"var(--ast-global-color-5)","background-image":"","background-repeat":"repeat","background-position":"center center","background-size":"auto","background-attachment":"scroll","background-type":"","background-media":"","overlay-type":"","overlay-color":"","overlay-opacity":"","overlay-gradient":""},"tablet":{"background-color":"var(--ast-global-color-5)","background-image":"","background-repeat":"repeat","background-position":"center center","background-size":"auto","background-attachment":"scroll","background-type":"","background-media":"","overlay-type":"","overlay-color":"","overlay-opacity":"","overlay-gradient":""},"mobile":{"background-color":"var(--ast-global-color-5)","background-image":"","background-repeat":"repeat","background-position":"center center","background-size":"auto","background-attachment":"scroll","background-type":"","background-media":"","overlay-type":"","overlay-color":"","overlay-opacity":"","overlay-gradient":""}},"ngg_post_thumbnail":0},"product_cat":[50,59],"product_tag":[],"yoast_head":"<!-- This site is optimized with the Yoast SEO plugin v24.4 - https:\/\/yoast.com\/wordpress\/plugins\/seo\/ -->\n<title>Bo\u00eete en bois personnalis\u00e9e - Ma Jolie Truffe<\/title>\n<meta name=\"description\" content=\"La bo\u00eete en bois personnalis\u00e9e avec le nom de votre animal est id\u00e9ale pour y ranger les petites affaires tels que des jouets ou affaires de soin.\" \/>\n<meta name=\"robots\" content=\"index, follow, max-snippet:-1, max-image-preview:large, max-video-preview:-1\" \/>\n<link rel=\"canonical\" href=\"https:\/\/majolietruffe.fr\/index.php\/produit\/boite-en-bois-les-affaires\/\" \/>\n<meta property=\"og:locale\" content=\"fr_FR\" \/>\n<meta property=\"og:type\" content=\"article\" \/>\n<meta property=\"og:title\" content=\"Bo\u00eete en bois personnalis\u00e9e - Ma Jolie Truffe\" \/>\n<meta property=\"og:description\" content=\"La bo\u00eete en bois personnalis\u00e9e avec le nom de votre animal est id\u00e9ale pour y ranger les petites affaires tels que des jouets ou affaires de soin.\" \/>\n<meta property=\"og:url\" content=\"https:\/\/majolietruffe.fr\/index.php\/produit\/boite-en-bois-les-affaires\/\" \/>\n<meta property=\"og:site_name\" content=\"Ma Jolie Truffe\" \/>\n<meta property=\"article:modified_time\" content=\"2025-03-25T20:20:07+00:00\" \/>\n<meta property=\"og:image\" content=\"https:\/\/majolietruffe.fr\/wp-content\/uploads\/2022\/11\/boite_bois_affaires_rouky-scaled.jpg\" \/>\n\t<meta property=\"og:image:width\" content=\"2560\" \/>\n\t<meta property=\"og:image:height\" content=\"2560\" \/>\n\t<meta property=\"og:image:type\" content=\"image\/jpeg\" \/>\n<meta name=\"twitter:card\" content=\"summary_large_image\" \/>\n<meta name=\"twitter:label1\" content=\"Dur\u00e9e de lecture estim\u00e9e\" \/>\n\t<meta name=\"twitter:data1\" content=\"2 minutes\" \/>\n<script type=\"application\/ld+json\" class=\"yoast-schema-graph\">{\"@context\":\"https:\/\/schema.org\",\"@graph\":[{\"@type\":\"WebPage\",\"@id\":\"https:\/\/majolietruffe.fr\/index.php\/produit\/boite-en-bois-les-affaires\/\",\"url\":\"https:\/\/majolietruffe.fr\/index.php\/produit\/boite-en-bois-les-affaires\/\",\"name\":\"Bo\u00eete en bois personnalis\u00e9e - Ma Jolie Truffe\",\"isPartOf\":{\"@id\":\"https:\/\/majolietruffe.fr\/#website\"},\"primaryImageOfPage\":{\"@id\":\"https:\/\/majolietruffe.fr\/index.php\/produit\/boite-en-bois-les-affaires\/#primaryimage\"},\"image\":{\"@id\":\"https:\/\/majolietruffe.fr\/index.php\/produit\/boite-en-bois-les-affaires\/#primaryimage\"},\"thumbnailUrl\":\"https:\/\/majolietruffe.fr\/wp-content\/uploads\/2022\/11\/boite_bois_affaires_rouky-scaled.jpg\",\"datePublished\":\"2022-11-07T10:28:35+00:00\",\"dateModified\":\"2025-03-25T20:20:07+00:00\",\"description\":\"La bo\u00eete en bois personnalis\u00e9e avec le nom de votre animal est id\u00e9ale pour y ranger les petites affaires tels que des jouets ou affaires de soin.\",\"breadcrumb\":{\"@id\":\"https:\/\/majolietruffe.fr\/index.php\/produit\/boite-en-bois-les-affaires\/#breadcrumb\"},\"inLanguage\":\"fr-FR\",\"potentialAction\":[{\"@type\":\"ReadAction\",\"target\":[\"https:\/\/majolietruffe.fr\/index.php\/produit\/boite-en-bois-les-affaires\/\"]}]},{\"@type\":\"ImageObject\",\"inLanguage\":\"fr-FR\",\"@id\":\"https:\/\/majolietruffe.fr\/index.php\/produit\/boite-en-bois-les-affaires\/#primaryimage\",\"url\":\"https:\/\/majolietruffe.fr\/wp-content\/uploads\/2022\/11\/boite_bois_affaires_rouky-scaled.jpg\",\"contentUrl\":\"https:\/\/majolietruffe.fr\/wp-content\/uploads\/2022\/11\/boite_bois_affaires_rouky-scaled.jpg\",\"width\":2560,\"height\":2560,\"caption\":\"bo\u00eete bois personnalis\u00e9e\"},{\"@type\":\"BreadcrumbList\",\"@id\":\"https:\/\/majolietruffe.fr\/index.php\/produit\/boite-en-bois-les-affaires\/#breadcrumb\",\"itemListElement\":[{\"@type\":\"ListItem\",\"position\":1,\"name\":\"Accueil\",\"item\":\"https:\/\/majolietruffe.fr\/\"},{\"@type\":\"ListItem\",\"position\":2,\"name\":\"Boutique\",\"item\":\"https:\/\/majolietruffe.fr\/index.php\/boutique-dillustrations-et-objets-personnalises\/\"},{\"@type\":\"ListItem\",\"position\":3,\"name\":\"Bo\u00eete en bois &#8220;Les affaires&#8221;\"}]},{\"@type\":\"WebSite\",\"@id\":\"https:\/\/majolietruffe.fr\/#website\",\"url\":\"https:\/\/majolietruffe.fr\/\",\"name\":\"Ma Jolie Truffe\",\"description\":\"Portraits &amp; objets personnalis\u00e9s\",\"publisher\":{\"@id\":\"https:\/\/majolietruffe.fr\/#organization\"},\"potentialAction\":[{\"@type\":\"SearchAction\",\"target\":{\"@type\":\"EntryPoint\",\"urlTemplate\":\"https:\/\/majolietruffe.fr\/?s={search_term_string}\"},\"query-input\":{\"@type\":\"PropertyValueSpecification\",\"valueRequired\":true,\"valueName\":\"search_term_string\"}}],\"inLanguage\":\"fr-FR\"},{\"@type\":\"Organization\",\"@id\":\"https:\/\/majolietruffe.fr\/#organization\",\"name\":\"Ma Jolie Truffe\",\"url\":\"https:\/\/majolietruffe.fr\/\",\"logo\":{\"@type\":\"ImageObject\",\"inLanguage\":\"fr-FR\",\"@id\":\"https:\/\/majolietruffe.fr\/#\/schema\/logo\/image\/\",\"url\":\"https:\/\/majolietruffe.fr\/wp-content\/uploads\/2022\/01\/cropped-logo-04.png\",\"contentUrl\":\"https:\/\/majolietruffe.fr\/wp-content\/uploads\/2022\/01\/cropped-logo-04.png\",\"width\":620,\"height\":620,\"caption\":\"Ma Jolie Truffe\"},\"image\":{\"@id\":\"https:\/\/majolietruffe.fr\/#\/schema\/logo\/image\/\"}}]}<\/script>\n<!-- \/ Yoast SEO plugin. -->","yoast_head_json":{"title":"Bo\u00eete en bois personnalis\u00e9e - Ma Jolie Truffe","description":"La bo\u00eete en bois personnalis\u00e9e avec le nom de votre animal est id\u00e9ale pour y ranger les petites affaires tels que des jouets ou affaires de soin.","robots":{"index":"index","follow":"follow","max-snippet":"max-snippet:-1","max-image-preview":"max-image-preview:large","max-video-preview":"max-video-preview:-1"},"canonical":"https:\/\/majolietruffe.fr\/index.php\/produit\/boite-en-bois-les-affaires\/","og_locale":"fr_FR","og_type":"article","og_title":"Bo\u00eete en bois personnalis\u00e9e - Ma Jolie Truffe","og_description":"La bo\u00eete en bois personnalis\u00e9e avec le nom de votre animal est id\u00e9ale pour y ranger les petites affaires tels que des jouets ou affaires de soin.","og_url":"https:\/\/majolietruffe.fr\/index.php\/produit\/boite-en-bois-les-affaires\/","og_site_name":"Ma Jolie Truffe","article_modified_time":"2025-03-25T20:20:07+00:00","og_image":[{"width":2560,"height":2560,"url":"https:\/\/majolietruffe.fr\/wp-content\/uploads\/2022\/11\/boite_bois_affaires_rouky-scaled.jpg","type":"image\/jpeg"}],"twitter_card":"summary_large_image","twitter_misc":{"Dur\u00e9e de lecture estim\u00e9e":"2 minutes"},"schema":{"@context":"https:\/\/schema.org","@graph":[{"@type":"WebPage","@id":"https:\/\/majolietruffe.fr\/index.php\/produit\/boite-en-bois-les-affaires\/","url":"https:\/\/majolietruffe.fr\/index.php\/produit\/boite-en-bois-les-affaires\/","name":"Bo\u00eete en bois personnalis\u00e9e - Ma Jolie Truffe","isPartOf":{"@id":"https:\/\/majolietruffe.fr\/#website"},"primaryImageOfPage":{"@id":"https:\/\/majolietruffe.fr\/index.php\/produit\/boite-en-bois-les-affaires\/#primaryimage"},"image":{"@id":"https:\/\/majolietruffe.fr\/index.php\/produit\/boite-en-bois-les-affaires\/#primaryimage"},"thumbnailUrl":"https:\/\/majolietruffe.fr\/wp-content\/uploads\/2022\/11\/boite_bois_affaires_rouky-scaled.jpg","datePublished":"2022-11-07T10:28:35+00:00","dateModified":"2025-03-25T20:20:07+00:00","description":"La bo\u00eete en bois personnalis\u00e9e avec le nom de votre animal est id\u00e9ale pour y ranger les petites affaires tels que des jouets ou affaires de soin.","breadcrumb":{"@id":"https:\/\/majolietruffe.fr\/index.php\/produit\/boite-en-bois-les-affaires\/#breadcrumb"},"inLanguage":"fr-FR","potentialAction":[{"@type":"ReadAction","target":["https:\/\/majolietruffe.fr\/index.php\/produit\/boite-en-bois-les-affaires\/"]}]},{"@type":"ImageObject","inLanguage":"fr-FR","@id":"https:\/\/majolietruffe.fr\/index.php\/produit\/boite-en-bois-les-affaires\/#primaryimage","url":"https:\/\/majolietruffe.fr\/wp-content\/uploads\/2022\/11\/boite_bois_affaires_rouky-scaled.jpg","contentUrl":"https:\/\/majolietruffe.fr\/wp-content\/uploads\/2022\/11\/boite_bois_affaires_rouky-scaled.jpg","width":2560,"height":2560,"caption":"bo\u00eete bois personnalis\u00e9e"},{"@type":"BreadcrumbList","@id":"https:\/\/majolietruffe.fr\/index.php\/produit\/boite-en-bois-les-affaires\/#breadcrumb","itemListElement":[{"@type":"ListItem","position":1,"name":"Accueil","item":"https:\/\/majolietruffe.fr\/"},{"@type":"ListItem","position":2,"name":"Boutique","item":"https:\/\/majolietruffe.fr\/index.php\/boutique-dillustrations-et-objets-personnalises\/"},{"@type":"ListItem","position":3,"name":"Bo\u00eete en bois &#8220;Les affaires&#8221;"}]},{"@type":"WebSite","@id":"https:\/\/majolietruffe.fr\/#website","url":"https:\/\/majolietruffe.fr\/","name":"Ma Jolie Truffe","description":"Portraits &amp; objets personnalis\u00e9s","publisher":{"@id":"https:\/\/majolietruffe.fr\/#organization"},"potentialAction":[{"@type":"SearchAction","target":{"@type":"EntryPoint","urlTemplate":"https:\/\/majolietruffe.fr\/?s={search_term_string}"},"query-input":{"@type":"PropertyValueSpecification","valueRequired":true,"valueName":"search_term_string"}}],"inLanguage":"fr-FR"},{"@type":"Organization","@id":"https:\/\/majolietruffe.fr\/#organization","name":"Ma Jolie Truffe","url":"https:\/\/majolietruffe.fr\/","logo":{"@type":"ImageObject","inLanguage":"fr-FR","@id":"https:\/\/majolietruffe.fr\/#\/schema\/logo\/image\/","url":"https:\/\/majolietruffe.fr\/wp-content\/uploads\/2022\/01\/cropped-logo-04.png","contentUrl":"https:\/\/majolietruffe.fr\/wp-content\/uploads\/2022\/01\/cropped-logo-04.png","width":620,"height":620,"caption":"Ma Jolie Truffe"},"image":{"@id":"https:\/\/majolietruffe.fr\/#\/schema\/logo\/image\/"}}]}},"jetpack_sharing_enabled":true,"_links":{"self":[{"href":"https:\/\/majolietruffe.fr\/index.php\/wp-json\/wp\/v2\/product\/2272"}],"collection":[{"href":"https:\/\/majolietruffe.fr\/index.php\/wp-json\/wp\/v2\/product"}],"about":[{"href":"https:\/\/majolietruffe.fr\/index.php\/wp-json\/wp\/v2\/types\/product"}],"replies":[{"embeddable":true,"href":"https:\/\/majolietruffe.fr\/index.php\/wp-json\/wp\/v2\/comments?post=2272"}],"wp:featuredmedia":[{"embeddable":true,"href":"https:\/\/majolietruffe.fr\/index.php\/wp-json\/wp\/v2\/media\/2284"}],"wp:attachment":[{"href":"https:\/\/majolietruffe.fr\/index.php\/wp-json\/wp\/v2\/media?parent=2272"}],"wp:term":[{"taxonomy":"product_cat","embeddable":true,"href":"https:\/\/majolietruffe.fr\/index.php\/wp-json\/wp\/v2\/product_cat?post=2272"},{"taxonomy":"product_tag","embeddable":true,"href":"https:\/\/majolietruffe.fr\/index.php\/wp-json\/wp\/v2\/product_tag?post=2272"}],"curies":[{"name":"wp","href":"https:\/\/api.w.org\/{rel}","templated":true}]}}