{"id":2290,"date":"2022-11-07T12:28:58","date_gmt":"2022-11-07T11:28:58","guid":{"rendered":"https:\/\/majolietruffe.fr\/?post_type=product&#038;p=2290"},"modified":"2024-02-18T19:48:42","modified_gmt":"2024-02-18T18:48:42","slug":"boite-en-bois-portrait-animal","status":"publish","type":"product","link":"https:\/\/majolietruffe.fr\/index.php\/produit\/boite-en-bois-portrait-animal\/","title":{"rendered":"Bo\u00eete en bois personnalis\u00e9e"},"content":{"rendered":"<p>Envie d&rsquo;une bo\u00eete personnalis\u00e9e ? D\u00e9couvrez La <strong>bo\u00eete en bois personnalis\u00e9e <\/strong>avec le<strong> portrait de votre animal<\/strong>&nbsp;! D&rsquo;une moyenne contenance, elle peut servir pour y ranger les <strong>petites affaires<\/strong> de votre animal tels que des <strong>jouets<\/strong> (garnis de cataire ou val\u00e9riane par exemple) ou des <strong>objets d&rsquo;hygi\u00e8ne et de soin (m\u00e9dicaments,etc).<\/strong><\/p>\n<h4>Personnalisation<\/h4>\n<p>Il est possible d\u2019avoir jusqu\u2019\u00e0 5 animaux diff\u00e9rents sur la <strong>bo\u00eete en bois personnalis\u00e9e.<\/strong> Les animaux peuvent tout \u00e0 fait \u00eatre sur des photos s\u00e9par\u00e9es. Attention \u00e0 choisir des photos de <strong>bonne qualit\u00e9<\/strong>&nbsp;et avec un&nbsp;<strong>\u00e9clairage suffisant.<\/strong><\/p>\n<p>Pour les clients ayant d\u00e9j\u00e0 command\u00e9 un portrait ant\u00e9rieurement, s\u00e9lectionnez l\u2019option \u201cmon portrait a d\u00e9j\u00e0 \u00e9t\u00e9 dessin\u00e9\u201d et indiquez-moi le portrait que vous souhaitez dans les commentaires.<\/p>\n<h4>Fichiers portrait inclus<\/h4>\n<p>Les fichiers du portrait sont <strong>envoy\u00e9s par mail<\/strong> sous plusieurs formats (A4, fonds d&rsquo;\u00e9cran, etc). Si vous souhaitez commander plusieurs objets avec le m\u00eame portrait, il n&rsquo;est pas n\u00e9cessaire d&rsquo;ajouter \u00e0 chaque fois la cr\u00e9ation du portrait. Je stocke tous les portraits, ainsi vous pourrez toujours commander ult\u00e9rieurement un autre support.<\/p>\n<h4>Design<\/h4>\n<p>Le couvercle de la bo\u00eete est recouvert d&rsquo;un <strong>vinyle adh\u00e9sif<\/strong> imprim\u00e9, \u00e0 l&rsquo;effigie de votre animal. Cette <strong>bo\u00eete en bois<\/strong> avec le portrait de votre animal constitue d&rsquo;abord un v\u00e9ritable <strong>objet de d\u00e9coration<\/strong> qui trouvera facilement sa place dans votre int\u00e9rieur. Le bois \u00e9tant une mati\u00e8re <strong>intemporelle et chic, <\/strong>c&rsquo;est ainsi un objet durable qui plaira au plus grand nombre. Id\u00e9ale pour offrir comme <strong>cadeau <\/strong>puisque le couvercle se personnalise avec le portrait de votre animal<strong>.&nbsp;<\/strong><\/p>\n<h4>Livraison<\/h4>\n<p>Le d\u00e9lai de livraison est de&nbsp;<strong>2 semaines environ,<\/strong>&nbsp;selon le stock disponible. Je propose la livraison par La Poste ou&nbsp;<a href=\"https:\/\/www.mondialrelay.fr\/\">Mondial Relay.<\/a><\/p>\n<h4><span style=\"font-size: 16px; font-family: -apple-system, BlinkMacSystemFont, 'Segoe UI', Roboto, Oxygen-Sans, Ubuntu, Cantarell, 'Helvetica Neue', sans-serif;\">Suggestions<\/span><\/h4>\n<p><span style=\"font-size: 16px; font-family: -apple-system, BlinkMacSystemFont, 'Segoe UI', Roboto, Oxygen-Sans, Ubuntu, Cantarell, 'Helvetica Neue', sans-serif;\">Vous pr\u00e9f\u00e9rez une bo\u00eete en bois personnalis\u00e9e avec le <strong>nom de votre animal ?<\/strong> Choisissez la <a href=\"https:\/\/majolietruffe.fr\/index.php\/produit\/boite-en-bois-les-affaires\/\"><strong>bo\u00eete en bois \u00ab\u00a0les affaires\u00a0\u00bb.<\/strong><\/a> Envie d\u2019un vanity, plus facile \u00e0 transporter ? D\u00e9couvrez <\/span><a style=\"font-size: 16px; background-color: #ffffff; font-family: -apple-system, BlinkMacSystemFont, 'Segoe UI', Roboto, Oxygen-Sans, Ubuntu, Cantarell, 'Helvetica Neue', sans-serif;\" href=\"https:\/\/majolietruffe.fr\/index.php\/produit\/vanity-les-affaires\/\"><strong>la trousse vanity personnalis\u00e9e.<\/strong><\/a><\/p>\n<p>&nbsp;<\/p>\n<p>&nbsp;<\/p>\n","protected":false},"excerpt":{"rendered":"<ul>\n<li>12,7 x 12,7 x 7 cm<\/li>\n<li>Couvercle coulissant<\/li>\n<li>Vinyle adh\u00e9sif imprim\u00e9<\/li>\n<li>Bois \/ MDF<\/li>\n<\/ul>\n","protected":false},"featured_media":2297,"comment_status":"open","ping_status":"closed","template":"","meta":{"site-sidebar-layout":"no-sidebar","site-content-layout":"boxed-container","ast-site-content-layout":"default","site-content-style":"default","site-sidebar-style":"default","ast-global-header-display":"","ast-banner-title-visibility":"","ast-main-header-display":"","ast-hfb-above-header-display":"","ast-hfb-below-header-display":"","ast-hfb-mobile-header-display":"","site-post-title":"","ast-breadcrumbs-content":"","ast-featured-img":"","footer-sml-layout":"","ast-disable-related-posts":"","theme-transparent-header-meta":"default","adv-header-id-meta":"","stick-header-meta":"","header-above-stick-meta":"","header-main-stick-meta":"","header-below-stick-meta":"","astra-migrate-meta-layouts":"default","ast-page-background-enabled":"default","ast-page-background-meta":{"desktop":{"background-color":"var(--ast-global-color-4)","background-image":"","background-repeat":"repeat","background-position":"center center","background-size":"auto","background-attachment":"scroll","background-type":"","background-media":"","overlay-type":"","overlay-color":"","overlay-opacity":"","overlay-gradient":""},"tablet":{"background-color":"","background-image":"","background-repeat":"repeat","background-position":"center center","background-size":"auto","background-attachment":"scroll","background-type":"","background-media":"","overlay-type":"","overlay-color":"","overlay-opacity":"","overlay-gradient":""},"mobile":{"background-color":"","background-image":"","background-repeat":"repeat","background-position":"center center","background-size":"auto","background-attachment":"scroll","background-type":"","background-media":"","overlay-type":"","overlay-color":"","overlay-opacity":"","overlay-gradient":""}},"ast-content-background-meta":{"desktop":{"background-color":"var(--ast-global-color-5)","background-image":"","background-repeat":"repeat","background-position":"center center","background-size":"auto","background-attachment":"scroll","background-type":"","background-media":"","overlay-type":"","overlay-color":"","overlay-opacity":"","overlay-gradient":""},"tablet":{"background-color":"var(--ast-global-color-5)","background-image":"","background-repeat":"repeat","background-position":"center center","background-size":"auto","background-attachment":"scroll","background-type":"","background-media":"","overlay-type":"","overlay-color":"","overlay-opacity":"","overlay-gradient":""},"mobile":{"background-color":"var(--ast-global-color-5)","background-image":"","background-repeat":"repeat","background-position":"center center","background-size":"auto","background-attachment":"scroll","background-type":"","background-media":"","overlay-type":"","overlay-color":"","overlay-opacity":"","overlay-gradient":""}},"ngg_post_thumbnail":0},"product_cat":[24,58],"product_tag":[37],"yoast_head":"<!-- This site is optimized with the Yoast SEO plugin v24.4 - https:\/\/yoast.com\/wordpress\/plugins\/seo\/ -->\n<title>Bo\u00eete en bois portrait animal - Ma Jolie Truffe<\/title>\n<meta name=\"description\" content=\"La bo\u00eete en bois avec le portrait de votre animal est id\u00e9ale pour y ranger les petites affaires tels que des jouets ou affaires de soin.\" \/>\n<meta name=\"robots\" content=\"index, follow, max-snippet:-1, max-image-preview:large, max-video-preview:-1\" \/>\n<link rel=\"canonical\" href=\"https:\/\/majolietruffe.fr\/index.php\/produit\/boite-en-bois-portrait-animal\/\" \/>\n<meta property=\"og:locale\" content=\"fr_FR\" \/>\n<meta property=\"og:type\" content=\"article\" \/>\n<meta property=\"og:title\" content=\"Bo\u00eete en bois portrait animal - Ma Jolie Truffe\" \/>\n<meta property=\"og:description\" content=\"La bo\u00eete en bois avec le portrait de votre animal est id\u00e9ale pour y ranger les petites affaires tels que des jouets ou affaires de soin.\" \/>\n<meta property=\"og:url\" content=\"https:\/\/majolietruffe.fr\/index.php\/produit\/boite-en-bois-portrait-animal\/\" \/>\n<meta property=\"og:site_name\" content=\"Ma Jolie Truffe\" \/>\n<meta property=\"article:modified_time\" content=\"2024-02-18T18:48:42+00:00\" \/>\n<meta property=\"og:image\" content=\"https:\/\/majolietruffe.fr\/wp-content\/uploads\/2022\/11\/boite_rouky-scaled.jpg\" \/>\n\t<meta property=\"og:image:width\" content=\"2560\" \/>\n\t<meta property=\"og:image:height\" content=\"2560\" \/>\n\t<meta property=\"og:image:type\" content=\"image\/jpeg\" \/>\n<meta name=\"twitter:card\" content=\"summary_large_image\" \/>\n<meta name=\"twitter:label1\" content=\"Dur\u00e9e de lecture estim\u00e9e\" \/>\n\t<meta name=\"twitter:data1\" content=\"2 minutes\" \/>\n<script type=\"application\/ld+json\" class=\"yoast-schema-graph\">{\"@context\":\"https:\/\/schema.org\",\"@graph\":[{\"@type\":\"WebPage\",\"@id\":\"https:\/\/majolietruffe.fr\/index.php\/produit\/boite-en-bois-portrait-animal\/\",\"url\":\"https:\/\/majolietruffe.fr\/index.php\/produit\/boite-en-bois-portrait-animal\/\",\"name\":\"Bo\u00eete en bois portrait animal - Ma Jolie Truffe\",\"isPartOf\":{\"@id\":\"https:\/\/majolietruffe.fr\/#website\"},\"primaryImageOfPage\":{\"@id\":\"https:\/\/majolietruffe.fr\/index.php\/produit\/boite-en-bois-portrait-animal\/#primaryimage\"},\"image\":{\"@id\":\"https:\/\/majolietruffe.fr\/index.php\/produit\/boite-en-bois-portrait-animal\/#primaryimage\"},\"thumbnailUrl\":\"https:\/\/majolietruffe.fr\/wp-content\/uploads\/2022\/11\/boite_rouky-scaled.jpg\",\"datePublished\":\"2022-11-07T11:28:58+00:00\",\"dateModified\":\"2024-02-18T18:48:42+00:00\",\"description\":\"La bo\u00eete en bois avec le portrait de votre animal est id\u00e9ale pour y ranger les petites affaires tels que des jouets ou affaires de soin.\",\"breadcrumb\":{\"@id\":\"https:\/\/majolietruffe.fr\/index.php\/produit\/boite-en-bois-portrait-animal\/#breadcrumb\"},\"inLanguage\":\"fr-FR\",\"potentialAction\":[{\"@type\":\"ReadAction\",\"target\":[\"https:\/\/majolietruffe.fr\/index.php\/produit\/boite-en-bois-portrait-animal\/\"]}]},{\"@type\":\"ImageObject\",\"inLanguage\":\"fr-FR\",\"@id\":\"https:\/\/majolietruffe.fr\/index.php\/produit\/boite-en-bois-portrait-animal\/#primaryimage\",\"url\":\"https:\/\/majolietruffe.fr\/wp-content\/uploads\/2022\/11\/boite_rouky-scaled.jpg\",\"contentUrl\":\"https:\/\/majolietruffe.fr\/wp-content\/uploads\/2022\/11\/boite_rouky-scaled.jpg\",\"width\":2560,\"height\":2560,\"caption\":\"boite bois portrait animal\"},{\"@type\":\"BreadcrumbList\",\"@id\":\"https:\/\/majolietruffe.fr\/index.php\/produit\/boite-en-bois-portrait-animal\/#breadcrumb\",\"itemListElement\":[{\"@type\":\"ListItem\",\"position\":1,\"name\":\"Accueil\",\"item\":\"https:\/\/majolietruffe.fr\/\"},{\"@type\":\"ListItem\",\"position\":2,\"name\":\"Boutique\",\"item\":\"https:\/\/majolietruffe.fr\/index.php\/boutique-dillustrations-et-objets-personnalises\/\"},{\"@type\":\"ListItem\",\"position\":3,\"name\":\"Bo\u00eete en bois personnalis\u00e9e\"}]},{\"@type\":\"WebSite\",\"@id\":\"https:\/\/majolietruffe.fr\/#website\",\"url\":\"https:\/\/majolietruffe.fr\/\",\"name\":\"Ma Jolie Truffe\",\"description\":\"Portraits &amp; objets personnalis\u00e9s\",\"publisher\":{\"@id\":\"https:\/\/majolietruffe.fr\/#organization\"},\"potentialAction\":[{\"@type\":\"SearchAction\",\"target\":{\"@type\":\"EntryPoint\",\"urlTemplate\":\"https:\/\/majolietruffe.fr\/?s={search_term_string}\"},\"query-input\":{\"@type\":\"PropertyValueSpecification\",\"valueRequired\":true,\"valueName\":\"search_term_string\"}}],\"inLanguage\":\"fr-FR\"},{\"@type\":\"Organization\",\"@id\":\"https:\/\/majolietruffe.fr\/#organization\",\"name\":\"Ma Jolie Truffe\",\"url\":\"https:\/\/majolietruffe.fr\/\",\"logo\":{\"@type\":\"ImageObject\",\"inLanguage\":\"fr-FR\",\"@id\":\"https:\/\/majolietruffe.fr\/#\/schema\/logo\/image\/\",\"url\":\"https:\/\/majolietruffe.fr\/wp-content\/uploads\/2022\/01\/cropped-logo-04.png\",\"contentUrl\":\"https:\/\/majolietruffe.fr\/wp-content\/uploads\/2022\/01\/cropped-logo-04.png\",\"width\":620,\"height\":620,\"caption\":\"Ma Jolie Truffe\"},\"image\":{\"@id\":\"https:\/\/majolietruffe.fr\/#\/schema\/logo\/image\/\"}}]}<\/script>\n<!-- \/ Yoast SEO plugin. -->","yoast_head_json":{"title":"Bo\u00eete en bois portrait animal - Ma Jolie Truffe","description":"La bo\u00eete en bois avec le portrait de votre animal est id\u00e9ale pour y ranger les petites affaires tels que des jouets ou affaires de soin.","robots":{"index":"index","follow":"follow","max-snippet":"max-snippet:-1","max-image-preview":"max-image-preview:large","max-video-preview":"max-video-preview:-1"},"canonical":"https:\/\/majolietruffe.fr\/index.php\/produit\/boite-en-bois-portrait-animal\/","og_locale":"fr_FR","og_type":"article","og_title":"Bo\u00eete en bois portrait animal - Ma Jolie Truffe","og_description":"La bo\u00eete en bois avec le portrait de votre animal est id\u00e9ale pour y ranger les petites affaires tels que des jouets ou affaires de soin.","og_url":"https:\/\/majolietruffe.fr\/index.php\/produit\/boite-en-bois-portrait-animal\/","og_site_name":"Ma Jolie Truffe","article_modified_time":"2024-02-18T18:48:42+00:00","og_image":[{"width":2560,"height":2560,"url":"https:\/\/majolietruffe.fr\/wp-content\/uploads\/2022\/11\/boite_rouky-scaled.jpg","type":"image\/jpeg"}],"twitter_card":"summary_large_image","twitter_misc":{"Dur\u00e9e de lecture estim\u00e9e":"2 minutes"},"schema":{"@context":"https:\/\/schema.org","@graph":[{"@type":"WebPage","@id":"https:\/\/majolietruffe.fr\/index.php\/produit\/boite-en-bois-portrait-animal\/","url":"https:\/\/majolietruffe.fr\/index.php\/produit\/boite-en-bois-portrait-animal\/","name":"Bo\u00eete en bois portrait animal - Ma Jolie Truffe","isPartOf":{"@id":"https:\/\/majolietruffe.fr\/#website"},"primaryImageOfPage":{"@id":"https:\/\/majolietruffe.fr\/index.php\/produit\/boite-en-bois-portrait-animal\/#primaryimage"},"image":{"@id":"https:\/\/majolietruffe.fr\/index.php\/produit\/boite-en-bois-portrait-animal\/#primaryimage"},"thumbnailUrl":"https:\/\/majolietruffe.fr\/wp-content\/uploads\/2022\/11\/boite_rouky-scaled.jpg","datePublished":"2022-11-07T11:28:58+00:00","dateModified":"2024-02-18T18:48:42+00:00","description":"La bo\u00eete en bois avec le portrait de votre animal est id\u00e9ale pour y ranger les petites affaires tels que des jouets ou affaires de soin.","breadcrumb":{"@id":"https:\/\/majolietruffe.fr\/index.php\/produit\/boite-en-bois-portrait-animal\/#breadcrumb"},"inLanguage":"fr-FR","potentialAction":[{"@type":"ReadAction","target":["https:\/\/majolietruffe.fr\/index.php\/produit\/boite-en-bois-portrait-animal\/"]}]},{"@type":"ImageObject","inLanguage":"fr-FR","@id":"https:\/\/majolietruffe.fr\/index.php\/produit\/boite-en-bois-portrait-animal\/#primaryimage","url":"https:\/\/majolietruffe.fr\/wp-content\/uploads\/2022\/11\/boite_rouky-scaled.jpg","contentUrl":"https:\/\/majolietruffe.fr\/wp-content\/uploads\/2022\/11\/boite_rouky-scaled.jpg","width":2560,"height":2560,"caption":"boite bois portrait animal"},{"@type":"BreadcrumbList","@id":"https:\/\/majolietruffe.fr\/index.php\/produit\/boite-en-bois-portrait-animal\/#breadcrumb","itemListElement":[{"@type":"ListItem","position":1,"name":"Accueil","item":"https:\/\/majolietruffe.fr\/"},{"@type":"ListItem","position":2,"name":"Boutique","item":"https:\/\/majolietruffe.fr\/index.php\/boutique-dillustrations-et-objets-personnalises\/"},{"@type":"ListItem","position":3,"name":"Bo\u00eete en bois personnalis\u00e9e"}]},{"@type":"WebSite","@id":"https:\/\/majolietruffe.fr\/#website","url":"https:\/\/majolietruffe.fr\/","name":"Ma Jolie Truffe","description":"Portraits &amp; objets personnalis\u00e9s","publisher":{"@id":"https:\/\/majolietruffe.fr\/#organization"},"potentialAction":[{"@type":"SearchAction","target":{"@type":"EntryPoint","urlTemplate":"https:\/\/majolietruffe.fr\/?s={search_term_string}"},"query-input":{"@type":"PropertyValueSpecification","valueRequired":true,"valueName":"search_term_string"}}],"inLanguage":"fr-FR"},{"@type":"Organization","@id":"https:\/\/majolietruffe.fr\/#organization","name":"Ma Jolie Truffe","url":"https:\/\/majolietruffe.fr\/","logo":{"@type":"ImageObject","inLanguage":"fr-FR","@id":"https:\/\/majolietruffe.fr\/#\/schema\/logo\/image\/","url":"https:\/\/majolietruffe.fr\/wp-content\/uploads\/2022\/01\/cropped-logo-04.png","contentUrl":"https:\/\/majolietruffe.fr\/wp-content\/uploads\/2022\/01\/cropped-logo-04.png","width":620,"height":620,"caption":"Ma Jolie Truffe"},"image":{"@id":"https:\/\/majolietruffe.fr\/#\/schema\/logo\/image\/"}}]}},"jetpack_sharing_enabled":true,"_links":{"self":[{"href":"https:\/\/majolietruffe.fr\/index.php\/wp-json\/wp\/v2\/product\/2290"}],"collection":[{"href":"https:\/\/majolietruffe.fr\/index.php\/wp-json\/wp\/v2\/product"}],"about":[{"href":"https:\/\/majolietruffe.fr\/index.php\/wp-json\/wp\/v2\/types\/product"}],"replies":[{"embeddable":true,"href":"https:\/\/majolietruffe.fr\/index.php\/wp-json\/wp\/v2\/comments?post=2290"}],"wp:featuredmedia":[{"embeddable":true,"href":"https:\/\/majolietruffe.fr\/index.php\/wp-json\/wp\/v2\/media\/2297"}],"wp:attachment":[{"href":"https:\/\/majolietruffe.fr\/index.php\/wp-json\/wp\/v2\/media?parent=2290"}],"wp:term":[{"taxonomy":"product_cat","embeddable":true,"href":"https:\/\/majolietruffe.fr\/index.php\/wp-json\/wp\/v2\/product_cat?post=2290"},{"taxonomy":"product_tag","embeddable":true,"href":"https:\/\/majolietruffe.fr\/index.php\/wp-json\/wp\/v2\/product_tag?post=2290"}],"curies":[{"name":"wp","href":"https:\/\/api.w.org\/{rel}","templated":true}]}}