{"id":2646,"date":"2022-12-31T11:21:04","date_gmt":"2022-12-31T10:21:04","guid":{"rendered":"https:\/\/majolietruffe.fr\/?post_type=product&#038;p=2646"},"modified":"2025-03-25T21:19:49","modified_gmt":"2025-03-25T20:19:49","slug":"affiche-portrait-tete-personnalise","status":"publish","type":"product","link":"https:\/\/majolietruffe.fr\/index.php\/produit\/affiche-portrait-tete-personnalise\/","title":{"rendered":"Affiche portrait t\u00eate personnalis\u00e9"},"content":{"rendered":"<p>Envie d&rsquo;afficher fi\u00e8rement <strong>votre animal<\/strong> dans votre int\u00e9rieur ou d&rsquo;offrir un <strong>cadeau original et unique ?<\/strong> L&rsquo;affiche portrait personnalis\u00e9 est faite pour vous ! Pour une affiche avec un portrait corps entier, merci de choisir <a href=\"https:\/\/majolietruffe.fr\/index.php\/produit\/affiche-portrait-corps-personnalise\/\"><strong>l&rsquo;affiche portrait corps personnalis\u00e9.<\/strong><\/a><\/p>\n<h4>Fichiers portrait inclus<\/h4>\n<p>Il est possible d\u2019avoir jusqu\u2019\u00e0 <strong>5 animaux diff\u00e9rents<\/strong> sur l&rsquo;affiche portrait t\u00eate personnalis\u00e9 (pour plus d&rsquo;animaux, merci de me contacter)<strong>. <\/strong>En cas de couleur sp\u00e9cifique pour le fond, n\u2019h\u00e9sitez pas \u00e0 me l\u2019indiquer dans la case commentaires ou \u00e0 me joindre une image de la couleur d\u00e9sir\u00e9e.&nbsp;<\/p>\n<p>Je r\u00e9alise le portrait dans un d\u00e9lai de <strong>7 jours ouvr\u00e9s.<\/strong> Une version vous sera transmise <strong>par mail pour validation. <\/strong>Les \u00e9ventuelles modifications&nbsp;<strong>sont comprises<\/strong>&nbsp;dans le prix du portrait.<\/p>\n<p>Les animaux peuvent tout \u00e0 fait \u00eatre sur des <strong>photos s\u00e9par\u00e9es.<\/strong> Attention \u00e0 choisir des photos de&nbsp;<strong>bonne qualit\u00e9<\/strong>&nbsp;et avec un&nbsp;<strong>\u00e9clairage suffisant.<\/strong><\/p>\n<p>Les fichiers du portrait sont&nbsp;<strong>envoy\u00e9s par mail<\/strong>&nbsp;sous plusieurs formats (A4, fonds d\u2019\u00e9cran, etc). Si vous souhaitez commander plusieurs objets avec le m\u00eame portrait, il n\u2019est pas n\u00e9cessaire d\u2019ajouter \u00e0 chaque fois la cr\u00e9ation du portrait. Je stocke tous les portraits, ainsi vous pourrez toujours commander ult\u00e9rieurement un autre support.<\/p>\n<h4>Une impression de qualit\u00e9<\/h4>\n<p>L&rsquo;affiche portrait personnalis\u00e9 est imprim\u00e9e sur un <strong>papier \u00e9pais<\/strong> de minimum 200g et de haute qualit\u00e9. Il s&rsquo;agit d&rsquo;une <strong>impression num\u00e9rique<\/strong> de haute qualit\u00e9 r\u00e9alis\u00e9e par mon imprimeur partenaire. Plusieurs dimensions d&rsquo;affiches sont disponibles : 21&#215;30 cm ou 30&#215;40 cm ou bien en carte de 10&#215;15 cm.<\/p>\n<h4>Cadre au choix<\/h4>\n<p>Je propose l&rsquo;ajout de <strong>cadre en option :<\/strong> blanc, noir ou en effet bois clair. Id\u00e9al pour un <strong>cadeau pr\u00eat \u00e0 offrir.<\/strong> Les couleurs propos\u00e9es s&rsquo;accorderont avec toutes les d\u00e9corations d&rsquo;int\u00e9rieures. Pour \u00e9viter les risques de casse, les cadres ainsi que les vitres sont en plastique.<\/p>\n<h4>Un cadeau d&rsquo;exception<\/h4>\n<p>L&rsquo;affiche portrait repr\u00e9sente le <strong>cadeau parfait<\/strong> pour toutes les occasions : anniversaire, f\u00eate, mariage ou pour une occasion particuli\u00e8re. \u00c0 la fois <strong>original et unique,<\/strong> c&rsquo;est un cadeau \u00e0 <strong>forte valeur sentimentale<\/strong> qui saura \u00e9mouvoir son destinataire. Il convient aussi bien pour un homme ou une femme, de toute \u00e2ge. Il met en valeur votre animal de compagnie sous la forme d&rsquo;une <strong>oeuvre d&rsquo;art<\/strong> ou bien <strong>immortaliser<\/strong> un \u00e9v\u00e9nement important. Les chiens et les chats ayant une place de plus en plus importante dans notre foyer, ce cadeau fera le <strong>bonheur<\/strong> de tous les <strong>propri\u00e9taires d&rsquo;animaux.<\/strong><\/p>\n<h4>Demande particuli\u00e8re<\/h4>\n<p>Pour un portrait avec plus de 5 animaux, un autre format d&rsquo;impression ou pour une demande personnalis\u00e9e, merci de me contacter par mail : <a href=\"mailto:contact@majolietruffe.fr\"><strong>contact@majolietruffe.fr<\/strong><\/a> ou par message instagram.<\/p>\n<h4>Livraison<\/h4>\n<p>Je propose la livraison par La Poste ou <a href=\"https:\/\/www.mondialrelay.fr\/\">Mondial Relay.<\/a> Le d\u00e9lai de livraison est <strong>d&rsquo;environ deux semaines<\/strong>.<\/p>\n<h4>Suggestions<\/h4>\n<p>Vous pr\u00e9f\u00e9rez offrir un objet personnalis\u00e9 ? Retrouvez entre autre le <a href=\"https:\/\/majolietruffe.fr\/index.php\/produit\/mug-blanc\/\"><strong>mug personnalis\u00e9, <\/strong><\/a>le <a href=\"https:\/\/majolietruffe.fr\/index.php\/produit\/totebag-premium-a-personnaliser\/\"><strong>totebag personnalis\u00e9 <\/strong><\/a>ou le<a href=\"https:\/\/majolietruffe.fr\/index.php\/produit\/t-shirt-adulte-mixte-h-f-personnalise\/\"><strong> t-shirt mixte personnalis\u00e9.<\/strong><\/a><\/p>\n<p>Certaines images ne sont pas contractuelles.<\/p>\n","protected":false},"excerpt":{"rendered":"<ul>\n<li>Chien, chat, lapins (corps entier), chevaux&#8230;<\/li>\n<li><strong>Version t\u00eate<\/strong> au choix : normale ou avec cercle et nom<\/li>\n<li>Format <strong>digital<\/strong> ou version <strong>imprim\u00e9e<\/strong><\/li>\n<li>Impression au choix : carte 10x15cm ou affiches (21&#215;29,7cm ou 30x40cm)<\/li>\n<li>Papier de 300g pour la carte et 200g pour les affiches<\/li>\n<li>Cadre en option<\/li>\n<li>Autre format sur demande<\/li>\n<\/ul>\n<p>&nbsp;<\/p>\n","protected":false},"featured_media":2660,"comment_status":"open","ping_status":"closed","template":"","meta":{"site-sidebar-layout":"no-sidebar","site-content-layout":"boxed-container","ast-site-content-layout":"default","site-content-style":"default","site-sidebar-style":"default","ast-global-header-display":"","ast-banner-title-visibility":"","ast-main-header-display":"","ast-hfb-above-header-display":"","ast-hfb-below-header-display":"","ast-hfb-mobile-header-display":"","site-post-title":"","ast-breadcrumbs-content":"","ast-featured-img":"","footer-sml-layout":"","ast-disable-related-posts":"","theme-transparent-header-meta":"default","adv-header-id-meta":"","stick-header-meta":"","header-above-stick-meta":"","header-main-stick-meta":"","header-below-stick-meta":"","astra-migrate-meta-layouts":"default","ast-page-background-enabled":"default","ast-page-background-meta":{"desktop":{"background-color":"var(--ast-global-color-4)","background-image":"","background-repeat":"repeat","background-position":"center center","background-size":"auto","background-attachment":"scroll","background-type":"","background-media":"","overlay-type":"","overlay-color":"","overlay-opacity":"","overlay-gradient":""},"tablet":{"background-color":"","background-image":"","background-repeat":"repeat","background-position":"center center","background-size":"auto","background-attachment":"scroll","background-type":"","background-media":"","overlay-type":"","overlay-color":"","overlay-opacity":"","overlay-gradient":""},"mobile":{"background-color":"","background-image":"","background-repeat":"repeat","background-position":"center center","background-size":"auto","background-attachment":"scroll","background-type":"","background-media":"","overlay-type":"","overlay-color":"","overlay-opacity":"","overlay-gradient":""}},"ast-content-background-meta":{"desktop":{"background-color":"var(--ast-global-color-5)","background-image":"","background-repeat":"repeat","background-position":"center center","background-size":"auto","background-attachment":"scroll","background-type":"","background-media":"","overlay-type":"","overlay-color":"","overlay-opacity":"","overlay-gradient":""},"tablet":{"background-color":"var(--ast-global-color-5)","background-image":"","background-repeat":"repeat","background-position":"center center","background-size":"auto","background-attachment":"scroll","background-type":"","background-media":"","overlay-type":"","overlay-color":"","overlay-opacity":"","overlay-gradient":""},"mobile":{"background-color":"var(--ast-global-color-5)","background-image":"","background-repeat":"repeat","background-position":"center center","background-size":"auto","background-attachment":"scroll","background-type":"","background-media":"","overlay-type":"","overlay-color":"","overlay-opacity":"","overlay-gradient":""}},"ngg_post_thumbnail":0},"product_cat":[25],"product_tag":[],"yoast_head":"<!-- This site is optimized with the Yoast SEO plugin v24.4 - https:\/\/yoast.com\/wordpress\/plugins\/seo\/ -->\n<title>Affiche portrait t\u00eate personnalis\u00e9 - Ma Jolie Truffe<\/title>\n<meta name=\"description\" content=\"Envie d&#039;afficher fi\u00e8rement votre animal dans votre int\u00e9rieur ou d&#039;offrir un cadeau original ? L&#039;affiche portrait t\u00eate personnalis\u00e9 est faite pour vous !\" \/>\n<meta name=\"robots\" content=\"index, follow, max-snippet:-1, max-image-preview:large, max-video-preview:-1\" \/>\n<link rel=\"canonical\" href=\"https:\/\/majolietruffe.fr\/index.php\/produit\/affiche-portrait-tete-personnalise\/\" \/>\n<meta property=\"og:locale\" content=\"fr_FR\" \/>\n<meta property=\"og:type\" content=\"article\" \/>\n<meta property=\"og:title\" content=\"Affiche portrait t\u00eate personnalis\u00e9 - Ma Jolie Truffe\" \/>\n<meta property=\"og:description\" content=\"Envie d&#039;afficher fi\u00e8rement votre animal dans votre int\u00e9rieur ou d&#039;offrir un cadeau original ? L&#039;affiche portrait t\u00eate personnalis\u00e9 est faite pour vous !\" \/>\n<meta property=\"og:url\" content=\"https:\/\/majolietruffe.fr\/index.php\/produit\/affiche-portrait-tete-personnalise\/\" \/>\n<meta property=\"og:site_name\" content=\"Ma Jolie Truffe\" \/>\n<meta property=\"article:modified_time\" content=\"2025-03-25T20:19:49+00:00\" \/>\n<meta property=\"og:image\" content=\"https:\/\/majolietruffe.fr\/wp-content\/uploads\/2022\/12\/mockup_affiche_luna-1-scaled.jpg\" \/>\n\t<meta property=\"og:image:width\" content=\"2560\" \/>\n\t<meta property=\"og:image:height\" content=\"2560\" \/>\n\t<meta property=\"og:image:type\" content=\"image\/jpeg\" \/>\n<meta name=\"twitter:card\" content=\"summary_large_image\" \/>\n<meta name=\"twitter:label1\" content=\"Dur\u00e9e de lecture estim\u00e9e\" \/>\n\t<meta name=\"twitter:data1\" content=\"3 minutes\" \/>\n<script type=\"application\/ld+json\" class=\"yoast-schema-graph\">{\"@context\":\"https:\/\/schema.org\",\"@graph\":[{\"@type\":\"WebPage\",\"@id\":\"https:\/\/majolietruffe.fr\/index.php\/produit\/affiche-portrait-tete-personnalise\/\",\"url\":\"https:\/\/majolietruffe.fr\/index.php\/produit\/affiche-portrait-tete-personnalise\/\",\"name\":\"Affiche portrait t\u00eate personnalis\u00e9 - Ma Jolie Truffe\",\"isPartOf\":{\"@id\":\"https:\/\/majolietruffe.fr\/#website\"},\"primaryImageOfPage\":{\"@id\":\"https:\/\/majolietruffe.fr\/index.php\/produit\/affiche-portrait-tete-personnalise\/#primaryimage\"},\"image\":{\"@id\":\"https:\/\/majolietruffe.fr\/index.php\/produit\/affiche-portrait-tete-personnalise\/#primaryimage\"},\"thumbnailUrl\":\"https:\/\/majolietruffe.fr\/wp-content\/uploads\/2022\/12\/mockup_affiche_luna-1-scaled.jpg\",\"datePublished\":\"2022-12-31T10:21:04+00:00\",\"dateModified\":\"2025-03-25T20:19:49+00:00\",\"description\":\"Envie d'afficher fi\u00e8rement votre animal dans votre int\u00e9rieur ou d'offrir un cadeau original ? L'affiche portrait t\u00eate personnalis\u00e9 est faite pour vous !\",\"breadcrumb\":{\"@id\":\"https:\/\/majolietruffe.fr\/index.php\/produit\/affiche-portrait-tete-personnalise\/#breadcrumb\"},\"inLanguage\":\"fr-FR\",\"potentialAction\":[{\"@type\":\"ReadAction\",\"target\":[\"https:\/\/majolietruffe.fr\/index.php\/produit\/affiche-portrait-tete-personnalise\/\"]}]},{\"@type\":\"ImageObject\",\"inLanguage\":\"fr-FR\",\"@id\":\"https:\/\/majolietruffe.fr\/index.php\/produit\/affiche-portrait-tete-personnalise\/#primaryimage\",\"url\":\"https:\/\/majolietruffe.fr\/wp-content\/uploads\/2022\/12\/mockup_affiche_luna-1-scaled.jpg\",\"contentUrl\":\"https:\/\/majolietruffe.fr\/wp-content\/uploads\/2022\/12\/mockup_affiche_luna-1-scaled.jpg\",\"width\":2560,\"height\":2560,\"caption\":\"affiche portrait t\u00eate personnalis\u00e9\"},{\"@type\":\"BreadcrumbList\",\"@id\":\"https:\/\/majolietruffe.fr\/index.php\/produit\/affiche-portrait-tete-personnalise\/#breadcrumb\",\"itemListElement\":[{\"@type\":\"ListItem\",\"position\":1,\"name\":\"Accueil\",\"item\":\"https:\/\/majolietruffe.fr\/\"},{\"@type\":\"ListItem\",\"position\":2,\"name\":\"Boutique\",\"item\":\"https:\/\/majolietruffe.fr\/index.php\/boutique-dillustrations-et-objets-personnalises\/\"},{\"@type\":\"ListItem\",\"position\":3,\"name\":\"Affiche portrait t\u00eate personnalis\u00e9\"}]},{\"@type\":\"WebSite\",\"@id\":\"https:\/\/majolietruffe.fr\/#website\",\"url\":\"https:\/\/majolietruffe.fr\/\",\"name\":\"Ma Jolie Truffe\",\"description\":\"Portraits &amp; objets personnalis\u00e9s\",\"publisher\":{\"@id\":\"https:\/\/majolietruffe.fr\/#organization\"},\"potentialAction\":[{\"@type\":\"SearchAction\",\"target\":{\"@type\":\"EntryPoint\",\"urlTemplate\":\"https:\/\/majolietruffe.fr\/?s={search_term_string}\"},\"query-input\":{\"@type\":\"PropertyValueSpecification\",\"valueRequired\":true,\"valueName\":\"search_term_string\"}}],\"inLanguage\":\"fr-FR\"},{\"@type\":\"Organization\",\"@id\":\"https:\/\/majolietruffe.fr\/#organization\",\"name\":\"Ma Jolie Truffe\",\"url\":\"https:\/\/majolietruffe.fr\/\",\"logo\":{\"@type\":\"ImageObject\",\"inLanguage\":\"fr-FR\",\"@id\":\"https:\/\/majolietruffe.fr\/#\/schema\/logo\/image\/\",\"url\":\"https:\/\/majolietruffe.fr\/wp-content\/uploads\/2022\/01\/cropped-logo-04.png\",\"contentUrl\":\"https:\/\/majolietruffe.fr\/wp-content\/uploads\/2022\/01\/cropped-logo-04.png\",\"width\":620,\"height\":620,\"caption\":\"Ma Jolie Truffe\"},\"image\":{\"@id\":\"https:\/\/majolietruffe.fr\/#\/schema\/logo\/image\/\"}}]}<\/script>\n<!-- \/ Yoast SEO plugin. -->","yoast_head_json":{"title":"Affiche portrait t\u00eate personnalis\u00e9 - Ma Jolie Truffe","description":"Envie d'afficher fi\u00e8rement votre animal dans votre int\u00e9rieur ou d'offrir un cadeau original ? L'affiche portrait t\u00eate personnalis\u00e9 est faite pour vous !","robots":{"index":"index","follow":"follow","max-snippet":"max-snippet:-1","max-image-preview":"max-image-preview:large","max-video-preview":"max-video-preview:-1"},"canonical":"https:\/\/majolietruffe.fr\/index.php\/produit\/affiche-portrait-tete-personnalise\/","og_locale":"fr_FR","og_type":"article","og_title":"Affiche portrait t\u00eate personnalis\u00e9 - Ma Jolie Truffe","og_description":"Envie d'afficher fi\u00e8rement votre animal dans votre int\u00e9rieur ou d'offrir un cadeau original ? L'affiche portrait t\u00eate personnalis\u00e9 est faite pour vous !","og_url":"https:\/\/majolietruffe.fr\/index.php\/produit\/affiche-portrait-tete-personnalise\/","og_site_name":"Ma Jolie Truffe","article_modified_time":"2025-03-25T20:19:49+00:00","og_image":[{"width":2560,"height":2560,"url":"https:\/\/majolietruffe.fr\/wp-content\/uploads\/2022\/12\/mockup_affiche_luna-1-scaled.jpg","type":"image\/jpeg"}],"twitter_card":"summary_large_image","twitter_misc":{"Dur\u00e9e de lecture estim\u00e9e":"3 minutes"},"schema":{"@context":"https:\/\/schema.org","@graph":[{"@type":"WebPage","@id":"https:\/\/majolietruffe.fr\/index.php\/produit\/affiche-portrait-tete-personnalise\/","url":"https:\/\/majolietruffe.fr\/index.php\/produit\/affiche-portrait-tete-personnalise\/","name":"Affiche portrait t\u00eate personnalis\u00e9 - Ma Jolie Truffe","isPartOf":{"@id":"https:\/\/majolietruffe.fr\/#website"},"primaryImageOfPage":{"@id":"https:\/\/majolietruffe.fr\/index.php\/produit\/affiche-portrait-tete-personnalise\/#primaryimage"},"image":{"@id":"https:\/\/majolietruffe.fr\/index.php\/produit\/affiche-portrait-tete-personnalise\/#primaryimage"},"thumbnailUrl":"https:\/\/majolietruffe.fr\/wp-content\/uploads\/2022\/12\/mockup_affiche_luna-1-scaled.jpg","datePublished":"2022-12-31T10:21:04+00:00","dateModified":"2025-03-25T20:19:49+00:00","description":"Envie d'afficher fi\u00e8rement votre animal dans votre int\u00e9rieur ou d'offrir un cadeau original ? L'affiche portrait t\u00eate personnalis\u00e9 est faite pour vous !","breadcrumb":{"@id":"https:\/\/majolietruffe.fr\/index.php\/produit\/affiche-portrait-tete-personnalise\/#breadcrumb"},"inLanguage":"fr-FR","potentialAction":[{"@type":"ReadAction","target":["https:\/\/majolietruffe.fr\/index.php\/produit\/affiche-portrait-tete-personnalise\/"]}]},{"@type":"ImageObject","inLanguage":"fr-FR","@id":"https:\/\/majolietruffe.fr\/index.php\/produit\/affiche-portrait-tete-personnalise\/#primaryimage","url":"https:\/\/majolietruffe.fr\/wp-content\/uploads\/2022\/12\/mockup_affiche_luna-1-scaled.jpg","contentUrl":"https:\/\/majolietruffe.fr\/wp-content\/uploads\/2022\/12\/mockup_affiche_luna-1-scaled.jpg","width":2560,"height":2560,"caption":"affiche portrait t\u00eate personnalis\u00e9"},{"@type":"BreadcrumbList","@id":"https:\/\/majolietruffe.fr\/index.php\/produit\/affiche-portrait-tete-personnalise\/#breadcrumb","itemListElement":[{"@type":"ListItem","position":1,"name":"Accueil","item":"https:\/\/majolietruffe.fr\/"},{"@type":"ListItem","position":2,"name":"Boutique","item":"https:\/\/majolietruffe.fr\/index.php\/boutique-dillustrations-et-objets-personnalises\/"},{"@type":"ListItem","position":3,"name":"Affiche portrait t\u00eate personnalis\u00e9"}]},{"@type":"WebSite","@id":"https:\/\/majolietruffe.fr\/#website","url":"https:\/\/majolietruffe.fr\/","name":"Ma Jolie Truffe","description":"Portraits &amp; objets personnalis\u00e9s","publisher":{"@id":"https:\/\/majolietruffe.fr\/#organization"},"potentialAction":[{"@type":"SearchAction","target":{"@type":"EntryPoint","urlTemplate":"https:\/\/majolietruffe.fr\/?s={search_term_string}"},"query-input":{"@type":"PropertyValueSpecification","valueRequired":true,"valueName":"search_term_string"}}],"inLanguage":"fr-FR"},{"@type":"Organization","@id":"https:\/\/majolietruffe.fr\/#organization","name":"Ma Jolie Truffe","url":"https:\/\/majolietruffe.fr\/","logo":{"@type":"ImageObject","inLanguage":"fr-FR","@id":"https:\/\/majolietruffe.fr\/#\/schema\/logo\/image\/","url":"https:\/\/majolietruffe.fr\/wp-content\/uploads\/2022\/01\/cropped-logo-04.png","contentUrl":"https:\/\/majolietruffe.fr\/wp-content\/uploads\/2022\/01\/cropped-logo-04.png","width":620,"height":620,"caption":"Ma Jolie Truffe"},"image":{"@id":"https:\/\/majolietruffe.fr\/#\/schema\/logo\/image\/"}}]}},"jetpack_sharing_enabled":true,"_links":{"self":[{"href":"https:\/\/majolietruffe.fr\/index.php\/wp-json\/wp\/v2\/product\/2646"}],"collection":[{"href":"https:\/\/majolietruffe.fr\/index.php\/wp-json\/wp\/v2\/product"}],"about":[{"href":"https:\/\/majolietruffe.fr\/index.php\/wp-json\/wp\/v2\/types\/product"}],"replies":[{"embeddable":true,"href":"https:\/\/majolietruffe.fr\/index.php\/wp-json\/wp\/v2\/comments?post=2646"}],"wp:featuredmedia":[{"embeddable":true,"href":"https:\/\/majolietruffe.fr\/index.php\/wp-json\/wp\/v2\/media\/2660"}],"wp:attachment":[{"href":"https:\/\/majolietruffe.fr\/index.php\/wp-json\/wp\/v2\/media?parent=2646"}],"wp:term":[{"taxonomy":"product_cat","embeddable":true,"href":"https:\/\/majolietruffe.fr\/index.php\/wp-json\/wp\/v2\/product_cat?post=2646"},{"taxonomy":"product_tag","embeddable":true,"href":"https:\/\/majolietruffe.fr\/index.php\/wp-json\/wp\/v2\/product_tag?post=2646"}],"curies":[{"name":"wp","href":"https:\/\/api.w.org\/{rel}","templated":true}]}}